{"id":365,"date":"2023-12-04T17:36:14","date_gmt":"2023-12-04T16:36:14","guid":{"rendered":"https:\/\/www.saesgetters.com\/chemicals\/elettronica-di-consumo\/"},"modified":"2024-05-20T12:24:02","modified_gmt":"2024-05-20T10:24:02","slug":"elettronica-di-consumo","status":"publish","type":"page","link":"https:\/\/www.saesgetters.com\/chemicals\/it\/elettronica-di-consumo\/","title":{"rendered":"Consumer Electronics"},"content":{"rendered":"\n      <div class=\"overlay-container project\">\n        \n          <img decoding=\"async\" src=\"https:\/\/www.saesgetters.com\/chemicals\/wp-content\/uploads\/sites\/4\/2023\/12\/ADV_packaging_BubbleQube_2.jpg\" srcset=\"https:\/\/www.saesgetters.com\/chemicals\/wp-content\/uploads\/sites\/4\/2023\/12\/ADV_packaging_BubbleQube_2.jpg 3840w, https:\/\/www.saesgetters.com\/chemicals\/wp-content\/uploads\/sites\/4\/2023\/12\/ADV_packaging_BubbleQube_2-300x169.jpg 300w, https:\/\/www.saesgetters.com\/chemicals\/wp-content\/uploads\/sites\/4\/2023\/12\/ADV_packaging_BubbleQube_2-1024x576.jpg 1024w, https:\/\/www.saesgetters.com\/chemicals\/wp-content\/uploads\/sites\/4\/2023\/12\/ADV_packaging_BubbleQube_2-768x432.jpg 768w, https:\/\/www.saesgetters.com\/chemicals\/wp-content\/uploads\/sites\/4\/2023\/12\/ADV_packaging_BubbleQube_2-1536x864.jpg 1536w, https:\/\/www.saesgetters.com\/chemicals\/wp-content\/uploads\/sites\/4\/2023\/12\/ADV_packaging_BubbleQube_2-2048x1152.jpg 2048w, https:\/\/www.saesgetters.com\/chemicals\/wp-content\/uploads\/sites\/4\/2023\/12\/ADV_packaging_BubbleQube_2-1920x1080.jpg 1920w, https:\/\/www.saesgetters.com\/chemicals\/wp-content\/uploads\/sites\/4\/2023\/12\/ADV_packaging_BubbleQube_2-618x348.jpg 618w, https:\/\/www.saesgetters.com\/chemicals\/wp-content\/uploads\/sites\/4\/2023\/12\/ADV_packaging_BubbleQube_2-880x495.jpg 880w\" alt=\"SAES Getters | ADV_packaging_BubbleQube_2\">          <div class=\"gradient-project\"><\/div>\n          <div class=\"text-overlay top-overlay\">\n            <div class=\"container\">\n              <div class=\"col-12\">\n                \n\t\t<div class=\"breadcrumbs production-areas\">\n\t\t<\/div>              <\/div>\n            <\/div>\n          <\/div>\n          <div class=\"text-overlay\">\n            <div class=\"container\">\n              <div class=\"col-12 text-center\">\n                <h1 class=\"h1 title\">Consumer Electronics<\/h1>              <\/div>\n            <\/div>\n          <\/div>\n          <div class=\"text-overlay bottom-overlay\">\n            <div class=\"container\">\n              <div class=\"col-12 text-center\">\n                              <\/div>\n            <\/div>\n          <\/div>\n                <\/div>\n\n\n\n<div class=\"space space-l\">\n<\/div>\n\n\n<div class=\"headline container\">\n    <div class=\"col-12\">\n    <h2 class=\"h1 title\">SAES e l\u2019evoluzione nel settore del Consumer Electronics\r\n<\/h2><div class=\"breadcrumbs d-block\">Eco-sostenibilit\u00e0 nell&#8217;Elettronica<\/div>  <\/div>\n<\/div>\n\n\n<div class=\"container\">\n      <div class=\"col-6\">\n      <div>\n        <p>Il mondo dell&#8217;elettronica di consumo \u00e8 particolarmente vasto, abbracciando dalla progettazione, alla produzione e distribuzione di vari dispositivi elettronici destinati all&#8217;uso personale e domestico. Questo settore in continua evoluzione si espande grazie ai rapidi progressi tecnologici, offrendo al mondo un&#8217;infinita gamma di prodotti innovativi. <\/p>\n<p>Al centro di questa industria troviamo prodotti come smartphone, tablet, televisori, sistemi audio, console da gioco, dispositivi wearable e elettrodomestici intelligenti.<\/p>\n      <\/div>\n    <\/div>\n        <div class=\"col-6\">\n      <div>\n        <p>In questo ambito, la concorrenza \u00e8 intensa. Le aziende sono costantemente alla ricerca di nuove funzionalit\u00e0, miglioramenti delle prestazioni dei dispositivi, perfezionamento dell&#8217;estetica del design e semplificazione delle interazioni con l\u2019utente, il tutto per soddisfare le mutevoli esigenze della base di consumatori globale. L&#8217;accento sull&#8217;eco-sostenibilit\u00e0 \u00e8 inequivocabile. Il settore sta compiendo progressi verso la riduzione dei rifiuti elettronici e con sempre maggiore attenzione al contenimento dei consumi energetici. <\/p>\n      <\/div>\n    <\/div>\n    <\/div>\n\n\n<div class=\"space space-l\">\n<\/div>\n\n\n<div class=\"space space-l greyed\">\n<\/div>\n\n\n<div class=\"container greyed\">\n      <div class=\"col-6\">\n      <div>\n        <h2 class=\"h3 title\">Il Vantaggio di ZeoSaes\u2122 nella Tecnologia Moderna <\/h2><div class=\"breadcrumbs\">Vantaggi<\/div>      <\/div>\n    <\/div>\n        <div class=\"col-6\">\n      <div>\n        <p>Da oltre un decennio, SAES Chemicals \u00e8 una figura importante nel panorama dell&#8217;elettronica di consumo, fornendo materiali e soluzioni di prim&#8217;ordine. Sfruttando l&#8217;esperienza nella sintesi dei materiali, nell&#8217;evoluzione procedurale e nelle competenze  analitiche, SAES offre caratteristiche senza pari in settori come interfacce utente, acustica e controllo termico in diverse applicazioni della consumer electronics. <\/p>\n<p>Tali caratteristiche non solo migliorano le prestazioni: promettono longevit\u00e0 e favoriscono design compatti, integrati e sostenibili. In particolare, la versatilit\u00e0 della piattaforma ZeoSaes\u2122 \u00e8 particolarmente adatta a fornire una variet\u00e0 di funzionalit\u00e0, rendendola la scelta ideale per le applicazioni nell&#8217;elettronica di consumo. <\/p>\n      <\/div>\n    <\/div>\n    <\/div>\n\n\n<div class=\"space space-l greyed\">\n<\/div>\n\n\n<div class=\"space space-m\">\n<\/div>\n\n\n  <div class=\"container align-items-center\">\r\n    <div class=\"col-12\">\r\n      \r\n      <div class=\"overlay-container two-columns-image-text\">\r\n        \r\n          <img decoding=\"async\" src=\"https:\/\/www.saesgetters.com\/chemicals\/wp-content\/uploads\/sites\/4\/2023\/12\/SAESZEO_2.jpg\" srcset=\"https:\/\/www.saesgetters.com\/chemicals\/wp-content\/uploads\/sites\/4\/2023\/12\/SAESZEO_2.jpg 3840w, https:\/\/www.saesgetters.com\/chemicals\/wp-content\/uploads\/sites\/4\/2023\/12\/SAESZEO_2-300x169.jpg 300w, https:\/\/www.saesgetters.com\/chemicals\/wp-content\/uploads\/sites\/4\/2023\/12\/SAESZEO_2-1024x576.jpg 1024w, https:\/\/www.saesgetters.com\/chemicals\/wp-content\/uploads\/sites\/4\/2023\/12\/SAESZEO_2-768x432.jpg 768w, https:\/\/www.saesgetters.com\/chemicals\/wp-content\/uploads\/sites\/4\/2023\/12\/SAESZEO_2-1536x864.jpg 1536w, https:\/\/www.saesgetters.com\/chemicals\/wp-content\/uploads\/sites\/4\/2023\/12\/SAESZEO_2-2048x1152.jpg 2048w, https:\/\/www.saesgetters.com\/chemicals\/wp-content\/uploads\/sites\/4\/2023\/12\/SAESZEO_2-1920x1080.jpg 1920w, https:\/\/www.saesgetters.com\/chemicals\/wp-content\/uploads\/sites\/4\/2023\/12\/SAESZEO_2-618x348.jpg 618w, https:\/\/www.saesgetters.com\/chemicals\/wp-content\/uploads\/sites\/4\/2023\/12\/SAESZEO_2-880x495.jpg 880w\" alt=\"SAES Getters | SAESZEO_2\">      <\/div>\r\n    <\/div>\r\n  <\/div>\r\n  \n\n<div class=\"space space-l\">\n<\/div>\n\n\n<div class=\"container\">\n      <div class=\"col-6\">\n      <div>\n        <h2 class=\"h3 title\">Sostenere le Iniziative Green con Apple <\/h2><div class=\"breadcrumbs\">Sostenibilit\u00e0<\/div>      <\/div>\n    <\/div>\n        <div class=\"col-6\">\n      <div>\n        <p>SAES, con le sue soluzioni chimiche, \u00e8 anche orgogliosa di far parte dell\u2019 Apple Supplier Clean Energy Program. <\/p>\n      <\/div>\n    <\/div>\n    <\/div>\n\n\n<div class=\"space space-l\">\n<\/div>\n","protected":false},"excerpt":{"rendered":"","protected":false},"author":2,"featured_media":0,"parent":0,"menu_order":0,"comment_status":"closed","ping_status":"closed","template":"","meta":{"inline_featured_image":false},"acf":[],"yoast_head":"<!-- This site is optimized with the Yoast SEO plugin v21.7 - https:\/\/yoast.com\/wordpress\/plugins\/seo\/ -->\n<title>Consumer Electronics | SAES Chemicals<\/title>\n<meta name=\"robots\" content=\"index, follow, max-snippet:-1, max-image-preview:large, max-video-preview:-1\" \/>\n<link rel=\"canonical\" href=\"https:\/\/www.saesgetters.com\/chemicals\/it\/elettronica-di-consumo\/\" \/>\n<meta property=\"og:locale\" content=\"it_IT\" \/>\n<meta property=\"og:type\" content=\"article\" \/>\n<meta property=\"og:title\" content=\"Consumer Electronics | SAES Chemicals\" \/>\n<meta property=\"og:url\" content=\"https:\/\/www.saesgetters.com\/chemicals\/it\/elettronica-di-consumo\/\" \/>\n<meta property=\"og:site_name\" content=\"SAES Chemicals\" \/>\n<meta property=\"article:modified_time\" content=\"2024-05-20T10:24:02+00:00\" \/>\n<meta property=\"og:image\" content=\"https:\/\/www.saesgetters.com\/chemicals\/wp-content\/uploads\/sites\/4\/2023\/12\/specialty-chemicals-og-image.jpg\" \/>\n\t<meta property=\"og:image:width\" content=\"1200\" \/>\n\t<meta property=\"og:image:height\" content=\"675\" \/>\n\t<meta property=\"og:image:type\" content=\"image\/jpeg\" \/>\n<meta name=\"twitter:card\" content=\"summary_large_image\" \/>\n<script type=\"application\/ld+json\" class=\"yoast-schema-graph\">{\"@context\":\"https:\/\/schema.org\",\"@graph\":[{\"@type\":\"WebPage\",\"@id\":\"https:\/\/www.saesgetters.com\/chemicals\/it\/elettronica-di-consumo\/\",\"url\":\"https:\/\/www.saesgetters.com\/chemicals\/it\/elettronica-di-consumo\/\",\"name\":\"Consumer Electronics | SAES Chemicals\",\"isPartOf\":{\"@id\":\"https:\/\/www.saesgetters.com\/chemicals\/it\/#website\"},\"datePublished\":\"2023-12-04T16:36:14+00:00\",\"dateModified\":\"2024-05-20T10:24:02+00:00\",\"breadcrumb\":{\"@id\":\"https:\/\/www.saesgetters.com\/chemicals\/it\/elettronica-di-consumo\/#breadcrumb\"},\"inLanguage\":\"it-IT\",\"potentialAction\":[{\"@type\":\"ReadAction\",\"target\":[\"https:\/\/www.saesgetters.com\/chemicals\/it\/elettronica-di-consumo\/\"]}]},{\"@type\":\"BreadcrumbList\",\"@id\":\"https:\/\/www.saesgetters.com\/chemicals\/it\/elettronica-di-consumo\/#breadcrumb\",\"itemListElement\":[{\"@type\":\"ListItem\",\"position\":1,\"name\":\"Home\",\"item\":\"https:\/\/www.saesgetters.com\/chemicals\/it\/\"},{\"@type\":\"ListItem\",\"position\":2,\"name\":\"Consumer Electronics\"}]},{\"@type\":\"WebSite\",\"@id\":\"https:\/\/www.saesgetters.com\/chemicals\/it\/#website\",\"url\":\"https:\/\/www.saesgetters.com\/chemicals\/it\/\",\"name\":\"SAES Chemicals\",\"description\":\"Production Areas\",\"publisher\":{\"@id\":\"https:\/\/www.saesgetters.com\/chemicals\/it\/#organization\"},\"potentialAction\":[{\"@type\":\"SearchAction\",\"target\":{\"@type\":\"EntryPoint\",\"urlTemplate\":\"https:\/\/www.saesgetters.com\/chemicals\/it\/?s={search_term_string}\"},\"query-input\":\"required name=search_term_string\"}],\"inLanguage\":\"it-IT\"},{\"@type\":\"Organization\",\"@id\":\"https:\/\/www.saesgetters.com\/chemicals\/it\/#organization\",\"name\":\"SAES Getters S.p.A.\",\"alternateName\":\"SAES Getters\",\"url\":\"https:\/\/www.saesgetters.com\/chemicals\/it\/\",\"logo\":{\"@type\":\"ImageObject\",\"inLanguage\":\"it-IT\",\"@id\":\"https:\/\/www.saesgetters.com\/chemicals\/it\/#\/schema\/logo\/image\/\",\"url\":\"https:\/\/www.saesgetters.com\/chemicals\/wp-content\/uploads\/sites\/4\/2024\/01\/saes-getters-logo.svg\",\"contentUrl\":\"https:\/\/www.saesgetters.com\/chemicals\/wp-content\/uploads\/sites\/4\/2024\/01\/saes-getters-logo.svg\",\"width\":\"1024\",\"height\":\"1024\",\"caption\":\"SAES Getters S.p.A.\"},\"image\":{\"@id\":\"https:\/\/www.saesgetters.com\/chemicals\/it\/#\/schema\/logo\/image\/\"},\"sameAs\":[\"https:\/\/www.linkedin.com\/company\/saes-getters\/\"]}]}<\/script>\n<!-- \/ Yoast SEO plugin. -->","yoast_head_json":{"title":"Consumer Electronics | SAES Chemicals","robots":{"index":"index","follow":"follow","max-snippet":"max-snippet:-1","max-image-preview":"max-image-preview:large","max-video-preview":"max-video-preview:-1"},"canonical":"https:\/\/www.saesgetters.com\/chemicals\/it\/elettronica-di-consumo\/","og_locale":"it_IT","og_type":"article","og_title":"Consumer Electronics | SAES Chemicals","og_url":"https:\/\/www.saesgetters.com\/chemicals\/it\/elettronica-di-consumo\/","og_site_name":"SAES Chemicals","article_modified_time":"2024-05-20T10:24:02+00:00","og_image":[{"width":1200,"height":675,"url":"https:\/\/www.saesgetters.com\/chemicals\/wp-content\/uploads\/sites\/4\/2023\/12\/specialty-chemicals-og-image.jpg","type":"image\/jpeg"}],"twitter_card":"summary_large_image","schema":{"@context":"https:\/\/schema.org","@graph":[{"@type":"WebPage","@id":"https:\/\/www.saesgetters.com\/chemicals\/it\/elettronica-di-consumo\/","url":"https:\/\/www.saesgetters.com\/chemicals\/it\/elettronica-di-consumo\/","name":"Consumer Electronics | SAES Chemicals","isPartOf":{"@id":"https:\/\/www.saesgetters.com\/chemicals\/it\/#website"},"datePublished":"2023-12-04T16:36:14+00:00","dateModified":"2024-05-20T10:24:02+00:00","breadcrumb":{"@id":"https:\/\/www.saesgetters.com\/chemicals\/it\/elettronica-di-consumo\/#breadcrumb"},"inLanguage":"it-IT","potentialAction":[{"@type":"ReadAction","target":["https:\/\/www.saesgetters.com\/chemicals\/it\/elettronica-di-consumo\/"]}]},{"@type":"BreadcrumbList","@id":"https:\/\/www.saesgetters.com\/chemicals\/it\/elettronica-di-consumo\/#breadcrumb","itemListElement":[{"@type":"ListItem","position":1,"name":"Home","item":"https:\/\/www.saesgetters.com\/chemicals\/it\/"},{"@type":"ListItem","position":2,"name":"Consumer Electronics"}]},{"@type":"WebSite","@id":"https:\/\/www.saesgetters.com\/chemicals\/it\/#website","url":"https:\/\/www.saesgetters.com\/chemicals\/it\/","name":"SAES Chemicals","description":"Production Areas","publisher":{"@id":"https:\/\/www.saesgetters.com\/chemicals\/it\/#organization"},"potentialAction":[{"@type":"SearchAction","target":{"@type":"EntryPoint","urlTemplate":"https:\/\/www.saesgetters.com\/chemicals\/it\/?s={search_term_string}"},"query-input":"required name=search_term_string"}],"inLanguage":"it-IT"},{"@type":"Organization","@id":"https:\/\/www.saesgetters.com\/chemicals\/it\/#organization","name":"SAES Getters S.p.A.","alternateName":"SAES Getters","url":"https:\/\/www.saesgetters.com\/chemicals\/it\/","logo":{"@type":"ImageObject","inLanguage":"it-IT","@id":"https:\/\/www.saesgetters.com\/chemicals\/it\/#\/schema\/logo\/image\/","url":"https:\/\/www.saesgetters.com\/chemicals\/wp-content\/uploads\/sites\/4\/2024\/01\/saes-getters-logo.svg","contentUrl":"https:\/\/www.saesgetters.com\/chemicals\/wp-content\/uploads\/sites\/4\/2024\/01\/saes-getters-logo.svg","width":"1024","height":"1024","caption":"SAES Getters S.p.A."},"image":{"@id":"https:\/\/www.saesgetters.com\/chemicals\/it\/#\/schema\/logo\/image\/"},"sameAs":["https:\/\/www.linkedin.com\/company\/saes-getters\/"]}]}},"_links":{"self":[{"href":"https:\/\/www.saesgetters.com\/chemicals\/it\/wp-json\/wp\/v2\/pages\/365"}],"collection":[{"href":"https:\/\/www.saesgetters.com\/chemicals\/it\/wp-json\/wp\/v2\/pages"}],"about":[{"href":"https:\/\/www.saesgetters.com\/chemicals\/it\/wp-json\/wp\/v2\/types\/page"}],"author":[{"embeddable":true,"href":"https:\/\/www.saesgetters.com\/chemicals\/it\/wp-json\/wp\/v2\/users\/2"}],"replies":[{"embeddable":true,"href":"https:\/\/www.saesgetters.com\/chemicals\/it\/wp-json\/wp\/v2\/comments?post=365"}],"version-history":[{"count":7,"href":"https:\/\/www.saesgetters.com\/chemicals\/it\/wp-json\/wp\/v2\/pages\/365\/revisions"}],"predecessor-version":[{"id":1014,"href":"https:\/\/www.saesgetters.com\/chemicals\/it\/wp-json\/wp\/v2\/pages\/365\/revisions\/1014"}],"wp:attachment":[{"href":"https:\/\/www.saesgetters.com\/chemicals\/it\/wp-json\/wp\/v2\/media?parent=365"}],"curies":[{"name":"wp","href":"https:\/\/api.w.org\/{rel}","templated":true}]}}