{"id":672,"date":"2023-10-02T10:23:14","date_gmt":"2023-10-02T08:23:14","guid":{"rendered":"https:\/\/www.saesgetters.com\/designhouse\/about\/"},"modified":"2024-03-04T16:44:10","modified_gmt":"2024-03-04T15:44:10","slug":"about","status":"publish","type":"page","link":"https:\/\/www.saesgetters.com\/designhouse\/it\/about\/","title":{"rendered":"About"},"content":{"rendered":"<div class=\"space space-xl\">\n<\/div>\n<div class=\"headline container\">\n    <div class=\"col-12\">\n    <h1 class=\"h1 title\">Il design innovation lab di SAES.<\/h1>\n\t\t<div class=\"breadcrumbs innovation-labs\"><a href=\"https:\/\/www.saesgetters.com\/it\/innovation-labs\/\">Innovation Labs<\/a>\n\t\t<\/div>  <\/div>\n<\/div>\n<div class=\"container\">\n      <div class=\"col-6\">\n      <div>\n              <\/div>\n    <\/div>\n        <div class=\"col-6\">\n      <div>\n        <p> DH \u00e8 nato con l&#8217;obiettivo di generare innovazione creando un ponte tra le diverse discipline che compongono il DNA di SAES. Questo ci ha dato l&#8217;opportunit\u00e0 di sviluppare un linguaggio unico basato sul paradigma del &#8220;design guidato dalla scienza&#8221;.<\/p>\n      <\/div>\n    <\/div>\n    <\/div>\n<div class=\"space space-l\">\n<\/div>\n\n      <div class=\"overlay-container project\">\n        \n          <video class=\"d-none d-lg-block\" autoplay muted loop playsinline>\n            <source src=\"https:\/\/www.saesgetters.com\/designhouse\/wp-content\/uploads\/sites\/2\/2023\/10\/video_intro_01.mp4\" type=\"video\/mp4\">\n          <\/video>\n          <video class=\"d-lg-none\" autoplay muted loop playsinline>\n            <source src=\"https:\/\/www.saesgetters.com\/designhouse\/wp-content\/uploads\/sites\/2\/2023\/10\/video_intro_mobile_01.mp4\" type=\"video\/mp4\">\n          <\/video>      <\/div>\n\n<div class=\"space space-l\">\n<\/div>\n<div class=\"headline container\">\n    <div class=\"col-12\">\n    <h2 class=\"h1 title\">Ogni epoca abbraccia una filosofia diversa e incarna valori specifici per migliorare la qualit\u00e0 della vita delle persone.<\/h2>  <\/div>\n<\/div>\n<div class=\"container\">\n      <div class=\"col-6\">\n      <div>\n              <\/div>\n    <\/div>\n        <div class=\"col-6\">\n      <div>\n        <p>Il design centrato sull&#8217;essere umano ha rivoluzionato il processo di concezione degli oggetti, mettendo in primo piano la relazione tra uomo e macchina. Questi principi furono introdotti nel metodo di progettazione gi\u00e0 nel periodo tra le due guerre e successivamente portati avanti dalle scuole tedesche, specialmente dalla Bauhaus.<\/p>\n<p>La costante lotta tra sperimentazione oltre i confini dell&#8217;utilitarismo e il design plasmato dall&#8217;essere umano rappresenta il conflitto di tutte le generazioni, tra l&#8217;evoluzione dei valori culturali e lo sviluppo tecnico-scientifico.<\/p>\n<p>L&#8217;apertura verso nuovi orizzonti stimola enormemente la creativit\u00e0 umana, ma allo stesso tempo lo pone di fronte alla rigorosa disciplina dell&#8217;applicazione. Questo \u00e8 particolarmente vero nel campo del design, dove combinare l&#8217;impulso creativo con le esigenze industriali non \u00e8 sempre un percorso lineare, ma \u00e8 fondamentale pensare e sperimentare, esplorando tutte le possibilit\u00e0 che l&#8217;evoluzione generazionale ci offre.<\/p>\n<p>DH \u00e8 nato con l&#8217;obiettivo di generare innovazione creando un collegamento tra le diverse discipline che costituiscono l&#8217;essenza di SAES. Questo ci ha dato l&#8217;opportunit\u00e0 di sviluppare un linguaggio unico basato sul paradigma del &#8220;design guidato dalla scienza&#8221;.<\/p>\n      <\/div>\n    <\/div>\n    <\/div>\n<div class=\"space space-l\">\n<\/div>\n\r\n      <div class=\"overlay-container image-text\">\r\n        \r\n          <img decoding=\"async\" src=\"https:\/\/www.saesgetters.com\/designhouse\/wp-content\/uploads\/sites\/2\/2023\/10\/launch_BPOD-1920x1080.png\" srcset=\"\" alt=\"SAES Getters | launch_BPOD\">      <\/div>\r\n<div class=\"space space-l\">\n<\/div>\n<div class=\"container\">\n      <div class=\"col-6\">\n      <div>\n        <h2 class=\"h3 title\"> L&#8217;esplorazione dello spazio ha spinto al massimo la relazione con l&#8217;ignoto.<\/h2>      <\/div>\n    <\/div>\n        <div class=\"col-6\">\n      <div>\n        <p>Siamo mossi da una ricerca incessante dell&#8217;eccellenza e dalla sfida costante dell&#8217;ignoto. La nostra passione nel superare i confini e nell&#8217;espandere il potenziale umano \u00e8 il fulcro della nostra missione. Viviamo questi valori ogni giorno, alimentando il nostro impegno nell&#8217;esplorazione nel nostro universo. Esploriamo senza limiti, cercando sempre nuovi modi per integrare le tecnologie e l&#8217;expertise di SAES, sviluppando prodotti innovativi che favoriscono la sinergia tra uomo e Pianeta.<\/p>\n      <\/div>\n    <\/div>\n    <\/div>\n<div class=\"space space-l\">\n<\/div>\n<div class=\"container align-items-center\">\r\n      <div class=\"col-6\">\r\n      <div class=\"overlay-container two-columns-image-text ratio-4-5\">\r\n        \r\n          <img decoding=\"async\" src=\"https:\/\/www.saesgetters.com\/designhouse\/wp-content\/uploads\/sites\/2\/2023\/10\/split_01-880x1100.png\" srcset=\"https:\/\/www.saesgetters.com\/designhouse\/wp-content\/uploads\/sites\/2\/2023\/10\/split_01-880x1100.png 880w, https:\/\/www.saesgetters.com\/designhouse\/wp-content\/uploads\/sites\/2\/2023\/10\/split_01-784x980.png 784w\" alt=\"SAES Getters | split_01\">      <\/div>\r\n    <\/div>\r\n        <div class=\"col-6\">\r\n      <div class=\"overlay-container two-columns-image-text ratio-4-5\">\r\n        \r\n          <img decoding=\"async\" src=\"https:\/\/www.saesgetters.com\/designhouse\/wp-content\/uploads\/sites\/2\/2023\/10\/split_02-880x1100.png\" srcset=\"https:\/\/www.saesgetters.com\/designhouse\/wp-content\/uploads\/sites\/2\/2023\/10\/split_02-880x1100.png 880w, https:\/\/www.saesgetters.com\/designhouse\/wp-content\/uploads\/sites\/2\/2023\/10\/split_02-784x980.png 784w\" alt=\"SAES Getters | split_02\">      <\/div>\r\n    <\/div>\r\n    <\/div>\r\n<div class=\"space space-l\">\n<\/div>\n<div class=\"headline container\">\n    <div class=\"col-12\">\n    <h2 class=\"h1 title\">Quando riduciamo tutto al minimo e ci concentriamo solo sull&#8217;essenziale per creare, scopriamo la forza nella semplicit\u00e0.<\/h2>  <\/div>\n<\/div>\n\r\n      <div class=\"overlay-container image-text\">\r\n        \r\n          <img decoding=\"async\" src=\"https:\/\/www.saesgetters.com\/designhouse\/wp-content\/uploads\/sites\/2\/2023\/12\/temperedglass_cage_002-1920x1080.jpg\" srcset=\"\" alt=\"SAES Getters | temperedglass_cage_002-scaled\">      <\/div>\r\n<div class=\"container\">\n      <div class=\"col-6\">\n      <div>\n        <p>Quando progettiamo un oggetto, cerchiamo di integrare il massimo con il minimo. Affrontiamo il processo di design creando un sistema di blocchi, ognuno definito da tre azioni: purezza, interferenza e enfasi. Partendo dal volume puro, eliminiamo ci\u00f2 che non \u00e8 necessario per garantire le prestazioni desiderate, ingegnerizziamo il componente e infine inseriamo un dettaglio distintivo che lo renda iconico e riconoscibile.<br \/>\nI blocchi che generiamo sono spesso modificabili nella posizione e ci consentono di studiare con un ampio grado di libert\u00e0 l&#8217;interazione del modello con l&#8217;utente.<\/p>\n      <\/div>\n    <\/div>\n        <div class=\"col-6\">\n      <div>\n        <p>La creativit\u00e0 e la tecnologia si fondono in un processo omogeneo che ci porta a sviluppare l&#8217;interfaccia fisica sulle dimensioni complessive dei componenti interni. Questo garantisce sempre una riduzione dello spazio utilizzato, con riflessi sull&#8217;intera catena di produzione, sul trasporto e sullo stoccaggio nelle case. Un buon prodotto deve essere progettato dall&#8217;interno verso l&#8217;esterno, realizzato per durare e deve generare un legame fisico ed emotivo con l&#8217;utente. Preferiamo concentrarci sull&#8217;essenziale anzich\u00e9 disperdere le risorse, valorizzando la funzionalit\u00e0 piuttosto che la multi-funzionalit\u00e0, anche se questo significa andare contro le tendenze.<\/p>\n      <\/div>\n    <\/div>\n    <\/div>\n<div class=\"space space-xl\">\n<\/div>\n","protected":false},"excerpt":{"rendered":"","protected":false},"author":2,"featured_media":0,"parent":0,"menu_order":0,"comment_status":"closed","ping_status":"closed","template":"","meta":{"inline_featured_image":false},"acf":[],"yoast_head":"<!-- This site is optimized with the Yoast SEO plugin v21.7 - https:\/\/yoast.com\/wordpress\/plugins\/seo\/ -->\n<title>About | DesignHouse<\/title>\n<meta name=\"description\" content=\"\" \/>\n<meta name=\"robots\" content=\"index, follow, max-snippet:-1, max-image-preview:large, max-video-preview:-1\" \/>\n<link rel=\"canonical\" href=\"https:\/\/www.saesgetters.com\/designhouse\/it\/about\/\" \/>\n<meta property=\"og:locale\" content=\"it_IT\" \/>\n<meta property=\"og:type\" content=\"article\" \/>\n<meta property=\"og:title\" content=\"About | DesignHouse\" \/>\n<meta property=\"og:url\" content=\"https:\/\/www.saesgetters.com\/designhouse\/it\/about\/\" \/>\n<meta property=\"og:site_name\" content=\"DesignHouse\" \/>\n<meta property=\"article:modified_time\" content=\"2024-03-04T15:44:10+00:00\" \/>\n<meta property=\"og:image\" content=\"https:\/\/www.saesgetters.com\/designhouse\/wp-content\/uploads\/sites\/2\/2023\/12\/DesignHouse-og-image.jpg\" \/>\n\t<meta property=\"og:image:width\" content=\"1200\" \/>\n\t<meta property=\"og:image:height\" content=\"675\" \/>\n\t<meta property=\"og:image:type\" content=\"image\/jpeg\" \/>\n<meta name=\"twitter:card\" content=\"summary_large_image\" \/>\n<script type=\"application\/ld+json\" class=\"yoast-schema-graph\">{\"@context\":\"https:\/\/schema.org\",\"@graph\":[{\"@type\":\"WebPage\",\"@id\":\"https:\/\/www.saesgetters.com\/designhouse\/it\/about\/\",\"url\":\"https:\/\/www.saesgetters.com\/designhouse\/it\/about\/\",\"name\":\"About | DesignHouse\",\"isPartOf\":{\"@id\":\"https:\/\/www.saesgetters.com\/designhouse\/it\/#website\"},\"datePublished\":\"2023-10-02T08:23:14+00:00\",\"dateModified\":\"2024-03-04T15:44:10+00:00\",\"breadcrumb\":{\"@id\":\"https:\/\/www.saesgetters.com\/designhouse\/it\/about\/#breadcrumb\"},\"inLanguage\":\"it-IT\",\"potentialAction\":[{\"@type\":\"ReadAction\",\"target\":[\"https:\/\/www.saesgetters.com\/designhouse\/it\/about\/\"]}]},{\"@type\":\"BreadcrumbList\",\"@id\":\"https:\/\/www.saesgetters.com\/designhouse\/it\/about\/#breadcrumb\",\"itemListElement\":[{\"@type\":\"ListItem\",\"position\":1,\"name\":\"Home\",\"item\":\"https:\/\/www.saesgetters.com\/designhouse\/it\/\"},{\"@type\":\"ListItem\",\"position\":2,\"name\":\"About\"}]},{\"@type\":\"WebSite\",\"@id\":\"https:\/\/www.saesgetters.com\/designhouse\/it\/#website\",\"url\":\"https:\/\/www.saesgetters.com\/designhouse\/it\/\",\"name\":\"SAES DesignHouse\",\"description\":\"Innovation Labs\",\"publisher\":{\"@id\":\"https:\/\/www.saesgetters.com\/designhouse\/it\/#organization\"},\"potentialAction\":[{\"@type\":\"SearchAction\",\"target\":{\"@type\":\"EntryPoint\",\"urlTemplate\":\"https:\/\/www.saesgetters.com\/designhouse\/it\/?s={search_term_string}\"},\"query-input\":\"required name=search_term_string\"}],\"inLanguage\":\"it-IT\"},{\"@type\":\"Organization\",\"@id\":\"https:\/\/www.saesgetters.com\/designhouse\/it\/#organization\",\"name\":\"SAES Getters S.p.A.\",\"alternateName\":\"SAES Getters\",\"url\":\"https:\/\/www.saesgetters.com\/designhouse\/it\/\",\"logo\":{\"@type\":\"ImageObject\",\"inLanguage\":\"it-IT\",\"@id\":\"https:\/\/www.saesgetters.com\/designhouse\/it\/#\/schema\/logo\/image\/\",\"url\":\"https:\/\/www.saesgetters.com\/designhouse\/wp-content\/uploads\/sites\/2\/2024\/01\/saes-getters-logo.svg\",\"contentUrl\":\"https:\/\/www.saesgetters.com\/designhouse\/wp-content\/uploads\/sites\/2\/2024\/01\/saes-getters-logo.svg\",\"width\":\"1024\",\"height\":\"1024\",\"caption\":\"SAES Getters S.p.A.\"},\"image\":{\"@id\":\"https:\/\/www.saesgetters.com\/designhouse\/it\/#\/schema\/logo\/image\/\"},\"sameAs\":[\"https:\/\/www.linkedin.com\/company\/saes-getters\/\"]}]}<\/script>\n<!-- \/ Yoast SEO plugin. -->","yoast_head_json":{"title":"About | DesignHouse","description":"DH \u00e8 nato con l'obiettivo di generare innovazione creando un ponte tra le diverse discipline che compongono il DNA di SAES. Questo ci ha dato l'opportunit?...","robots":{"index":"index","follow":"follow","max-snippet":"max-snippet:-1","max-image-preview":"max-image-preview:large","max-video-preview":"max-video-preview:-1"},"canonical":"https:\/\/www.saesgetters.com\/designhouse\/it\/about\/","og_locale":"it_IT","og_type":"article","og_title":"About | DesignHouse","og_url":"https:\/\/www.saesgetters.com\/designhouse\/it\/about\/","og_site_name":"DesignHouse","article_modified_time":"2024-03-04T15:44:10+00:00","og_image":[{"width":1200,"height":675,"url":"https:\/\/www.saesgetters.com\/designhouse\/wp-content\/uploads\/sites\/2\/2023\/12\/DesignHouse-og-image.jpg","type":"image\/jpeg"}],"twitter_card":"summary_large_image","schema":{"@context":"https:\/\/schema.org","@graph":[{"@type":"WebPage","@id":"https:\/\/www.saesgetters.com\/designhouse\/it\/about\/","url":"https:\/\/www.saesgetters.com\/designhouse\/it\/about\/","name":"About | DesignHouse","isPartOf":{"@id":"https:\/\/www.saesgetters.com\/designhouse\/it\/#website"},"datePublished":"2023-10-02T08:23:14+00:00","dateModified":"2024-03-04T15:44:10+00:00","breadcrumb":{"@id":"https:\/\/www.saesgetters.com\/designhouse\/it\/about\/#breadcrumb"},"inLanguage":"it-IT","potentialAction":[{"@type":"ReadAction","target":["https:\/\/www.saesgetters.com\/designhouse\/it\/about\/"]}]},{"@type":"BreadcrumbList","@id":"https:\/\/www.saesgetters.com\/designhouse\/it\/about\/#breadcrumb","itemListElement":[{"@type":"ListItem","position":1,"name":"Home","item":"https:\/\/www.saesgetters.com\/designhouse\/it\/"},{"@type":"ListItem","position":2,"name":"About"}]},{"@type":"WebSite","@id":"https:\/\/www.saesgetters.com\/designhouse\/it\/#website","url":"https:\/\/www.saesgetters.com\/designhouse\/it\/","name":"SAES DesignHouse","description":"Innovation Labs","publisher":{"@id":"https:\/\/www.saesgetters.com\/designhouse\/it\/#organization"},"potentialAction":[{"@type":"SearchAction","target":{"@type":"EntryPoint","urlTemplate":"https:\/\/www.saesgetters.com\/designhouse\/it\/?s={search_term_string}"},"query-input":"required name=search_term_string"}],"inLanguage":"it-IT"},{"@type":"Organization","@id":"https:\/\/www.saesgetters.com\/designhouse\/it\/#organization","name":"SAES Getters S.p.A.","alternateName":"SAES Getters","url":"https:\/\/www.saesgetters.com\/designhouse\/it\/","logo":{"@type":"ImageObject","inLanguage":"it-IT","@id":"https:\/\/www.saesgetters.com\/designhouse\/it\/#\/schema\/logo\/image\/","url":"https:\/\/www.saesgetters.com\/designhouse\/wp-content\/uploads\/sites\/2\/2024\/01\/saes-getters-logo.svg","contentUrl":"https:\/\/www.saesgetters.com\/designhouse\/wp-content\/uploads\/sites\/2\/2024\/01\/saes-getters-logo.svg","width":"1024","height":"1024","caption":"SAES Getters S.p.A."},"image":{"@id":"https:\/\/www.saesgetters.com\/designhouse\/it\/#\/schema\/logo\/image\/"},"sameAs":["https:\/\/www.linkedin.com\/company\/saes-getters\/"]}]}},"_links":{"self":[{"href":"https:\/\/www.saesgetters.com\/designhouse\/it\/wp-json\/wp\/v2\/pages\/672"}],"collection":[{"href":"https:\/\/www.saesgetters.com\/designhouse\/it\/wp-json\/wp\/v2\/pages"}],"about":[{"href":"https:\/\/www.saesgetters.com\/designhouse\/it\/wp-json\/wp\/v2\/types\/page"}],"author":[{"embeddable":true,"href":"https:\/\/www.saesgetters.com\/designhouse\/it\/wp-json\/wp\/v2\/users\/2"}],"replies":[{"embeddable":true,"href":"https:\/\/www.saesgetters.com\/designhouse\/it\/wp-json\/wp\/v2\/comments?post=672"}],"version-history":[{"count":7,"href":"https:\/\/www.saesgetters.com\/designhouse\/it\/wp-json\/wp\/v2\/pages\/672\/revisions"}],"predecessor-version":[{"id":687,"href":"https:\/\/www.saesgetters.com\/designhouse\/it\/wp-json\/wp\/v2\/pages\/672\/revisions\/687"}],"wp:attachment":[{"href":"https:\/\/www.saesgetters.com\/designhouse\/it\/wp-json\/wp\/v2\/media?parent=672"}],"curies":[{"name":"wp","href":"https:\/\/api.w.org\/{rel}","templated":true}]}}