{"id":679,"date":"2023-05-25T08:13:52","date_gmt":"2023-05-25T06:13:52","guid":{"rendered":"https:\/\/www.saesgetters.com\/designhouse\/progetti\/"},"modified":"2025-03-19T17:45:58","modified_gmt":"2025-03-19T16:45:58","slug":"progetti","status":"publish","type":"page","link":"https:\/\/www.saesgetters.com\/designhouse\/it\/","title":{"rendered":"Progetti"},"content":{"rendered":"<div class=\"space space-xl\">\n<\/div>\n\n\n<div class=\"headline container\">\n    <div class=\"col-12\">\n    <h1 class=\"h1 title\">Design ispirato dalla Natura, guidato dalla Scienza.<\/h1>\n\t\t<div class=\"breadcrumbs innovation-labs\"><a href=\"https:\/\/www.saesgetters.com\/it\/innovation-labs\/\">Innovation Labs<\/a>\n\t\t<\/div>  <\/div>\n<\/div>\n\n\n<div class=\"container\">\n      <div class=\"col-6\">\n      <div>\n              <\/div>\n    <\/div>\n        <div class=\"col-6\">\n      <div>\n        <p>DesignHouse \u00e8 un laboratorio di ricerca e progettazione che ha l&#8217;obiettivo di innovare creando un ponte tra le diverse discipline che costituiscono l&#8217;essenza di SAES. Collegando pi\u00f9 campi, affrontiamo problemi e generiamo soluzioni originali ma impattanti, migliorando la convivenza tra gli esseri umani e il pianeta.<\/p>\n      <\/div>\n    <\/div>\n    <\/div>\n\n\n<div class=\"space space-l\">\n<\/div>\n\n\n<div class=\"container align-items-center product\">\n    <div class=\"col-12\">\n    <div class=\"d-flex flex-wrap\">\n      <div class=\"d-flex align-items-center justify-content-center order-md-2\">\n        <div class=\"overlay-container ratio-4-3\">\n          <p class=\"image-label\">completed<\/p>\n            <img decoding=\"async\" src=\"https:\/\/www.saesgetters.com\/designhouse\/wp-content\/uploads\/sites\/2\/2025\/03\/48-880x660.jpg\" srcset=\"\" alt=\"SAES Getters | 48\">        <\/div>\n      <\/div>\n      <div class=\"d-flex align-items-center order-md-1\">\n        <div>\n          <h3 class=\"h4 title\">Emeth P11<\/h3><p>Emeth P11 \u00e8 un progetto sperimentale di drone che integra metallurgia avanzata, design innovativo e tecnologie basate sul Nitinol, compreso il primo airbag SMA ricaricabile senza attuatori pirotecnici. Progettato per ridefinire gli standard di sicurezza nei droni, combina un design ispirato alla natura con tecniche di produzione all\u2019avanguardia, segnando un importante passo avanti nell&#8217;aviazione senza pilota.<\/p>\n                <a class=\"btn\" href=\"https:\/\/www.saesgetters.com\/designhouse\/it\/projects\/emeth-p11\/\">\n                  <span class='the-arrow -left'>\n                    <span class='shaft'><\/span>\n                  <\/span>\n                  <span class=\"main\">\n                    <span class=\"text\">Scopri di pi\u00f9<\/span>\n                    <span class='the-arrow -right'>\n                      <span class='shaft'><\/span>\n                    <\/span>\n                  <\/span>\n                  <span class=\"circle-effect\"><\/span>\n                <\/a>\n                        <\/div>\n      <\/div>\n    <\/div>\n  <\/div>\n<\/div>\n\n\n<div class=\"container align-items-center product\">\n    <div class=\"col-12\">\n    <div class=\"d-flex flex-wrap\">\n      <div class=\"d-flex align-items-center justify-content-center order-md-2\">\n        <div class=\"overlay-container ratio-4-3\">\n          <p class=\"image-label\">active<\/p>\n            <img decoding=\"async\" src=\"https:\/\/www.saesgetters.com\/designhouse\/wp-content\/uploads\/sites\/2\/2023\/11\/Tensornyte-880x660.jpg\" srcset=\"\" alt=\"SAES Getters | Tensornyte\">        <\/div>\n      <\/div>\n      <div class=\"d-flex align-items-center order-md-1\">\n        <div>\n          <h3 class=\"h4 title\">Tensornyte<\/h3><p>Tensornyte \u00e8 un materiale composito progettato per la fabbricazione additiva, con propriet\u00e0 straordinarie di assorbimento e rilascio di energia, che stabiliscono nuovi standard di prestazione nel campo delle applicazioni per l&#8217;attrezzatura sportiva.<\/p>\n        <\/div>\n      <\/div>\n    <\/div>\n  <\/div>\n<\/div>\n\n\n<div class=\"container align-items-center product\">\n    <div class=\"col-12\">\n    <div class=\"d-flex flex-wrap\">\n      <div class=\"d-flex align-items-center justify-content-center order-md-2\">\n        <div class=\"overlay-container ratio-4-3\">\n          <p class=\"image-label\">completed<\/p>\n            <img decoding=\"async\" src=\"https:\/\/www.saesgetters.com\/designhouse\/wp-content\/uploads\/sites\/2\/2023\/11\/DROD-880x660.jpg\" srcset=\"\" alt=\"SAES Getters | DROD\">        <\/div>\n      <\/div>\n      <div class=\"d-flex align-items-center order-md-1\">\n        <div>\n          <h3 class=\"h4 title\">DRO!D<\/h3><p>DRO!D \u00e8 il dispositivo per il sottovuoto alimentare pi\u00f9 compatto e potente sul mercato. \u00c8 stato progettato, prodotto e assemblato in Italia. Grazie al suo design integrato che combina componenti leggeri, materiali avanzati e sensori, riesce a raggiungere le prestazioni di dispositivi fino a 10 volte pi\u00f9 grandi.<\/p>\n                <a class=\"btn\" href=\"https:\/\/www.saesgetters.com\/designhouse\/it\/projects\/drod\/\">\n                  <span class='the-arrow -left'>\n                    <span class='shaft'><\/span>\n                  <\/span>\n                  <span class=\"main\">\n                    <span class=\"text\">Scopri di pi\u00f9<\/span>\n                    <span class='the-arrow -right'>\n                      <span class='shaft'><\/span>\n                    <\/span>\n                  <\/span>\n                  <span class=\"circle-effect\"><\/span>\n                <\/a>\n                        <\/div>\n      <\/div>\n    <\/div>\n  <\/div>\n<\/div>\n\n\n<div class=\"container align-items-center product\">\n    <div class=\"col-12\">\n    <div class=\"d-flex flex-wrap\">\n      <div class=\"d-flex align-items-center justify-content-center order-md-2\">\n        <div class=\"overlay-container ratio-4-3\">\n          <p class=\"image-label\">completed<\/p>\n            <img decoding=\"async\" src=\"https:\/\/www.saesgetters.com\/designhouse\/wp-content\/uploads\/sites\/2\/2023\/11\/Nebula-880x660.jpg\" srcset=\"\" alt=\"SAES Getters | Nebula\">        <\/div>\n      <\/div>\n      <div class=\"d-flex align-items-center order-md-1\">\n        <div>\n          <h3 class=\"h4 title\">Nebula<\/h3><p>Nebula \u00e8 un dispositivo tecnologico in miniatura che usa una speciale miscela di gas contenuta in capsule ricaricabili per sostituire l&#8217;aria all&#8217;interno di un contenitore. Nebula porta la tecnologia MAP direttamente a casa per conservare gli alimenti pi\u00f9 a lungo dopo l&#8217;apertura.<\/p>\n                <a class=\"btn\" href=\"https:\/\/www.saesgetters.com\/designhouse\/it\/projects\/nebula\/\">\n                  <span class='the-arrow -left'>\n                    <span class='shaft'><\/span>\n                  <\/span>\n                  <span class=\"main\">\n                    <span class=\"text\">Scopri di pi\u00f9<\/span>\n                    <span class='the-arrow -right'>\n                      <span class='shaft'><\/span>\n                    <\/span>\n                  <\/span>\n                  <span class=\"circle-effect\"><\/span>\n                <\/a>\n                        <\/div>\n      <\/div>\n    <\/div>\n  <\/div>\n<\/div>\n\n\n<div class=\"container align-items-center product\">\n    <div class=\"col-12\">\n    <div class=\"d-flex flex-wrap\">\n      <div class=\"d-flex align-items-center justify-content-center order-md-2\">\n        <div class=\"overlay-container ratio-4-3\">\n          <p class=\"image-label\">completed<\/p>\n            <img decoding=\"async\" src=\"https:\/\/www.saesgetters.com\/designhouse\/wp-content\/uploads\/sites\/2\/2023\/11\/GRID-880x660.jpg\" srcset=\"\" alt=\"SAES Getters | GRID\">        <\/div>\n      <\/div>\n      <div class=\"d-flex align-items-center order-md-1\">\n        <div>\n          <h3 class=\"h4 title\">GRID<\/h3><p> GRID \u00e8 una soluzione innovativa per la disinfezione UV alimentata da energia solare. Utilizza l&#8217;energia solare per generare potenti raggi UV, con pareti ad alta riflettanza e sorgenti UV strategicamente inclinate, ottimizzate per massima efficienza e progettate per una portabilit\u00e0 superiore.<\/p>\n        <\/div>\n      <\/div>\n    <\/div>\n  <\/div>\n<\/div>\n\n\n<div class=\"space space-xl\">\n<\/div>\n","protected":false},"excerpt":{"rendered":"","protected":false},"author":2,"featured_media":0,"parent":0,"menu_order":0,"comment_status":"closed","ping_status":"closed","template":"","meta":{"inline_featured_image":false},"acf":[],"yoast_head":"<!-- This site is optimized with the Yoast SEO plugin v21.7 - https:\/\/yoast.com\/wordpress\/plugins\/seo\/ -->\n<title>Design ispirato dalla Natura, guidato dalla Scienza.<\/title>\n<meta name=\"description\" content=\"DesignHouse \u00e8 il laboratorio di innovazione di SAES, azienda d&#039;avanguardia nello sviluppo di materiali scientifici avanzati che aiutano a proteggere il nostro pianeta.\" \/>\n<meta name=\"robots\" content=\"index, follow, max-snippet:-1, max-image-preview:large, max-video-preview:-1\" \/>\n<link rel=\"canonical\" href=\"https:\/\/www.saesgetters.com\/designhouse\/it\/\" \/>\n<meta property=\"og:locale\" content=\"it_IT\" \/>\n<meta property=\"og:type\" content=\"article\" \/>\n<meta property=\"og:title\" content=\"Design ispirato dalla Natura, guidato dalla Scienza.\" \/>\n<meta property=\"og:description\" content=\"DesignHouse \u00e8 il laboratorio di innovazione di SAES, azienda d&#039;avanguardia nello sviluppo di materiali scientifici avanzati che aiutano a proteggere il nostro pianeta.\" \/>\n<meta property=\"og:url\" content=\"https:\/\/www.saesgetters.com\/designhouse\/it\/\" \/>\n<meta property=\"og:site_name\" content=\"DesignHouse\" \/>\n<meta property=\"article:modified_time\" content=\"2025-03-19T16:45:58+00:00\" \/>\n<meta property=\"og:image\" content=\"https:\/\/www.saesgetters.com\/designhouse\/wp-content\/uploads\/sites\/2\/2023\/12\/DesignHouse-og-image.jpg\" \/>\n\t<meta property=\"og:image:width\" content=\"1200\" \/>\n\t<meta property=\"og:image:height\" content=\"675\" \/>\n\t<meta property=\"og:image:type\" content=\"image\/jpeg\" \/>\n<meta name=\"twitter:card\" content=\"summary_large_image\" \/>\n<script type=\"application\/ld+json\" class=\"yoast-schema-graph\">{\"@context\":\"https:\/\/schema.org\",\"@graph\":[{\"@type\":\"WebPage\",\"@id\":\"https:\/\/www.saesgetters.com\/designhouse\/it\/\",\"url\":\"https:\/\/www.saesgetters.com\/designhouse\/it\/\",\"name\":\"Design ispirato dalla Natura, guidato dalla Scienza.\",\"isPartOf\":{\"@id\":\"https:\/\/www.saesgetters.com\/designhouse\/it\/#website\"},\"datePublished\":\"2023-05-25T06:13:52+00:00\",\"dateModified\":\"2025-03-19T16:45:58+00:00\",\"description\":\"DesignHouse \u00e8 il laboratorio di innovazione di SAES, azienda d'avanguardia nello sviluppo di materiali scientifici avanzati che aiutano a proteggere il nostro pianeta.\",\"breadcrumb\":{\"@id\":\"https:\/\/www.saesgetters.com\/designhouse\/it\/#breadcrumb\"},\"inLanguage\":\"it-IT\",\"potentialAction\":[{\"@type\":\"ReadAction\",\"target\":[\"https:\/\/www.saesgetters.com\/designhouse\/it\/\"]}]},{\"@type\":\"BreadcrumbList\",\"@id\":\"https:\/\/www.saesgetters.com\/designhouse\/it\/#breadcrumb\",\"itemListElement\":[{\"@type\":\"ListItem\",\"position\":1,\"name\":\"Home\",\"item\":\"https:\/\/www.saesgetters.com\/designhouse\/it\/\"},{\"@type\":\"ListItem\",\"position\":2,\"name\":\"Progetti\"}]},{\"@type\":\"WebSite\",\"@id\":\"https:\/\/www.saesgetters.com\/designhouse\/it\/#website\",\"url\":\"https:\/\/www.saesgetters.com\/designhouse\/it\/\",\"name\":\"SAES DesignHouse\",\"description\":\"Innovation Labs\",\"publisher\":{\"@id\":\"https:\/\/www.saesgetters.com\/designhouse\/it\/#organization\"},\"potentialAction\":[{\"@type\":\"SearchAction\",\"target\":{\"@type\":\"EntryPoint\",\"urlTemplate\":\"https:\/\/www.saesgetters.com\/designhouse\/it\/?s={search_term_string}\"},\"query-input\":\"required name=search_term_string\"}],\"inLanguage\":\"it-IT\"},{\"@type\":\"Organization\",\"@id\":\"https:\/\/www.saesgetters.com\/designhouse\/it\/#organization\",\"name\":\"SAES Getters S.p.A.\",\"alternateName\":\"SAES Getters\",\"url\":\"https:\/\/www.saesgetters.com\/designhouse\/it\/\",\"logo\":{\"@type\":\"ImageObject\",\"inLanguage\":\"it-IT\",\"@id\":\"https:\/\/www.saesgetters.com\/designhouse\/it\/#\/schema\/logo\/image\/\",\"url\":\"https:\/\/www.saesgetters.com\/designhouse\/wp-content\/uploads\/sites\/2\/2024\/01\/saes-getters-logo.svg\",\"contentUrl\":\"https:\/\/www.saesgetters.com\/designhouse\/wp-content\/uploads\/sites\/2\/2024\/01\/saes-getters-logo.svg\",\"width\":\"1024\",\"height\":\"1024\",\"caption\":\"SAES Getters S.p.A.\"},\"image\":{\"@id\":\"https:\/\/www.saesgetters.com\/designhouse\/it\/#\/schema\/logo\/image\/\"},\"sameAs\":[\"https:\/\/www.linkedin.com\/company\/saes-getters\/\"]}]}<\/script>\n<!-- \/ Yoast SEO plugin. -->","yoast_head_json":{"title":"Design ispirato dalla Natura, guidato dalla Scienza.","description":"DesignHouse \u00e8 il laboratorio di innovazione di SAES, azienda d'avanguardia nello sviluppo di materiali scientifici avanzati che aiutano a proteggere il nostro pianeta.","robots":{"index":"index","follow":"follow","max-snippet":"max-snippet:-1","max-image-preview":"max-image-preview:large","max-video-preview":"max-video-preview:-1"},"canonical":"https:\/\/www.saesgetters.com\/designhouse\/it\/","og_locale":"it_IT","og_type":"article","og_title":"Design ispirato dalla Natura, guidato dalla Scienza.","og_description":"DesignHouse \u00e8 il laboratorio di innovazione di SAES, azienda d'avanguardia nello sviluppo di materiali scientifici avanzati che aiutano a proteggere il nostro pianeta.","og_url":"https:\/\/www.saesgetters.com\/designhouse\/it\/","og_site_name":"DesignHouse","article_modified_time":"2025-03-19T16:45:58+00:00","og_image":[{"width":1200,"height":675,"url":"https:\/\/www.saesgetters.com\/designhouse\/wp-content\/uploads\/sites\/2\/2023\/12\/DesignHouse-og-image.jpg","type":"image\/jpeg"}],"twitter_card":"summary_large_image","schema":{"@context":"https:\/\/schema.org","@graph":[{"@type":"WebPage","@id":"https:\/\/www.saesgetters.com\/designhouse\/it\/","url":"https:\/\/www.saesgetters.com\/designhouse\/it\/","name":"Design ispirato dalla Natura, guidato dalla Scienza.","isPartOf":{"@id":"https:\/\/www.saesgetters.com\/designhouse\/it\/#website"},"datePublished":"2023-05-25T06:13:52+00:00","dateModified":"2025-03-19T16:45:58+00:00","description":"DesignHouse \u00e8 il laboratorio di innovazione di SAES, azienda d'avanguardia nello sviluppo di materiali scientifici avanzati che aiutano a proteggere il nostro pianeta.","breadcrumb":{"@id":"https:\/\/www.saesgetters.com\/designhouse\/it\/#breadcrumb"},"inLanguage":"it-IT","potentialAction":[{"@type":"ReadAction","target":["https:\/\/www.saesgetters.com\/designhouse\/it\/"]}]},{"@type":"BreadcrumbList","@id":"https:\/\/www.saesgetters.com\/designhouse\/it\/#breadcrumb","itemListElement":[{"@type":"ListItem","position":1,"name":"Home","item":"https:\/\/www.saesgetters.com\/designhouse\/it\/"},{"@type":"ListItem","position":2,"name":"Progetti"}]},{"@type":"WebSite","@id":"https:\/\/www.saesgetters.com\/designhouse\/it\/#website","url":"https:\/\/www.saesgetters.com\/designhouse\/it\/","name":"SAES DesignHouse","description":"Innovation Labs","publisher":{"@id":"https:\/\/www.saesgetters.com\/designhouse\/it\/#organization"},"potentialAction":[{"@type":"SearchAction","target":{"@type":"EntryPoint","urlTemplate":"https:\/\/www.saesgetters.com\/designhouse\/it\/?s={search_term_string}"},"query-input":"required name=search_term_string"}],"inLanguage":"it-IT"},{"@type":"Organization","@id":"https:\/\/www.saesgetters.com\/designhouse\/it\/#organization","name":"SAES Getters S.p.A.","alternateName":"SAES Getters","url":"https:\/\/www.saesgetters.com\/designhouse\/it\/","logo":{"@type":"ImageObject","inLanguage":"it-IT","@id":"https:\/\/www.saesgetters.com\/designhouse\/it\/#\/schema\/logo\/image\/","url":"https:\/\/www.saesgetters.com\/designhouse\/wp-content\/uploads\/sites\/2\/2024\/01\/saes-getters-logo.svg","contentUrl":"https:\/\/www.saesgetters.com\/designhouse\/wp-content\/uploads\/sites\/2\/2024\/01\/saes-getters-logo.svg","width":"1024","height":"1024","caption":"SAES Getters S.p.A."},"image":{"@id":"https:\/\/www.saesgetters.com\/designhouse\/it\/#\/schema\/logo\/image\/"},"sameAs":["https:\/\/www.linkedin.com\/company\/saes-getters\/"]}]}},"_links":{"self":[{"href":"https:\/\/www.saesgetters.com\/designhouse\/it\/wp-json\/wp\/v2\/pages\/679"}],"collection":[{"href":"https:\/\/www.saesgetters.com\/designhouse\/it\/wp-json\/wp\/v2\/pages"}],"about":[{"href":"https:\/\/www.saesgetters.com\/designhouse\/it\/wp-json\/wp\/v2\/types\/page"}],"author":[{"embeddable":true,"href":"https:\/\/www.saesgetters.com\/designhouse\/it\/wp-json\/wp\/v2\/users\/2"}],"replies":[{"embeddable":true,"href":"https:\/\/www.saesgetters.com\/designhouse\/it\/wp-json\/wp\/v2\/comments?post=679"}],"version-history":[{"count":7,"href":"https:\/\/www.saesgetters.com\/designhouse\/it\/wp-json\/wp\/v2\/pages\/679\/revisions"}],"predecessor-version":[{"id":1122,"href":"https:\/\/www.saesgetters.com\/designhouse\/it\/wp-json\/wp\/v2\/pages\/679\/revisions\/1122"}],"wp:attachment":[{"href":"https:\/\/www.saesgetters.com\/designhouse\/it\/wp-json\/wp\/v2\/media?parent=679"}],"curies":[{"name":"wp","href":"https:\/\/api.w.org\/{rel}","templated":true}]}}