{"id":611,"date":"2023-10-19T17:51:40","date_gmt":"2023-10-19T15:51:40","guid":{"rendered":"https:\/\/www.saesgetters.com\/highvacuum\/about\/"},"modified":"2024-02-27T11:11:12","modified_gmt":"2024-02-27T10:11:12","slug":"about","status":"publish","type":"page","link":"https:\/\/www.saesgetters.com\/highvacuum\/it\/about\/","title":{"rendered":"About"},"content":{"rendered":"<div class=\"space space-xl\">\n<\/div>\n<div class=\"headline container\">\n    <div class=\"col-12\">\n    <h1 class=\"h1 title\">About<\/h1>\n\t\t<div class=\"breadcrumbs production-areas\">\n\t\t<\/div>  <\/div>\n<\/div>\n<div class=\"space space-l\">\n<\/div>\n\r\n      <div class=\"overlay-container image-text\">\r\n        \r\n          <img decoding=\"async\" src=\"https:\/\/www.saesgetters.com\/highvacuum\/wp-content\/uploads\/sites\/5\/2023\/10\/04.jpg\" srcset=\"https:\/\/www.saesgetters.com\/highvacuum\/wp-content\/uploads\/sites\/5\/2023\/10\/04.jpg 3840w, https:\/\/www.saesgetters.com\/highvacuum\/wp-content\/uploads\/sites\/5\/2023\/10\/04-300x169.jpg 300w, https:\/\/www.saesgetters.com\/highvacuum\/wp-content\/uploads\/sites\/5\/2023\/10\/04-1024x576.jpg 1024w, https:\/\/www.saesgetters.com\/highvacuum\/wp-content\/uploads\/sites\/5\/2023\/10\/04-768x432.jpg 768w, https:\/\/www.saesgetters.com\/highvacuum\/wp-content\/uploads\/sites\/5\/2023\/10\/04-1536x864.jpg 1536w, https:\/\/www.saesgetters.com\/highvacuum\/wp-content\/uploads\/sites\/5\/2023\/10\/04-2048x1152.jpg 2048w, https:\/\/www.saesgetters.com\/highvacuum\/wp-content\/uploads\/sites\/5\/2023\/10\/04-1920x1080.jpg 1920w, https:\/\/www.saesgetters.com\/highvacuum\/wp-content\/uploads\/sites\/5\/2023\/10\/04-618x348.jpg 618w, https:\/\/www.saesgetters.com\/highvacuum\/wp-content\/uploads\/sites\/5\/2023\/10\/04-880x495.jpg 880w\" alt=\"SAES Getters | 04\">      <\/div>\r\n<div class=\"space space-l\">\n<\/div>\n<div class=\"container align-items-center\">\n    <div class=\"col-6 order-md-2\">\n    <h3 class=\"h3 title\">Sviluppiamo sistemi integrati avanzati e prodotti altamente performanti <\/h3><div class=\"breadcrumbs\">Mission &amp; Vision<\/div><p>La Divisione SAES High Vacuum realizza sistemi da vuoto all&#8217;avanguardia basati su design innovativi e materiali funzionali. Collaboriamo strettamente con i nostri clienti per sviluppare soluzioni personalizzate che soddisfino delle esigenze specifiche. La nostra mission \u00e8 sfruttare la nostra esperienza in ingegneria del vuoto, scienza dei materiali, strumentazione e tecnologia getter per rispondere alle esigenze di innovazione dei nostri clienti nel settore della ricerca e dell&#8217;industria. Ci impegniamo a fornire soluzioni integrate e innovative, prodotti e supporto ingegneristico. <\/p>\n  <\/div>\n    <div class=\"col-6 order-md-1\">\n    <div class=\"overlay-container two-columns-image-text ratio-4-5\">\n      \n        <img decoding=\"async\" src=\"https:\/\/www.saesgetters.com\/highvacuum\/wp-content\/uploads\/sites\/5\/2023\/10\/02-1-784x980.png\" srcset=\"https:\/\/www.saesgetters.com\/highvacuum\/wp-content\/uploads\/sites\/5\/2023\/10\/02-1-784x980.png 784w, https:\/\/www.saesgetters.com\/highvacuum\/wp-content\/uploads\/sites\/5\/2023\/10\/02-1-880x1100.png 880w\" alt=\"SAES Getters | 02-1\"><div class=\"gradien-light\"><\/div>    <\/div>\n  <\/div>\n<\/div>\n<div class=\"space space-l\">\n<\/div>\n<div class=\"container align-items-center flip\">\n    <div class=\"col-6 order-md-2\">\n    <h3 class=\"h3 title\">Una storia di continua innovazione nell\u2019ambito del vuoto <\/h3><div class=\"breadcrumbs\">Tecnologie Principali<\/div><p>SAES \u00e8 leader nella fornitura di pompe getter non evaporabili (NEG) per applicazioni di alto vuoto, ultra-elevato ed estremo. Queste pompe vantano prestazioni senza pari in termini di velocit\u00e0 di pompaggio, pulizia, compattezza, consumo energetico, affidabilit\u00e0 e qualit\u00e0. Queste pompe sono il risultato di molti anni di ricerca e innovazione nei materiali getter per soddisfare le esigenze pi\u00f9 impegnative dei suoi clienti. <\/p>\n<p>Oltre alle pompe NEG, SAES offre camere e componenti per il vuoto per la ricerca, come le sorgenti di luce di sincrotrone di ultima generazione, acceleratori ed esperimenti di fusione, attraverso la sua societ\u00e0 SAES RIAL Vacuum. SAES. Mediante Cinel, SAES offre anche una gamma completa di strumentazione scientifica per sincrotroni e acceleratori, compresi camere a specchio e monocromatori, strumenti a raggi X, componenti front-end, componenti della linea di fasci e linee complete chiavi in mano. <\/p>\n  <\/div>\n    <div class=\"col-6 order-md-1\">\n    <div class=\"overlay-container two-columns-image-text ratio-4-5\">\n      \n        <img decoding=\"async\" src=\"https:\/\/www.saesgetters.com\/highvacuum\/wp-content\/uploads\/sites\/5\/2023\/10\/03-784x980.png\" srcset=\"https:\/\/www.saesgetters.com\/highvacuum\/wp-content\/uploads\/sites\/5\/2023\/10\/03-784x980.png 784w, https:\/\/www.saesgetters.com\/highvacuum\/wp-content\/uploads\/sites\/5\/2023\/10\/03-880x1100.png 880w\" alt=\"SAES Getters | 03\"><div class=\"gradien-light\"><\/div>    <\/div>\n  <\/div>\n<\/div>\n<div class=\"space space-l\">\n<\/div>\n","protected":false},"excerpt":{"rendered":"","protected":false},"author":2,"featured_media":0,"parent":0,"menu_order":0,"comment_status":"closed","ping_status":"closed","template":"","meta":{"inline_featured_image":false},"acf":[],"yoast_head":"<!-- This site is optimized with the Yoast SEO plugin v21.7 - https:\/\/yoast.com\/wordpress\/plugins\/seo\/ -->\n<title>About | SAES High Vacuum<\/title>\n<meta name=\"description\" content=\"La Divisione SAES High Vacuum realizza sistemi da vuoto all&#039;avanguardia basati su design innovativi e materiali funzionali. Collaboriamo strettamente con i n...\" \/>\n<meta name=\"robots\" content=\"index, follow, max-snippet:-1, max-image-preview:large, max-video-preview:-1\" \/>\n<link rel=\"canonical\" href=\"https:\/\/www.saesgetters.com\/highvacuum\/it\/about\/\" \/>\n<meta property=\"og:locale\" content=\"it_IT\" \/>\n<meta property=\"og:type\" content=\"article\" \/>\n<meta property=\"og:title\" content=\"About | SAES High Vacuum\" \/>\n<meta property=\"og:url\" content=\"https:\/\/www.saesgetters.com\/highvacuum\/it\/about\/\" \/>\n<meta property=\"og:site_name\" content=\"SAES High Vacuum\" \/>\n<meta property=\"article:modified_time\" content=\"2024-02-27T10:11:12+00:00\" \/>\n<meta property=\"og:image\" content=\"https:\/\/www.saesgetters.com\/highvacuum\/wp-content\/uploads\/sites\/5\/2023\/12\/vacuum-og-image.jpg\" \/>\n\t<meta property=\"og:image:width\" content=\"1200\" \/>\n\t<meta property=\"og:image:height\" content=\"675\" \/>\n\t<meta property=\"og:image:type\" content=\"image\/jpeg\" \/>\n<meta name=\"twitter:card\" content=\"summary_large_image\" \/>\n<script type=\"application\/ld+json\" class=\"yoast-schema-graph\">{\"@context\":\"https:\/\/schema.org\",\"@graph\":[{\"@type\":\"WebPage\",\"@id\":\"https:\/\/www.saesgetters.com\/highvacuum\/it\/about\/\",\"url\":\"https:\/\/www.saesgetters.com\/highvacuum\/it\/about\/\",\"name\":\"About | SAES High Vacuum\",\"isPartOf\":{\"@id\":\"https:\/\/www.saesgetters.com\/highvacuum\/it\/#website\"},\"datePublished\":\"2023-10-19T15:51:40+00:00\",\"dateModified\":\"2024-02-27T10:11:12+00:00\",\"breadcrumb\":{\"@id\":\"https:\/\/www.saesgetters.com\/highvacuum\/it\/about\/#breadcrumb\"},\"inLanguage\":\"it-IT\",\"potentialAction\":[{\"@type\":\"ReadAction\",\"target\":[\"https:\/\/www.saesgetters.com\/highvacuum\/it\/about\/\"]}]},{\"@type\":\"BreadcrumbList\",\"@id\":\"https:\/\/www.saesgetters.com\/highvacuum\/it\/about\/#breadcrumb\",\"itemListElement\":[{\"@type\":\"ListItem\",\"position\":1,\"name\":\"Home\",\"item\":\"https:\/\/www.saesgetters.com\/highvacuum\/it\/\"},{\"@type\":\"ListItem\",\"position\":2,\"name\":\"About\"}]},{\"@type\":\"WebSite\",\"@id\":\"https:\/\/www.saesgetters.com\/highvacuum\/it\/#website\",\"url\":\"https:\/\/www.saesgetters.com\/highvacuum\/it\/\",\"name\":\"SAES High Vacuum\",\"description\":\"Production Areas\",\"publisher\":{\"@id\":\"https:\/\/www.saesgetters.com\/highvacuum\/it\/#organization\"},\"potentialAction\":[{\"@type\":\"SearchAction\",\"target\":{\"@type\":\"EntryPoint\",\"urlTemplate\":\"https:\/\/www.saesgetters.com\/highvacuum\/it\/?s={search_term_string}\"},\"query-input\":\"required name=search_term_string\"}],\"inLanguage\":\"it-IT\"},{\"@type\":\"Organization\",\"@id\":\"https:\/\/www.saesgetters.com\/highvacuum\/it\/#organization\",\"name\":\"SAES Getters S.p.A.\",\"alternateName\":\"SAES Getters\",\"url\":\"https:\/\/www.saesgetters.com\/highvacuum\/it\/\",\"logo\":{\"@type\":\"ImageObject\",\"inLanguage\":\"it-IT\",\"@id\":\"https:\/\/www.saesgetters.com\/highvacuum\/it\/#\/schema\/logo\/image\/\",\"url\":\"https:\/\/www.saesgetters.com\/highvacuum\/wp-content\/uploads\/sites\/5\/2024\/01\/saes-getters-logo.svg\",\"contentUrl\":\"https:\/\/www.saesgetters.com\/highvacuum\/wp-content\/uploads\/sites\/5\/2024\/01\/saes-getters-logo.svg\",\"width\":\"1024\",\"height\":\"1024\",\"caption\":\"SAES Getters S.p.A.\"},\"image\":{\"@id\":\"https:\/\/www.saesgetters.com\/highvacuum\/it\/#\/schema\/logo\/image\/\"},\"sameAs\":[\"https:\/\/www.linkedin.com\/company\/saes-getters\/\"]}]}<\/script>\n<!-- \/ Yoast SEO plugin. -->","yoast_head_json":{"title":"About | SAES High Vacuum","description":"La Divisione SAES High Vacuum realizza sistemi da vuoto all'avanguardia basati su design innovativi e materiali funzionali. Collaboriamo strettamente con i n...","robots":{"index":"index","follow":"follow","max-snippet":"max-snippet:-1","max-image-preview":"max-image-preview:large","max-video-preview":"max-video-preview:-1"},"canonical":"https:\/\/www.saesgetters.com\/highvacuum\/it\/about\/","og_locale":"it_IT","og_type":"article","og_title":"About | SAES High Vacuum","og_url":"https:\/\/www.saesgetters.com\/highvacuum\/it\/about\/","og_site_name":"SAES High Vacuum","article_modified_time":"2024-02-27T10:11:12+00:00","og_image":[{"width":1200,"height":675,"url":"https:\/\/www.saesgetters.com\/highvacuum\/wp-content\/uploads\/sites\/5\/2023\/12\/vacuum-og-image.jpg","type":"image\/jpeg"}],"twitter_card":"summary_large_image","schema":{"@context":"https:\/\/schema.org","@graph":[{"@type":"WebPage","@id":"https:\/\/www.saesgetters.com\/highvacuum\/it\/about\/","url":"https:\/\/www.saesgetters.com\/highvacuum\/it\/about\/","name":"About | SAES High Vacuum","isPartOf":{"@id":"https:\/\/www.saesgetters.com\/highvacuum\/it\/#website"},"datePublished":"2023-10-19T15:51:40+00:00","dateModified":"2024-02-27T10:11:12+00:00","breadcrumb":{"@id":"https:\/\/www.saesgetters.com\/highvacuum\/it\/about\/#breadcrumb"},"inLanguage":"it-IT","potentialAction":[{"@type":"ReadAction","target":["https:\/\/www.saesgetters.com\/highvacuum\/it\/about\/"]}]},{"@type":"BreadcrumbList","@id":"https:\/\/www.saesgetters.com\/highvacuum\/it\/about\/#breadcrumb","itemListElement":[{"@type":"ListItem","position":1,"name":"Home","item":"https:\/\/www.saesgetters.com\/highvacuum\/it\/"},{"@type":"ListItem","position":2,"name":"About"}]},{"@type":"WebSite","@id":"https:\/\/www.saesgetters.com\/highvacuum\/it\/#website","url":"https:\/\/www.saesgetters.com\/highvacuum\/it\/","name":"SAES High Vacuum","description":"Production Areas","publisher":{"@id":"https:\/\/www.saesgetters.com\/highvacuum\/it\/#organization"},"potentialAction":[{"@type":"SearchAction","target":{"@type":"EntryPoint","urlTemplate":"https:\/\/www.saesgetters.com\/highvacuum\/it\/?s={search_term_string}"},"query-input":"required name=search_term_string"}],"inLanguage":"it-IT"},{"@type":"Organization","@id":"https:\/\/www.saesgetters.com\/highvacuum\/it\/#organization","name":"SAES Getters S.p.A.","alternateName":"SAES Getters","url":"https:\/\/www.saesgetters.com\/highvacuum\/it\/","logo":{"@type":"ImageObject","inLanguage":"it-IT","@id":"https:\/\/www.saesgetters.com\/highvacuum\/it\/#\/schema\/logo\/image\/","url":"https:\/\/www.saesgetters.com\/highvacuum\/wp-content\/uploads\/sites\/5\/2024\/01\/saes-getters-logo.svg","contentUrl":"https:\/\/www.saesgetters.com\/highvacuum\/wp-content\/uploads\/sites\/5\/2024\/01\/saes-getters-logo.svg","width":"1024","height":"1024","caption":"SAES Getters S.p.A."},"image":{"@id":"https:\/\/www.saesgetters.com\/highvacuum\/it\/#\/schema\/logo\/image\/"},"sameAs":["https:\/\/www.linkedin.com\/company\/saes-getters\/"]}]}},"_links":{"self":[{"href":"https:\/\/www.saesgetters.com\/highvacuum\/it\/wp-json\/wp\/v2\/pages\/611"}],"collection":[{"href":"https:\/\/www.saesgetters.com\/highvacuum\/it\/wp-json\/wp\/v2\/pages"}],"about":[{"href":"https:\/\/www.saesgetters.com\/highvacuum\/it\/wp-json\/wp\/v2\/types\/page"}],"author":[{"embeddable":true,"href":"https:\/\/www.saesgetters.com\/highvacuum\/it\/wp-json\/wp\/v2\/users\/2"}],"replies":[{"embeddable":true,"href":"https:\/\/www.saesgetters.com\/highvacuum\/it\/wp-json\/wp\/v2\/comments?post=611"}],"version-history":[{"count":7,"href":"https:\/\/www.saesgetters.com\/highvacuum\/it\/wp-json\/wp\/v2\/pages\/611\/revisions"}],"predecessor-version":[{"id":966,"href":"https:\/\/www.saesgetters.com\/highvacuum\/it\/wp-json\/wp\/v2\/pages\/611\/revisions\/966"}],"wp:attachment":[{"href":"https:\/\/www.saesgetters.com\/highvacuum\/it\/wp-json\/wp\/v2\/media?parent=611"}],"curies":[{"name":"wp","href":"https:\/\/api.w.org\/{rel}","templated":true}]}}