{"id":12510,"date":"2024-10-24T12:36:15","date_gmt":"2024-10-24T10:36:15","guid":{"rendered":"https:\/\/www.saesgetters.com\/informazioni-societarie\/corporate-documents\/"},"modified":"2024-12-16T16:19:41","modified_gmt":"2024-12-16T15:19:41","slug":"documenti-societari","status":"publish","type":"page","link":"https:\/\/www.saesgetters.com\/it\/informazioni-societarie\/documenti-societari\/","title":{"rendered":"Documenti Societari"},"content":{"rendered":"<div class=\"space space-xl\">\n<\/div>\n\n\n<div class=\"headline container\">\n    <div class=\"col-12\">\n    <h1 class=\"h1 title\">Documenti Societari<\/h1>\n\t\t<div class=\"breadcrumbs\">\n\t\t<\/div>  <\/div>\n<\/div>\n\n\n<div class=\"space space-l\">\n<\/div>\n\n\n<div data-anchor=\"Codici\" id=\"section-codici\" class=\"space space-l greyed\">\n<\/div>\n\n\n<div class=\"container greyed\">\n    <div class=\"col-12\">\n    <h3 class=\"h3 title\">Codici<\/h3><p>Il 22 dicembre 2004, il Consiglio di Amministrazione della Societ\u00e0 ha adottato il Codice Etico e di Condotta Aziendale, che costituisce parte integrante del Modello di Organizzazione, Gestione e Controllo approvato, nella stessa data, ai sensi del nuovo insieme di normative recentemente emanate in Italia (il Decreto Legislativo n. 231\/2001 sulle \u201cDisposizioni sulla Responsabilit\u00e0 Amministrativa delle Persone Giuridiche\u201d).<\/p>\n  <\/div>\n<\/div>\n\n\n  <div class=\"two-columns-document-text greyed\">\n            <div class=\"container reduce-document-block-margin\">\n          <div class=\"col-6\">\n            <div>\n              <div class=\"line\">\n  <div class=\"document-block\">\n    <div class=\"date-title\">\n      <div class=\"breadcrumbs\"><div>Pubblicato in data 13\/05\/2014<\/div><\/div><h3 class=\"h4 title\">Codice Etico e di Comportamento<\/h3>    <\/div>\n          <a class=\"download-updated\" href=\"\/wp-content\/themes\/saes\/inc\/assets\/documents\/italian\/SAES_Codice Etico_13052014_LAST.pdf\" target=\"_blank\">\n        <img decoding=\"async\" class=\"icon-download-arrow\" alt=\"Arrow Bottom Down Square Icon\" src=\"https:\/\/www.saesgetters.com\/wp-content\/themes\/saes\/inc\/assets\/images\/icon-download-arrow.svg\">\n        <div class=\"last-update\">Ultimo aggiornamento: 13\/05\/2014 00:00<\/div>      <\/a>\n      <\/div>\n<\/div>\n            <\/div>\n          <\/div>\n          <div class=\"col-6\">\n            <p>Il Codice di Etica e Condotta Aziendale di Saes Getters S.p.A. identifica i principi e i valori della Societ\u00e0, richiamando l\u2019attenzione sulle regole di condotta che sono di fondamentale importanza per il corretto funzionamento e l\u2019affidabilit\u00e0 della gestione e dell\u2019immagine di SAES Getters.<\/p>\n          <\/div>\n          <div class=\"col-12\">\n            <hr>\n          <\/div>\n        <\/div>\n                <div class=\"container reduce-document-block-margin\">\n          <div class=\"col-6\">\n            <div>\n              <div class=\"line\">\n  <div class=\"document-block\">\n    <div class=\"date-title\">\n      <div class=\"breadcrumbs\"><div>Pubblicato in data 18\/07\/2019<\/div><\/div><h3 class=\"h4 title\">Codice di Condotta dei Fornitori<\/h3>    <\/div>\n          <a class=\"download-updated\" href=\"\/wp-content\/themes\/saes\/inc\/assets\/documents\/italian\/Codice di Condotta dei Fornitori.pdf\" target=\"_blank\">\n        <img decoding=\"async\" class=\"icon-download-arrow\" alt=\"Arrow Bottom Down Square Icon\" src=\"https:\/\/www.saesgetters.com\/wp-content\/themes\/saes\/inc\/assets\/images\/icon-download-arrow.svg\">\n        <div class=\"last-update\">Ultimo aggiornamento: 18\/07\/2019 00:00<\/div>      <\/a>\n      <\/div>\n<\/div>\n            <\/div>\n          <\/div>\n          <div class=\"col-6\">\n            <p>La societ\u00e0 adotta e promuove tra i suoi stakeholder un approccio coerente con i suoi obiettivi strategici e operativi e conforme alla legge e alle normative applicabili. Il Codice di Condotta per i Fornitori si applica a tutti i fornitori di SAES, che sono a loro volta incoraggiati a condividerlo e a promuoverne l\u2019applicazione tra i propri fornitori, sostenendo cos\u00ec la sostenibilit\u00e0 dell\u2019intera catena di approvvigionamento.<\/p>\n          <\/div>\n          <div class=\"col-12\">\n            <hr>\n          <\/div>\n        <\/div>\n                <div class=\"container reduce-document-block-margin\">\n          <div class=\"col-6\">\n            <div>\n              <div class=\"line\">\n  <div class=\"document-block\">\n    <div class=\"date-title\">\n      <div class=\"breadcrumbs\"><div>Pubblicato in data 07\/06\/2022<\/div><\/div><h3 class=\"h4 title\">Codice Anticorruzione<\/h3>    <\/div>\n          <a class=\"download-updated\" href=\"https:\/\/www.saesgetters.com\/wp-content\/uploads\/2024\/02\/Codice-Anti-Corruzione-Internazionale-SAES-Group_07.06.22.pdf\" target=\"_blank\">\n        <img decoding=\"async\" class=\"icon-download-arrow\" alt=\"Arrow Bottom Down Square Icon\" src=\"https:\/\/www.saesgetters.com\/wp-content\/themes\/saes\/inc\/assets\/images\/icon-download-arrow.svg\">\n        <div class=\"last-update\">Ultimo aggiornamento: 07\/06\/2022 00:00<\/div>      <\/a>\n      <\/div>\n<\/div>\n            <\/div>\n          <\/div>\n          <div class=\"col-6\">\n            <p>Con lo scopo di promuovere la conformit\u00e0 agli standard etici ed il pieno rispetto delle normative nazionali e internazionali in materia di prevenzione della corruzione attiva e passiva di soggetti pubblici e privati in tutte le sue forme, il Consiglio di Amministrazione di SAES Getters S.p.A. (in qualit\u00e0 di capogruppo del Gruppo SAES) ha approvato in data 18 aprile 2019 un Codice Anti-corruzione che si applica in tutte le societ\u00e0 del Gruppo.<\/p>\n          <\/div>\n          <div class=\"col-12\">\n            <hr>\n          <\/div>\n        <\/div>\n                <div class=\"container reduce-document-block-margin\">\n          <div class=\"col-6\">\n            <div>\n              <div class=\"line\">\n  <div class=\"document-block\">\n    <div class=\"date-title\">\n      <div class=\"breadcrumbs\"><div>Pubblicato in data 07\/06\/2022<\/div><\/div><h3 class=\"h4 title\">Codice di Condotta Commerciale<\/h3>    <\/div>\n          <a class=\"download-updated\" href=\"\/wp-content\/themes\/saes\/inc\/assets\/documents\/italian\/Codice di condotta commerciale SAES Group_07.06.22.pdf\" target=\"_blank\">\n        <img decoding=\"async\" class=\"icon-download-arrow\" alt=\"Arrow Bottom Down Square Icon\" src=\"https:\/\/www.saesgetters.com\/wp-content\/themes\/saes\/inc\/assets\/images\/icon-download-arrow.svg\">\n        <div class=\"last-update\">Ultimo aggiornamento: 07\/06\/2022 15:35<\/div>      <\/a>\n      <\/div>\n<\/div>\n            <\/div>\n          <\/div>\n          <div class=\"col-6\">\n            <p>Pienamente consapevole delle responsabilit\u00e0 nei confronti dei suoi clienti e delle comunit\u00e0 in cui il Gruppo SAES opera, il Consiglio di Amministrazione di SAES Getters S.p.A. (in qualit\u00e0 di capogruppo del Gruppo SAES) ha approvato in data 18 aprile 2019 un codice di condotta commerciale che definisce e regola i comportamenti a cui dipendenti, amministratori, collaboratori e partner della Societ\u00e0 e delle societ\u00e0 del Gruppo devono attenersi nella gestione degli affari.<\/p>\n          <\/div>\n          <div class=\"col-12\">\n            <hr>\n          <\/div>\n        <\/div>\n          <\/div>\n  \n\n<div class=\"space space-l greyed\">\n<\/div>\n\n\n<div data-anchor=\"Modello 231\" id=\"section-modello-231\" class=\"space space-l\">\n<\/div>\n\n\n  <div class=\"container title-hr\">\n    <div class=\"col-12\">\n      <h3 class=\"h3 title\">Modello 231<\/h3>\n      <hr>\n    <\/div>\n  <\/div>\n    <div class=\"two-columns-document-text\">\n            <div class=\"container reduce-document-block-margin\">\n          <div class=\"col-6\">\n            <div>\n              <div class=\"line\">\n  <div class=\"document-block\">\n    <div class=\"date-title\">\n      <div class=\"breadcrumbs\"><div>Pubblicato in data 19\/12\/2023<\/div><\/div><h3 class=\"h4 title\">Modello di Organizzazione, Gestione e Controllo ex D. Lgs. n. 231\/2001<\/h3>    <\/div>\n          <a class=\"download-updated\" href=\"https:\/\/www.saesgetters.com\/wp-content\/uploads\/2024\/01\/MOG-231-Parte-Generale-ITA_final-19.12.2023.pdf\" target=\"_blank\">\n        <img decoding=\"async\" class=\"icon-download-arrow\" alt=\"Arrow Bottom Down Square Icon\" src=\"https:\/\/www.saesgetters.com\/wp-content\/themes\/saes\/inc\/assets\/images\/icon-download-arrow.svg\">\n        <div class=\"last-update\">Ultimo aggiornamento: 19\/12\/2023 17:40<\/div>      <\/a>\n      <\/div>\n<\/div>\n            <\/div>\n          <\/div>\n          <div class=\"col-6\">\n            <p>A seguito dell\u2019entrata in vigore del D.Lgs 8 giugno 2001, n. 231, che ha introdotto per la prima volta nel nostro ordinamento un regime di \u201cresponsabilit\u00e0 amministrativa\u201d a carico delle societ\u00e0, SAES Getters S.p.A. (di seguito \u201cSAES\u201d o \u201cla Societ\u00e0\u201d), sensibile all\u2019esigenza di assicurare condizioni di correttezza e trasparenza nella conduzione degli affari e delle attivit\u00e0 aziendali, a tutela della propria posizione ed immagine, delle aspettative dei propri azionisti e del lavoro dei propri dipendenti, ha ritenuto di dotarsi di un modello di organizzazione, gestione e controllo in risposta alle prescrizioni di tale nuova normativa.<\/p>\n<p>\u00c8 infatti convinzione della Societ\u00e0 che l\u2019adozione del Modello costituisca, oltre che un valido strumento di sensibilizzazione di tutti coloro che operano per conto della Societ\u00e0, affinch\u00e9 tengano comportamenti corretti e lineari nell\u2019espletamento delle proprie attivit\u00e0, anche un imprescindibile mezzo di prevenzione contro il rischio di commissione dei reati e degli illeciti amministrativi previsti dalla normativa di riferimento.<\/p>\n          <\/div>\n          <div class=\"col-12\">\n            <hr>\n          <\/div>\n        <\/div>\n          <\/div>\n  \n\n<div class=\"space space-xl\">\n<\/div>\n","protected":false},"excerpt":{"rendered":"","protected":false},"author":2,"featured_media":0,"parent":12498,"menu_order":0,"comment_status":"closed","ping_status":"closed","template":"","meta":{"inline_featured_image":false},"acf":[],"yoast_head":"<!-- This site is optimized with the Yoast SEO plugin v21.7 - https:\/\/yoast.com\/wordpress\/plugins\/seo\/ -->\n<title>Documenti Societari | SAES Getters<\/title>\n<meta name=\"robots\" content=\"index, follow, max-snippet:-1, max-image-preview:large, max-video-preview:-1\" \/>\n<link rel=\"canonical\" href=\"https:\/\/www.saesgetters.com\/it\/informazioni-societarie\/documenti-societari\/\" \/>\n<meta property=\"og:locale\" content=\"it_IT\" \/>\n<meta property=\"og:type\" content=\"article\" \/>\n<meta property=\"og:title\" content=\"Documenti Societari | SAES Getters\" \/>\n<meta property=\"og:url\" content=\"https:\/\/www.saesgetters.com\/it\/informazioni-societarie\/documenti-societari\/\" \/>\n<meta property=\"og:site_name\" content=\"SAES Getters\" \/>\n<meta property=\"article:modified_time\" content=\"2024-12-16T15:19:41+00:00\" \/>\n<meta property=\"og:image\" content=\"https:\/\/www.saesgetters.com\/wp-content\/uploads\/2023\/12\/saes-getters-og-image.jpg\" \/>\n\t<meta property=\"og:image:width\" content=\"1200\" \/>\n\t<meta property=\"og:image:height\" content=\"675\" \/>\n\t<meta property=\"og:image:type\" content=\"image\/jpeg\" \/>\n<meta name=\"twitter:card\" content=\"summary_large_image\" \/>\n<script type=\"application\/ld+json\" class=\"yoast-schema-graph\">{\"@context\":\"https:\/\/schema.org\",\"@graph\":[{\"@type\":\"WebPage\",\"@id\":\"https:\/\/www.saesgetters.com\/it\/informazioni-societarie\/documenti-societari\/\",\"url\":\"https:\/\/www.saesgetters.com\/it\/informazioni-societarie\/documenti-societari\/\",\"name\":\"Documenti Societari | SAES Getters\",\"isPartOf\":{\"@id\":\"https:\/\/www.saesgetters.com\/it\/#website\"},\"datePublished\":\"2024-10-24T10:36:15+00:00\",\"dateModified\":\"2024-12-16T15:19:41+00:00\",\"breadcrumb\":{\"@id\":\"https:\/\/www.saesgetters.com\/it\/informazioni-societarie\/documenti-societari\/#breadcrumb\"},\"inLanguage\":\"it-IT\",\"potentialAction\":[{\"@type\":\"ReadAction\",\"target\":[\"https:\/\/www.saesgetters.com\/it\/informazioni-societarie\/documenti-societari\/\"]}]},{\"@type\":\"BreadcrumbList\",\"@id\":\"https:\/\/www.saesgetters.com\/it\/informazioni-societarie\/documenti-societari\/#breadcrumb\",\"itemListElement\":[{\"@type\":\"ListItem\",\"position\":1,\"name\":\"Home\",\"item\":\"https:\/\/www.saesgetters.com\/it\/\"},{\"@type\":\"ListItem\",\"position\":2,\"name\":\"Informazioni Societarie\",\"item\":\"https:\/\/www.saesgetters.com\/it\/informazioni-societarie\/\"},{\"@type\":\"ListItem\",\"position\":3,\"name\":\"Documenti Societari\"}]},{\"@type\":\"WebSite\",\"@id\":\"https:\/\/www.saesgetters.com\/it\/#website\",\"url\":\"https:\/\/www.saesgetters.com\/it\/\",\"name\":\"SAES Getters\",\"description\":\"Research &amp; Innovation\",\"publisher\":{\"@id\":\"https:\/\/www.saesgetters.com\/it\/#organization\"},\"potentialAction\":[{\"@type\":\"SearchAction\",\"target\":{\"@type\":\"EntryPoint\",\"urlTemplate\":\"https:\/\/www.saesgetters.com\/it\/?s={search_term_string}\"},\"query-input\":\"required name=search_term_string\"}],\"inLanguage\":\"it-IT\"},{\"@type\":\"Organization\",\"@id\":\"https:\/\/www.saesgetters.com\/it\/#organization\",\"name\":\"SAES Getters S.p.A.\",\"alternateName\":\"SAES Getters\",\"url\":\"https:\/\/www.saesgetters.com\/it\/\",\"logo\":{\"@type\":\"ImageObject\",\"inLanguage\":\"it-IT\",\"@id\":\"https:\/\/www.saesgetters.com\/it\/#\/schema\/logo\/image\/\",\"url\":\"https:\/\/www.saesgetters.com\/wp-content\/uploads\/2023\/07\/saes-getters-logo.svg\",\"contentUrl\":\"https:\/\/www.saesgetters.com\/wp-content\/uploads\/2023\/07\/saes-getters-logo.svg\",\"width\":\"1024\",\"height\":\"1024\",\"caption\":\"SAES Getters S.p.A.\"},\"image\":{\"@id\":\"https:\/\/www.saesgetters.com\/it\/#\/schema\/logo\/image\/\"},\"sameAs\":[\"https:\/\/www.linkedin.com\/company\/saes-getters\/\"]}]}<\/script>\n<!-- \/ Yoast SEO plugin. -->","yoast_head_json":{"title":"Documenti Societari | SAES Getters","robots":{"index":"index","follow":"follow","max-snippet":"max-snippet:-1","max-image-preview":"max-image-preview:large","max-video-preview":"max-video-preview:-1"},"canonical":"https:\/\/www.saesgetters.com\/it\/informazioni-societarie\/documenti-societari\/","og_locale":"it_IT","og_type":"article","og_title":"Documenti Societari | SAES Getters","og_url":"https:\/\/www.saesgetters.com\/it\/informazioni-societarie\/documenti-societari\/","og_site_name":"SAES Getters","article_modified_time":"2024-12-16T15:19:41+00:00","og_image":[{"width":1200,"height":675,"url":"https:\/\/www.saesgetters.com\/wp-content\/uploads\/2023\/12\/saes-getters-og-image.jpg","type":"image\/jpeg"}],"twitter_card":"summary_large_image","schema":{"@context":"https:\/\/schema.org","@graph":[{"@type":"WebPage","@id":"https:\/\/www.saesgetters.com\/it\/informazioni-societarie\/documenti-societari\/","url":"https:\/\/www.saesgetters.com\/it\/informazioni-societarie\/documenti-societari\/","name":"Documenti Societari | SAES Getters","isPartOf":{"@id":"https:\/\/www.saesgetters.com\/it\/#website"},"datePublished":"2024-10-24T10:36:15+00:00","dateModified":"2024-12-16T15:19:41+00:00","breadcrumb":{"@id":"https:\/\/www.saesgetters.com\/it\/informazioni-societarie\/documenti-societari\/#breadcrumb"},"inLanguage":"it-IT","potentialAction":[{"@type":"ReadAction","target":["https:\/\/www.saesgetters.com\/it\/informazioni-societarie\/documenti-societari\/"]}]},{"@type":"BreadcrumbList","@id":"https:\/\/www.saesgetters.com\/it\/informazioni-societarie\/documenti-societari\/#breadcrumb","itemListElement":[{"@type":"ListItem","position":1,"name":"Home","item":"https:\/\/www.saesgetters.com\/it\/"},{"@type":"ListItem","position":2,"name":"Informazioni Societarie","item":"https:\/\/www.saesgetters.com\/it\/informazioni-societarie\/"},{"@type":"ListItem","position":3,"name":"Documenti Societari"}]},{"@type":"WebSite","@id":"https:\/\/www.saesgetters.com\/it\/#website","url":"https:\/\/www.saesgetters.com\/it\/","name":"SAES Getters","description":"Research &amp; Innovation","publisher":{"@id":"https:\/\/www.saesgetters.com\/it\/#organization"},"potentialAction":[{"@type":"SearchAction","target":{"@type":"EntryPoint","urlTemplate":"https:\/\/www.saesgetters.com\/it\/?s={search_term_string}"},"query-input":"required name=search_term_string"}],"inLanguage":"it-IT"},{"@type":"Organization","@id":"https:\/\/www.saesgetters.com\/it\/#organization","name":"SAES Getters S.p.A.","alternateName":"SAES Getters","url":"https:\/\/www.saesgetters.com\/it\/","logo":{"@type":"ImageObject","inLanguage":"it-IT","@id":"https:\/\/www.saesgetters.com\/it\/#\/schema\/logo\/image\/","url":"https:\/\/www.saesgetters.com\/wp-content\/uploads\/2023\/07\/saes-getters-logo.svg","contentUrl":"https:\/\/www.saesgetters.com\/wp-content\/uploads\/2023\/07\/saes-getters-logo.svg","width":"1024","height":"1024","caption":"SAES Getters S.p.A."},"image":{"@id":"https:\/\/www.saesgetters.com\/it\/#\/schema\/logo\/image\/"},"sameAs":["https:\/\/www.linkedin.com\/company\/saes-getters\/"]}]}},"_links":{"self":[{"href":"https:\/\/www.saesgetters.com\/it\/wp-json\/wp\/v2\/pages\/12510"}],"collection":[{"href":"https:\/\/www.saesgetters.com\/it\/wp-json\/wp\/v2\/pages"}],"about":[{"href":"https:\/\/www.saesgetters.com\/it\/wp-json\/wp\/v2\/types\/page"}],"author":[{"embeddable":true,"href":"https:\/\/www.saesgetters.com\/it\/wp-json\/wp\/v2\/users\/2"}],"replies":[{"embeddable":true,"href":"https:\/\/www.saesgetters.com\/it\/wp-json\/wp\/v2\/comments?post=12510"}],"version-history":[{"count":0,"href":"https:\/\/www.saesgetters.com\/it\/wp-json\/wp\/v2\/pages\/12510\/revisions"}],"up":[{"embeddable":true,"href":"https:\/\/www.saesgetters.com\/it\/wp-json\/wp\/v2\/pages\/12498"}],"wp:attachment":[{"href":"https:\/\/www.saesgetters.com\/it\/wp-json\/wp\/v2\/media?parent=12510"}],"curies":[{"name":"wp","href":"https:\/\/api.w.org\/{rel}","templated":true}]}}