{"id":12520,"date":"2024-10-24T18:13:40","date_gmt":"2024-10-24T16:13:40","guid":{"rendered":"https:\/\/www.saesgetters.com\/informazioni-societarie\/archivi-informazioni-regolamentate\/extra-ordinary-operations\/"},"modified":"2025-01-24T14:57:07","modified_gmt":"2025-01-24T13:57:07","slug":"operazioni-straordinarie","status":"publish","type":"page","link":"https:\/\/www.saesgetters.com\/it\/informazioni-societarie\/archivi-informazioni-regolamentate\/operazioni-straordinarie\/","title":{"rendered":"Operazioni Straordinarie"},"content":{"rendered":"<div class=\"space space-xl\">\n<\/div>\n\n\n<div class=\"headline container\">\n    <div class=\"col-12\">\n    <h1 class=\"h1 title\">Operazioni Straordinarie<\/h1>\n\t\t<div class=\"breadcrumbs\">\n\t\t<\/div>  <\/div>\n<\/div>\n\n\n<div class=\"space space-m\">\n<\/div>\n\n\n<div class=\"container\">\n      <div class=\"col-6\">\n      <div>\n              <\/div>\n    <\/div>\n        <div class=\"col-6\">\n      <div>\n        <p>Questa sezione del sito contiene informazioni e documenti relativi alle operazioni straordinarie intraprese dal Gruppo SAES.<\/p>\n      <\/div>\n    <\/div>\n    <\/div>\n\n\n<div class=\"space space-l\">\n<\/div>\n\n\n<!-- Space -->\n<div class=\"space space-solution-m greyed-solution\">\n<\/div>\n  <div class=\"container title-hr greyed-solution\">\n    <div class=\"col-12\">\n      <h3 class=\"h3 title\">Offerta Pubblica di Acquisto Volontaria Totalitaria (L\u2019\u201cOPA\u201d) di S.G.G. Holding S.p.A.(L\u2019\u201cOFFERENTE\u201d) su Azioni si SAES Getters S.p.A. (LE \u201cAZIONI\u201d)<\/h3>\n      <hr>\n    <\/div>\n  <\/div>\n  <!-- Space -->\n<div class=\"space space-solution-l greyed-solution\">\n<\/div>\n\n\n<div class=\"container\">\n      <div class=\"col-6\">\n      <div>\n        <p>L\u2019Opa, il cui periodo di accettazione inizia solo dopo la pubblicazione del relativo documento di offerta, \u00e8 promossa esclusivamente in Italia in quanto le Azioni sono quotate esclusivamente su Euronext Milan (\u201c<strong>EXM<\/strong>\u201d), segmento Euronext STAR Milan, ed \u00e8 rivolta, a parit\u00e0 di condizioni, a tutti gli azionisti titolari di Azioni.<\/p>\n<p>L\u2019Opa non \u00e8 stata e non sar\u00e0 promossa, n\u00e9 diffusa, direttamente o indirettamente, negli Stati Uniti d\u2019America, Canada, Giappone e Australia, n\u00e9 in ogni altro Stato in cui tale Opa non sia consentita in assenza di autorizzazione da parte delle competenti autorit\u00e0 o altri adempimenti da parte dell\u2019Offerente, o sia in violazione di norme o regolamenti locali (gli \u201c<strong>Altri Paesi<\/strong>\u201d), n\u00e9 utilizzando strumenti di comunicazione o commercio internazionale (ivi inclusi, a titolo esemplificativo, la rete postale, il\u00a0<em>fax<\/em>, il\u00a0<em>telex<\/em>, la posta elettronica, il telefono ed\u00a0<em>internet<\/em>) degli Stati Uniti d\u2019America, Canada, Giappone, Australia o degli Altri Paesi, n\u00e9 attraverso qualsivoglia struttura di alcuno degli intermediari finanziari degli Stati Uniti d\u2019America, Canada, Giappone, Australia o degli Altri Paesi, n\u00e9 in alcun altro modo.<\/p>\n<p>Copia del documento di offerta e parte di esso, cos\u00ec come copia di qualsiasi documento relativo all\u2019Opa, non sono e non dovranno essere inviati, n\u00e9 in qualsiasi modo trasmessi, o comunque distribuiti, direttamente o indirettamente, negli Stati Uniti d\u2019America, Canada, Giappone, Australia o negli Altri Paesi.<\/p>\n      <\/div>\n    <\/div>\n        <div class=\"col-6\">\n      <div>\n        <p>Chiunque riceva i suddetti documenti, non deve e non dovr\u00e0 distribuirli, inviarli o spedirli (n\u00e9 a mezzo di posta, n\u00e9 attraverso alcun altro mezzo o strumento di comunicazione o commercio internazionale) negli Stati Uniti d\u2019America, Canada, Giappone, Australia o negli Altri Paesi.<\/p>\n<p>Non saranno accettate eventuali adesioni all\u2019Opa conseguenti ad attivit\u00e0 di sollecitazione poste in essere in violazione delle limitazioni di cui sopra.<\/p>\n<p>Il documento di offerta, cos\u00ec come ogni altro documento relativo all\u2019Opa, non costituiscono e non potranno pertanto essere interpretati quali offerta di strumenti finanziari rivolta a soggetti domiciliati e\/o residenti negli Stati Uniti d\u2019America, Canada, Giappone, Australia o negli Altri Paesi. Nessuno strumento pu\u00f2 essere offerto o compravenduto negli Stati Uniti d\u2019America, Canada, Giappone, Australia o negli Altri Paesi in assenza di specifica autorizzazione in conformit\u00e0 alle applicabili disposizioni della legge locale di detti stati o degli Altri Paesi, ovvero in deroga alle medesime disposizioni.<\/p>\n              <a class=\"btn\" href=\"https:\/\/www.saesgetters.com\/it\/informazioni-societarie\/archivi-informazioni-regolamentate\/operazioni-straordinarie\/opa-2024\/\">\n                <span class='the-arrow -left'>\n                  <span class='shaft'><\/span>\n                <\/span>\n                <span class=\"main\">\n                  <span class=\"text\">Consulta i documenti<\/span>\n                  <span class='the-arrow -right'>\n                    <span class='shaft'><\/span>\n                  <\/span>\n                <\/span>\n                <span class=\"circle-effect\"><\/span>\n              <\/a>\n                    <\/div>\n    <\/div>\n    <\/div>\n\n\n<div class=\"space space-m\">\n<\/div>\n\n\n<!-- Space -->\n<div class=\"space space-solution-m greyed-solution\">\n<\/div>\n  <div class=\"container title-hr greyed-solution\">\n    <div class=\"col-12\">\n      <h3 class=\"h3 title\">Offerta Pubblica di Acquisto Volontaria Parziale (la \u201cOfferta Pubblica\u201d) di SAES Getters S.p.A. su Azioni Proprie (le \u201cAzioni Risparmio\u201d)<\/h3>\n      <hr>\n    <\/div>\n  <\/div>\n  <!-- Space -->\n<div class=\"space space-solution-l greyed-solution\">\n<\/div>\n\n\n<div class=\"container\">\n      <div class=\"col-6\">\n      <div>\n        <p>L\u2019offerta pubblica di acquisto, il cui periodo di accettazione inizia solo a seguito della pubblicazione del relativo documento offerta, \u00e8 promossa esclusivamente in Italia, poich\u00e9 le Azioni Risparmio sono quotate esclusivamente sul segmento EXM \u2013 Euronext STAR, ed \u00e8 rivolta, in condizioni di parit\u00e0, a tutti gli azionisti che detengono Azioni Risparmio. Il documento offerta, cos\u00ec come qualsiasi altro documento relativo all\u2019offerta pubblica, non costituisce e non pu\u00f2 essere interpretato come un\u2019offerta di strumenti finanziari rivolta a soggetti domiciliati e\/o residenti negli Stati Uniti d\u2019America, Canada, Giappone, Australia o altri paesi. Nessuno strumento pu\u00f2 essere offerto o venduto negli Stati Uniti d\u2019America, Canada, Giappone, Australia o negli Altri Paesi senza specifica autorizzazione in conformit\u00e0 alle disposizioni applicabili della legge locale di quegli Stati o degli Altri Paesi o in deroga alle stesse disposizioni.<\/p>\n      <\/div>\n    <\/div>\n        <div class=\"col-6\">\n      <div>\n        <p>Il documento offerta, cos\u00ec come qualsiasi altro documento relativo all\u2019offerta pubblica, non costituisce e non pu\u00f2 essere interpretato come un\u2019offerta di strumenti finanziari rivolta a soggetti domiciliati e\/o residenti negli Stati Uniti d\u2019America, Canada, Giappone, Australia o altri paesi. Nessuno strumento pu\u00f2 essere offerto o venduto negli Stati Uniti d\u2019America, Canada, Giappone, Australia o negli Altri Paesi senza specifica autorizzazione in conformit\u00e0 alle disposizioni applicabili della legge locale di quegli Stati o degli Altri Paesi o in deroga alle stesse disposizioni.<\/p>\n              <a class=\"btn\" href=\"https:\/\/www.saesgetters.com\/it\/informazioni-societarie\/archivi-informazioni-regolamentate\/operazioni-straordinarie\/opa-2023\/\">\n                <span class='the-arrow -left'>\n                  <span class='shaft'><\/span>\n                <\/span>\n                <span class=\"main\">\n                  <span class=\"text\">Consulta i documenti<\/span>\n                  <span class='the-arrow -right'>\n                    <span class='shaft'><\/span>\n                  <\/span>\n                <\/span>\n                <span class=\"circle-effect\"><\/span>\n              <\/a>\n                    <\/div>\n    <\/div>\n    <\/div>\n\n\n<div class=\"container\">\n  <div class=\"col-12\">\n    <p class=\"notes\">Delibere in materia di concentrazioni.<\/p>  <\/div>\n<\/div>\n\n\n<div class=\"space space-m\">\n<\/div>\n\n\n<!-- Space -->\n<div class=\"space space-solution-m greyed-solution\">\n<\/div>\n  <div class=\"container title-hr greyed-solution\">\n    <div class=\"col-12\">\n      <h3 class=\"h3 title\">Fusione societaria di SAES International S.r.l. in SAES Getters S.p.A.<\/h3>\n      <hr>\n    <\/div>\n  <\/div>\n    <div class=\"container reduce-document-block-margin greyed-solution\">\n    <div class=\"col-6\">      <div>\n        <div class=\"line\">\n  <div class=\"document-block\">\n    <div class=\"date-title\">\n      <div class=\"breadcrumbs\"><div>Pubblicato in data 13\/09\/2022<\/div><\/div><h3 class=\"h4 title\">Progetto di fusione di SAES International S.r.l. in SAES Getters S.p.A. &#8211; deposito documentazione &#8211; press<\/h3>    <\/div>\n          <a class=\"download-updated\" href=\"\/wp-content\/themes\/saes\/inc\/assets\/documents\/italian\/Press pubblicazione progetto fusione_ita.pdf\" target=\"_blank\">\n        <img decoding=\"async\" class=\"icon-download-arrow\" alt=\"Arrow Bottom Down Square Icon\" src=\"https:\/\/www.saesgetters.com\/wp-content\/themes\/saes\/inc\/assets\/images\/icon-download-arrow.svg\">\n        <div class=\"last-update\">Ultimo aggiornamento: 13\/09\/2022 12:44<\/div>      <\/a>\n      <\/div>\n<\/div>\n      <\/div>\n      <\/div><div class=\"col-6\">      <div>\n        <div class=\"line\">\n  <div class=\"document-block\">\n    <div class=\"date-title\">\n      <div class=\"breadcrumbs\"><div>Pubblicato in data 08\/03\/2024<\/div><\/div><h3 class=\"h4 title\">Delibera di fusione SAES Getters SpA<\/h3>    <\/div>\n          <a class=\"download-updated\" href=\"https:\/\/www.saesgetters.com\/wp-content\/uploads\/2024\/03\/74968FZ-verbale-CdA-mil.pdf\" target=\"_blank\">\n        <img decoding=\"async\" class=\"icon-download-arrow\" alt=\"Arrow Bottom Down Square Icon\" src=\"https:\/\/www.saesgetters.com\/wp-content\/themes\/saes\/inc\/assets\/images\/icon-download-arrow.svg\">\n        <div class=\"last-update\">Ultimo aggiornamento: 08\/03\/2024 11:53<\/div>      <\/a>\n      <\/div>\n<\/div>\n      <\/div>\n      <\/div><div class=\"col-6\">      <div>\n        <div class=\"line\">\n  <div class=\"document-block\">\n    <div class=\"date-title\">\n      <div class=\"breadcrumbs\"><div>Pubblicato in data 08\/03\/2024<\/div><\/div><h3 class=\"h4 title\">Delibera di fusione SAES International S.r.l.<\/h3>    <\/div>\n          <a class=\"download-updated\" href=\"https:\/\/www.saesgetters.com\/wp-content\/uploads\/2024\/03\/74969FZ-verbale-SHM-sgi.pdf\" target=\"_blank\">\n        <img decoding=\"async\" class=\"icon-download-arrow\" alt=\"Arrow Bottom Down Square Icon\" src=\"https:\/\/www.saesgetters.com\/wp-content\/themes\/saes\/inc\/assets\/images\/icon-download-arrow.svg\">\n        <div class=\"last-update\">Ultimo aggiornamento: 08\/03\/2024 11:54<\/div>      <\/a>\n      <\/div>\n<\/div>\n      <\/div>\n      <\/div>  <\/div>\n  <!-- Space -->\n<div class=\"space space-solution-l greyed-solution\">\n<\/div>\n\n\n<div class=\"space space-m\">\n<\/div>\n\n\n<!-- Space -->\n<div class=\"space space-solution-m greyed-solution\">\n<\/div>\n  <div class=\"container title-hr greyed-solution\">\n    <div class=\"col-12\">\n      <h3 class=\"h3 title\">Fusione della societ\u00e0 interamente controllata SAES Advanced Technologies S.p.A. in SAES Getters S.p.A.<\/h3>\n      <hr>\n    <\/div>\n  <\/div>\n    <div class=\"container reduce-document-block-margin greyed-solution\">\n    <div class=\"col-6\">      <div>\n        <div class=\"line\">\n  <div class=\"document-block\">\n    <div class=\"date-title\">\n      <div class=\"breadcrumbs\"><div>Pubblicato in data 23\/06\/2016<\/div><\/div><h3 class=\"h4 title\">Delibera fusione SAES Advanced Technolgies S.p.A.<\/h3>    <\/div>\n          <a class=\"download-updated\" href=\"https:\/\/www.saesgetters.com\/wp-content\/uploads\/2024\/03\/Delibera-fusione-445F-SAT.pdf\" target=\"_blank\">\n        <img decoding=\"async\" class=\"icon-download-arrow\" alt=\"Arrow Bottom Down Square Icon\" src=\"https:\/\/www.saesgetters.com\/wp-content\/themes\/saes\/inc\/assets\/images\/icon-download-arrow.svg\">\n        <div class=\"last-update\">Ultimo aggiornamento: 23\/06\/2016 11:33<\/div>      <\/a>\n      <\/div>\n<\/div>\n      <\/div>\n      <\/div><div class=\"col-6\">      <div>\n        <div class=\"line\">\n  <div class=\"document-block\">\n    <div class=\"date-title\">\n      <div class=\"breadcrumbs\"><div>Pubblicato in data 23\/06\/2016<\/div><\/div><h3 class=\"h4 title\">Delibera fusione SAES Getters S.p.A.<\/h3>    <\/div>\n          <a class=\"download-updated\" href=\"https:\/\/www.saesgetters.com\/wp-content\/uploads\/2024\/03\/Delibera-fusione-446F-SAES.pdf\" target=\"_blank\">\n        <img decoding=\"async\" class=\"icon-download-arrow\" alt=\"Arrow Bottom Down Square Icon\" src=\"https:\/\/www.saesgetters.com\/wp-content\/themes\/saes\/inc\/assets\/images\/icon-download-arrow.svg\">\n        <div class=\"last-update\">Ultimo aggiornamento: 23\/06\/2016 11:32<\/div>      <\/a>\n      <\/div>\n<\/div>\n      <\/div>\n      <\/div><div class=\"col-6\">      <div>\n        <div class=\"line\">\n  <div class=\"document-block\">\n    <div class=\"date-title\">\n      <div class=\"breadcrumbs\"><div>Pubblicato in data 08\/03\/2024<\/div><\/div><h3 class=\"h4 title\">Bilanci degli ultimi tre esercizi delle societ\u00e0 partecipanti alla fusione<\/h3>    <\/div>\n          <a class=\"download-updated\" href=\"https:\/\/www.saesgetters.com\/wp-content\/uploads\/2024\/03\/Bilanci-societa-partecipanti-alla-fusione-1.pdf\" target=\"_blank\">\n        <img decoding=\"async\" class=\"icon-download-arrow\" alt=\"Arrow Bottom Down Square Icon\" src=\"https:\/\/www.saesgetters.com\/wp-content\/themes\/saes\/inc\/assets\/images\/icon-download-arrow.svg\">\n        <div class=\"last-update\">Ultimo aggiornamento: 08\/03\/2024 11:46<\/div>      <\/a>\n      <\/div>\n<\/div>\n      <\/div>\n      <\/div><div class=\"col-6\">      <div>\n        <div class=\"line\">\n  <div class=\"document-block\">\n    <div class=\"date-title\">\n      <div class=\"breadcrumbs\"><div>Pubblicato in data 08\/03\/2024<\/div><\/div><h3 class=\"h4 title\">Progetto di fusione per incorporazione della societ\u00e0 interamente controllata SAES Advanced Technologies S.p.A. nella controllante SAES Getters S.p.A.<\/h3>    <\/div>\n          <a class=\"download-updated\" href=\"https:\/\/www.saesgetters.com\/wp-content\/uploads\/2024\/03\/Progetto-di-fusione_con-allegato.pdf\" target=\"_blank\">\n        <img decoding=\"async\" class=\"icon-download-arrow\" alt=\"Arrow Bottom Down Square Icon\" src=\"https:\/\/www.saesgetters.com\/wp-content\/themes\/saes\/inc\/assets\/images\/icon-download-arrow.svg\">\n        <div class=\"last-update\">Ultimo aggiornamento: 08\/03\/2024 11:51<\/div>      <\/a>\n      <\/div>\n<\/div>\n      <\/div>\n      <\/div>  <\/div>\n  <!-- Space -->\n<div class=\"space space-solution-l greyed-solution\">\n<\/div>\n\n\n<div class=\"container\">\n  <div class=\"col-12\">\n    <p class=\"notes\">Delibere in materia di concentrazioni.<\/p>  <\/div>\n<\/div>\n\n\n<div class=\"space space-xl\">\n<\/div>\n","protected":false},"excerpt":{"rendered":"","protected":false},"author":2,"featured_media":0,"parent":12514,"menu_order":0,"comment_status":"closed","ping_status":"closed","template":"","meta":{"inline_featured_image":false},"acf":[],"yoast_head":"<!-- This site is optimized with the Yoast SEO plugin v21.7 - https:\/\/yoast.com\/wordpress\/plugins\/seo\/ -->\n<title>Operazioni Straordinarie | SAES Getters<\/title>\n<meta name=\"robots\" content=\"index, follow, max-snippet:-1, max-image-preview:large, max-video-preview:-1\" \/>\n<link rel=\"canonical\" href=\"https:\/\/www.saesgetters.com\/it\/informazioni-societarie\/archivi-informazioni-regolamentate\/operazioni-straordinarie\/\" \/>\n<meta property=\"og:locale\" content=\"it_IT\" \/>\n<meta property=\"og:type\" content=\"article\" \/>\n<meta property=\"og:title\" content=\"Operazioni Straordinarie | SAES Getters\" \/>\n<meta property=\"og:url\" content=\"https:\/\/www.saesgetters.com\/it\/informazioni-societarie\/archivi-informazioni-regolamentate\/operazioni-straordinarie\/\" \/>\n<meta property=\"og:site_name\" content=\"SAES Getters\" \/>\n<meta property=\"article:modified_time\" content=\"2025-01-24T13:57:07+00:00\" \/>\n<meta property=\"og:image\" content=\"https:\/\/www.saesgetters.com\/wp-content\/uploads\/2023\/12\/saes-getters-og-image.jpg\" \/>\n\t<meta property=\"og:image:width\" content=\"1200\" \/>\n\t<meta property=\"og:image:height\" content=\"675\" \/>\n\t<meta property=\"og:image:type\" content=\"image\/jpeg\" \/>\n<meta name=\"twitter:card\" content=\"summary_large_image\" \/>\n<script type=\"application\/ld+json\" class=\"yoast-schema-graph\">{\"@context\":\"https:\/\/schema.org\",\"@graph\":[{\"@type\":\"WebPage\",\"@id\":\"https:\/\/www.saesgetters.com\/it\/informazioni-societarie\/archivi-informazioni-regolamentate\/operazioni-straordinarie\/\",\"url\":\"https:\/\/www.saesgetters.com\/it\/informazioni-societarie\/archivi-informazioni-regolamentate\/operazioni-straordinarie\/\",\"name\":\"Operazioni Straordinarie | SAES Getters\",\"isPartOf\":{\"@id\":\"https:\/\/www.saesgetters.com\/it\/#website\"},\"datePublished\":\"2024-10-24T16:13:40+00:00\",\"dateModified\":\"2025-01-24T13:57:07+00:00\",\"breadcrumb\":{\"@id\":\"https:\/\/www.saesgetters.com\/it\/informazioni-societarie\/archivi-informazioni-regolamentate\/operazioni-straordinarie\/#breadcrumb\"},\"inLanguage\":\"it-IT\",\"potentialAction\":[{\"@type\":\"ReadAction\",\"target\":[\"https:\/\/www.saesgetters.com\/it\/informazioni-societarie\/archivi-informazioni-regolamentate\/operazioni-straordinarie\/\"]}]},{\"@type\":\"BreadcrumbList\",\"@id\":\"https:\/\/www.saesgetters.com\/it\/informazioni-societarie\/archivi-informazioni-regolamentate\/operazioni-straordinarie\/#breadcrumb\",\"itemListElement\":[{\"@type\":\"ListItem\",\"position\":1,\"name\":\"Home\",\"item\":\"https:\/\/www.saesgetters.com\/it\/\"},{\"@type\":\"ListItem\",\"position\":2,\"name\":\"Informazioni Societarie\",\"item\":\"https:\/\/www.saesgetters.com\/it\/informazioni-societarie\/\"},{\"@type\":\"ListItem\",\"position\":3,\"name\":\"Archivi Informazioni Regolamentate\",\"item\":\"https:\/\/www.saesgetters.com\/it\/informazioni-societarie\/archivi-informazioni-regolamentate\/\"},{\"@type\":\"ListItem\",\"position\":4,\"name\":\"Operazioni Straordinarie\"}]},{\"@type\":\"WebSite\",\"@id\":\"https:\/\/www.saesgetters.com\/it\/#website\",\"url\":\"https:\/\/www.saesgetters.com\/it\/\",\"name\":\"SAES Getters\",\"description\":\"Research &amp; Innovation\",\"publisher\":{\"@id\":\"https:\/\/www.saesgetters.com\/it\/#organization\"},\"potentialAction\":[{\"@type\":\"SearchAction\",\"target\":{\"@type\":\"EntryPoint\",\"urlTemplate\":\"https:\/\/www.saesgetters.com\/it\/?s={search_term_string}\"},\"query-input\":\"required name=search_term_string\"}],\"inLanguage\":\"it-IT\"},{\"@type\":\"Organization\",\"@id\":\"https:\/\/www.saesgetters.com\/it\/#organization\",\"name\":\"SAES Getters S.p.A.\",\"alternateName\":\"SAES Getters\",\"url\":\"https:\/\/www.saesgetters.com\/it\/\",\"logo\":{\"@type\":\"ImageObject\",\"inLanguage\":\"it-IT\",\"@id\":\"https:\/\/www.saesgetters.com\/it\/#\/schema\/logo\/image\/\",\"url\":\"https:\/\/www.saesgetters.com\/wp-content\/uploads\/2023\/07\/saes-getters-logo.svg\",\"contentUrl\":\"https:\/\/www.saesgetters.com\/wp-content\/uploads\/2023\/07\/saes-getters-logo.svg\",\"width\":\"1024\",\"height\":\"1024\",\"caption\":\"SAES Getters S.p.A.\"},\"image\":{\"@id\":\"https:\/\/www.saesgetters.com\/it\/#\/schema\/logo\/image\/\"},\"sameAs\":[\"https:\/\/www.linkedin.com\/company\/saes-getters\/\"]}]}<\/script>\n<!-- \/ Yoast SEO plugin. -->","yoast_head_json":{"title":"Operazioni Straordinarie | SAES Getters","robots":{"index":"index","follow":"follow","max-snippet":"max-snippet:-1","max-image-preview":"max-image-preview:large","max-video-preview":"max-video-preview:-1"},"canonical":"https:\/\/www.saesgetters.com\/it\/informazioni-societarie\/archivi-informazioni-regolamentate\/operazioni-straordinarie\/","og_locale":"it_IT","og_type":"article","og_title":"Operazioni Straordinarie | SAES Getters","og_url":"https:\/\/www.saesgetters.com\/it\/informazioni-societarie\/archivi-informazioni-regolamentate\/operazioni-straordinarie\/","og_site_name":"SAES Getters","article_modified_time":"2025-01-24T13:57:07+00:00","og_image":[{"width":1200,"height":675,"url":"https:\/\/www.saesgetters.com\/wp-content\/uploads\/2023\/12\/saes-getters-og-image.jpg","type":"image\/jpeg"}],"twitter_card":"summary_large_image","schema":{"@context":"https:\/\/schema.org","@graph":[{"@type":"WebPage","@id":"https:\/\/www.saesgetters.com\/it\/informazioni-societarie\/archivi-informazioni-regolamentate\/operazioni-straordinarie\/","url":"https:\/\/www.saesgetters.com\/it\/informazioni-societarie\/archivi-informazioni-regolamentate\/operazioni-straordinarie\/","name":"Operazioni Straordinarie | SAES Getters","isPartOf":{"@id":"https:\/\/www.saesgetters.com\/it\/#website"},"datePublished":"2024-10-24T16:13:40+00:00","dateModified":"2025-01-24T13:57:07+00:00","breadcrumb":{"@id":"https:\/\/www.saesgetters.com\/it\/informazioni-societarie\/archivi-informazioni-regolamentate\/operazioni-straordinarie\/#breadcrumb"},"inLanguage":"it-IT","potentialAction":[{"@type":"ReadAction","target":["https:\/\/www.saesgetters.com\/it\/informazioni-societarie\/archivi-informazioni-regolamentate\/operazioni-straordinarie\/"]}]},{"@type":"BreadcrumbList","@id":"https:\/\/www.saesgetters.com\/it\/informazioni-societarie\/archivi-informazioni-regolamentate\/operazioni-straordinarie\/#breadcrumb","itemListElement":[{"@type":"ListItem","position":1,"name":"Home","item":"https:\/\/www.saesgetters.com\/it\/"},{"@type":"ListItem","position":2,"name":"Informazioni Societarie","item":"https:\/\/www.saesgetters.com\/it\/informazioni-societarie\/"},{"@type":"ListItem","position":3,"name":"Archivi Informazioni Regolamentate","item":"https:\/\/www.saesgetters.com\/it\/informazioni-societarie\/archivi-informazioni-regolamentate\/"},{"@type":"ListItem","position":4,"name":"Operazioni Straordinarie"}]},{"@type":"WebSite","@id":"https:\/\/www.saesgetters.com\/it\/#website","url":"https:\/\/www.saesgetters.com\/it\/","name":"SAES Getters","description":"Research &amp; Innovation","publisher":{"@id":"https:\/\/www.saesgetters.com\/it\/#organization"},"potentialAction":[{"@type":"SearchAction","target":{"@type":"EntryPoint","urlTemplate":"https:\/\/www.saesgetters.com\/it\/?s={search_term_string}"},"query-input":"required name=search_term_string"}],"inLanguage":"it-IT"},{"@type":"Organization","@id":"https:\/\/www.saesgetters.com\/it\/#organization","name":"SAES Getters S.p.A.","alternateName":"SAES Getters","url":"https:\/\/www.saesgetters.com\/it\/","logo":{"@type":"ImageObject","inLanguage":"it-IT","@id":"https:\/\/www.saesgetters.com\/it\/#\/schema\/logo\/image\/","url":"https:\/\/www.saesgetters.com\/wp-content\/uploads\/2023\/07\/saes-getters-logo.svg","contentUrl":"https:\/\/www.saesgetters.com\/wp-content\/uploads\/2023\/07\/saes-getters-logo.svg","width":"1024","height":"1024","caption":"SAES Getters S.p.A."},"image":{"@id":"https:\/\/www.saesgetters.com\/it\/#\/schema\/logo\/image\/"},"sameAs":["https:\/\/www.linkedin.com\/company\/saes-getters\/"]}]}},"_links":{"self":[{"href":"https:\/\/www.saesgetters.com\/it\/wp-json\/wp\/v2\/pages\/12520"}],"collection":[{"href":"https:\/\/www.saesgetters.com\/it\/wp-json\/wp\/v2\/pages"}],"about":[{"href":"https:\/\/www.saesgetters.com\/it\/wp-json\/wp\/v2\/types\/page"}],"author":[{"embeddable":true,"href":"https:\/\/www.saesgetters.com\/it\/wp-json\/wp\/v2\/users\/2"}],"replies":[{"embeddable":true,"href":"https:\/\/www.saesgetters.com\/it\/wp-json\/wp\/v2\/comments?post=12520"}],"version-history":[{"count":0,"href":"https:\/\/www.saesgetters.com\/it\/wp-json\/wp\/v2\/pages\/12520\/revisions"}],"up":[{"embeddable":true,"href":"https:\/\/www.saesgetters.com\/it\/wp-json\/wp\/v2\/pages\/12514"}],"wp:attachment":[{"href":"https:\/\/www.saesgetters.com\/it\/wp-json\/wp\/v2\/media?parent=12520"}],"curies":[{"name":"wp","href":"https:\/\/api.w.org\/{rel}","templated":true}]}}