{"id":13627,"date":"2025-10-20T16:54:25","date_gmt":"2025-10-20T14:54:25","guid":{"rendered":"https:\/\/www.saesgetters.com\/accessibility-statement\/"},"modified":"2025-10-20T18:02:00","modified_gmt":"2025-10-20T16:02:00","slug":"accessibilita","status":"publish","type":"page","link":"https:\/\/www.saesgetters.com\/it\/accessibilita\/","title":{"rendered":"Accessibilit\u00e0"},"content":{"rendered":"<div class=\"space space-xl\">\n<\/div>\n\n\n<div class=\"headline container\">\n    <div class=\"col-12\">\n    <h1 class=\"h1 title\">Dichiarazione di accessibilit\u00e0<\/h1><div class=\"breadcrumbs d-block\">Dichiarazione di accessibilit\u00e0 digitale \u2013 SAES Getters<\/div>  <\/div>\n<\/div>\n\n\n<div class=\"container\">\n      <div class=\"col-6\">\n      <div>\n              <\/div>\n    <\/div>\n        <div class=\"col-6\">\n      <div>\n        <p>SAES Getters S.p.A. si impegna a garantire che i propri servizi digitali siano accessibili a tutti, comprese le persone con disabilit\u00e0. <strong>Crediamo che ogni individuo abbia il diritto di vivere con dignit\u00e0, uguaglianza, comfort e indipendenza<\/strong>.<\/p>\n<p>L\u2019accessibilit\u00e0 digitale non \u00e8 solo un obiettivo, ma un impegno continuo che richiede monitoraggio costante, miglioramento e adattamento. Collaboriamo con <a title=\"Web Agency Milano\" href=\"https:\/\/therope.it\/\" target=\"_blank\" rel=\"noopener\">The Rope Web Agency<\/a> per analizzare, testare e migliorare l\u2019accessibilit\u00e0 del nostro sito web, seguendo le <strong>Web Content Accessibility Guidelines (WCAG) 2.2 a livello AA<\/strong>, come definite dal World Wide Web Consortium (W3C).<\/p>\n<p>Le nostre misure di accessibilit\u00e0 sono progettate per rendere i contenuti fruibili da persone con:<\/p>\n<ul>\n<li><strong>Cecit\u00e0 o ipovisione<\/strong><\/li>\n<li><strong>Sordit\u00e0 o perdita dell\u2019udito<\/strong><\/li>\n<li><strong>Disturbi dell\u2019apprendimento<\/strong><\/li>\n<li><strong>Limitazioni cognitive<\/strong><\/li>\n<li><strong>Mobilit\u00e0 ridotta<\/strong><\/li>\n<li><strong>Disabilit\u00e0 del linguaggio<\/strong><\/li>\n<li><strong>Fotosensibilit\u00e0<\/strong><\/li>\n<li><strong>Combinazioni delle condizioni sopra elencate<\/strong><\/li>\n<\/ul>\n<p>Crediamo inoltre che questi miglioramenti apportino benefici a tutti gli utenti, rendendo l\u2019esperienza di navigazione pi\u00f9 intuitiva e piacevole.<\/p>\n      <\/div>\n    <\/div>\n    <\/div>\n\n\n  <div class=\"container\">\n    <div class=\"col-12\">\n      <hr class=\"light-separator\">\n    <\/div>\n  <\/div>\n  \n\n<div class=\"container\">\n      <div class=\"col-6\">\n      <div>\n        <h2 class=\"h3 title\">Funzionalit\u00e0 di accessibilit\u00e0 implementate<\/h2>      <\/div>\n    <\/div>\n        <div class=\"col-6\">\n      <div>\n        <ul>\n<li><strong>Navigazione tramite tastiera e comandi intelligenti<\/strong><\/li>\n<li><strong>Blocco degli elementi lampeggianti<\/strong><\/li>\n<li><strong>Descrizioni delle immagini tramite OCR<\/strong><\/li>\n<li><strong>Dimensione, stile e allineamento del testo regolabili<\/strong><\/li>\n<li><strong>Navigazione tramite comandi vocali<\/strong><\/li>\n<li><strong>Contrasto dei colori regolabile (chiaro\/scuro)<\/strong><\/li>\n<li><strong>Colori personalizzabili e opzione monocromatica per daltonismo<\/strong><\/li>\n<li><strong>Aumento delle dimensioni del cursore e modifica del colore<\/strong><\/li>\n<li><strong>Zoom fino al 200%<\/strong><\/li>\n<li><strong>Evidenziazione di link e intestazioni<\/strong><\/li>\n<li><strong>Testo alternativo per le immagini<\/strong><\/li>\n<li><strong>Suggerimenti (tooltip) con testo ingrandito alla selezione<\/strong><\/li>\n<li><strong>Descrizione delle parole tramite selezione con il mouse<\/strong><\/li>\n<\/ul>\n      <\/div>\n    <\/div>\n    <\/div>\n\n\n  <div class=\"container\">\n    <div class=\"col-12\">\n      <hr class=\"light-separator\">\n    <\/div>\n  <\/div>\n  \n\n<div class=\"container\">\n      <div class=\"col-6\">\n      <div>\n        <h2 class=\"h3 title\">Attivazione del menu di accessibilit\u00e0<\/h2>      <\/div>\n    <\/div>\n        <div class=\"col-6\">\n      <div>\n        <p>SAES Getters S.p.A. mette a disposizione il Widget di <a href=\"https:\/\/userway.org\/\" target=\"_blank\" rel=\"noopener\">Accessibilit\u00e0 Web<\/a> di UserWay, supportato da un server dedicato all\u2019accessibilit\u00e0. <strong>Il menu di accessibilit\u00e0 pu\u00f2 essere attivato facendo clic sull\u2019icona di accessibilit\u00e0 che appare nell\u2019angolo in basso a sinistra di ogni pagina<\/strong>. Dopo aver attivato il menu, attendere qualche istante affinch\u00e9 venga caricato completamente.<\/p>\n      <\/div>\n    <\/div>\n    <\/div>\n\n\n  <div class=\"container\">\n    <div class=\"col-12\">\n      <hr class=\"light-separator\">\n    <\/div>\n  <\/div>\n  \n\n<div class=\"container\">\n      <div class=\"col-6\">\n      <div>\n        <h2 class=\"h3 title\">Compatibilit\u00e0 con browser e tecnologie assistive<\/h2>      <\/div>\n    <\/div>\n        <div class=\"col-6\">\n      <div>\n        <p>Il sito web \u00e8 compatibile con i browser pi\u00f9 diffusi: Safari, Chrome, Firefox e Opera, e supporta le tecnologie assistive, inclusi JAWS e NVDA su Windows e Mac.<\/p>\n<p>SAES Getters S.p.A. continua a impegnarsi costantemente per migliorare l\u2019accessibilit\u00e0 del proprio sito e dei propri servizi, nella convinzione che sia un dovere morale collettivo garantire un <strong>utilizzo fluido, accessibile e senza ostacoli anche alle persone con disabilit\u00e0<\/strong>. Nell\u2019ambito di un costante impegno volto a migliorare e risolvere eventuali problemi di accessibilit\u00e0, eseguiamo regolarmente una scansione di <a href=\"http:\/\/www.saesgetters.com\">www.saesgetters.com<\/a> con l\u2019<a href=\"https:\/\/userway.org\/scanner\/\" target=\"_blank\" rel=\"noopener\">Accessibility Scanner<\/a> di UserWay, al fine di individuare e correggere ogni possibile barriera all\u2019accessibilit\u00e0 presente sul nostro sito.<\/p>\n      <\/div>\n    <\/div>\n    <\/div>\n\n\n  <div class=\"container\">\n    <div class=\"col-12\">\n      <hr class=\"light-separator\">\n    <\/div>\n  <\/div>\n  \n\n<div class=\"container\">\n      <div class=\"col-6\">\n      <div>\n        <h2 class=\"h3 title\">Contattaci<\/h2>      <\/div>\n    <\/div>\n        <div class=\"col-6\">\n      <div>\n        <p>Se riscontri problemi di accessibilit\u00e0 o hai suggerimenti per miglioramenti, ti invitiamo a contattarci. Prendiamo l\u2019accessibilit\u00e0 molto seriamente e risponderemo tempestivamente.<\/p>\n              <a class=\"btn\" href=\"https:\/\/www.saesgetters.com\/it\/contatti\/\">\n                <span class='the-arrow -left'>\n                  <span class='shaft'><\/span>\n                <\/span>\n                <span class=\"main\">\n                  <span class=\"text\">Contatti<\/span>\n                  <span class='the-arrow -right'>\n                    <span class='shaft'><\/span>\n                  <\/span>\n                <\/span>\n                <span class=\"circle-effect\"><\/span>\n              <\/a>\n                    <\/div>\n    <\/div>\n    <\/div>\n\n\n<div class=\"space space-xl\">\n<\/div>\n","protected":false},"excerpt":{"rendered":"","protected":false},"author":2,"featured_media":0,"parent":0,"menu_order":0,"comment_status":"closed","ping_status":"closed","template":"","meta":{"inline_featured_image":false},"acf":[],"yoast_head":"<!-- This site is optimized with the Yoast SEO plugin v21.7 - https:\/\/yoast.com\/wordpress\/plugins\/seo\/ -->\n<title>Accessibilit\u00e0 | SAES Getters<\/title>\n<meta name=\"description\" content=\"SAES Getters S.p.A. si impegna a garantire che i propri servizi digitali siano accessibili a tutti, comprese le persone con disabilit\u00e0. Crediamo che ogni in...\" \/>\n<meta name=\"robots\" content=\"index, follow, max-snippet:-1, max-image-preview:large, max-video-preview:-1\" \/>\n<link rel=\"canonical\" href=\"https:\/\/www.saesgetters.com\/it\/accessibilita\/\" \/>\n<meta property=\"og:locale\" content=\"it_IT\" \/>\n<meta property=\"og:type\" content=\"article\" \/>\n<meta property=\"og:title\" content=\"Accessibilit\u00e0 | SAES Getters\" \/>\n<meta property=\"og:url\" content=\"https:\/\/www.saesgetters.com\/it\/accessibilita\/\" \/>\n<meta property=\"og:site_name\" content=\"SAES Getters\" \/>\n<meta property=\"article:modified_time\" content=\"2025-10-20T16:02:00+00:00\" \/>\n<meta property=\"og:image\" content=\"https:\/\/www.saesgetters.com\/wp-content\/uploads\/2023\/12\/saes-getters-og-image.jpg\" \/>\n\t<meta property=\"og:image:width\" content=\"1200\" \/>\n\t<meta property=\"og:image:height\" content=\"675\" \/>\n\t<meta property=\"og:image:type\" content=\"image\/jpeg\" \/>\n<meta name=\"twitter:card\" content=\"summary_large_image\" \/>\n<script type=\"application\/ld+json\" class=\"yoast-schema-graph\">{\"@context\":\"https:\/\/schema.org\",\"@graph\":[{\"@type\":\"WebPage\",\"@id\":\"https:\/\/www.saesgetters.com\/it\/accessibilita\/\",\"url\":\"https:\/\/www.saesgetters.com\/it\/accessibilita\/\",\"name\":\"Accessibilit\u00e0 | SAES Getters\",\"isPartOf\":{\"@id\":\"https:\/\/www.saesgetters.com\/it\/#website\"},\"datePublished\":\"2025-10-20T14:54:25+00:00\",\"dateModified\":\"2025-10-20T16:02:00+00:00\",\"breadcrumb\":{\"@id\":\"https:\/\/www.saesgetters.com\/it\/accessibilita\/#breadcrumb\"},\"inLanguage\":\"it-IT\",\"potentialAction\":[{\"@type\":\"ReadAction\",\"target\":[\"https:\/\/www.saesgetters.com\/it\/accessibilita\/\"]}]},{\"@type\":\"BreadcrumbList\",\"@id\":\"https:\/\/www.saesgetters.com\/it\/accessibilita\/#breadcrumb\",\"itemListElement\":[{\"@type\":\"ListItem\",\"position\":1,\"name\":\"Home\",\"item\":\"https:\/\/www.saesgetters.com\/it\/\"},{\"@type\":\"ListItem\",\"position\":2,\"name\":\"Accessibilit\u00e0\"}]},{\"@type\":\"WebSite\",\"@id\":\"https:\/\/www.saesgetters.com\/it\/#website\",\"url\":\"https:\/\/www.saesgetters.com\/it\/\",\"name\":\"SAES Getters\",\"description\":\"Research &amp; Innovation\",\"publisher\":{\"@id\":\"https:\/\/www.saesgetters.com\/it\/#organization\"},\"potentialAction\":[{\"@type\":\"SearchAction\",\"target\":{\"@type\":\"EntryPoint\",\"urlTemplate\":\"https:\/\/www.saesgetters.com\/it\/?s={search_term_string}\"},\"query-input\":\"required name=search_term_string\"}],\"inLanguage\":\"it-IT\"},{\"@type\":\"Organization\",\"@id\":\"https:\/\/www.saesgetters.com\/it\/#organization\",\"name\":\"SAES Getters S.p.A.\",\"alternateName\":\"SAES Getters\",\"url\":\"https:\/\/www.saesgetters.com\/it\/\",\"logo\":{\"@type\":\"ImageObject\",\"inLanguage\":\"it-IT\",\"@id\":\"https:\/\/www.saesgetters.com\/it\/#\/schema\/logo\/image\/\",\"url\":\"https:\/\/www.saesgetters.com\/wp-content\/uploads\/2023\/07\/saes-getters-logo.svg\",\"contentUrl\":\"https:\/\/www.saesgetters.com\/wp-content\/uploads\/2023\/07\/saes-getters-logo.svg\",\"width\":\"1024\",\"height\":\"1024\",\"caption\":\"SAES Getters S.p.A.\"},\"image\":{\"@id\":\"https:\/\/www.saesgetters.com\/it\/#\/schema\/logo\/image\/\"},\"sameAs\":[\"https:\/\/www.linkedin.com\/company\/saes-getters\/\"]}]}<\/script>\n<!-- \/ Yoast SEO plugin. -->","yoast_head_json":{"title":"Accessibilit\u00e0 | SAES Getters","description":"SAES Getters S.p.A. si impegna a garantire che i propri servizi digitali siano accessibili a tutti, comprese le persone con disabilit\u00e0. Crediamo che ogni in...","robots":{"index":"index","follow":"follow","max-snippet":"max-snippet:-1","max-image-preview":"max-image-preview:large","max-video-preview":"max-video-preview:-1"},"canonical":"https:\/\/www.saesgetters.com\/it\/accessibilita\/","og_locale":"it_IT","og_type":"article","og_title":"Accessibilit\u00e0 | SAES Getters","og_url":"https:\/\/www.saesgetters.com\/it\/accessibilita\/","og_site_name":"SAES Getters","article_modified_time":"2025-10-20T16:02:00+00:00","og_image":[{"width":1200,"height":675,"url":"https:\/\/www.saesgetters.com\/wp-content\/uploads\/2023\/12\/saes-getters-og-image.jpg","type":"image\/jpeg"}],"twitter_card":"summary_large_image","schema":{"@context":"https:\/\/schema.org","@graph":[{"@type":"WebPage","@id":"https:\/\/www.saesgetters.com\/it\/accessibilita\/","url":"https:\/\/www.saesgetters.com\/it\/accessibilita\/","name":"Accessibilit\u00e0 | SAES Getters","isPartOf":{"@id":"https:\/\/www.saesgetters.com\/it\/#website"},"datePublished":"2025-10-20T14:54:25+00:00","dateModified":"2025-10-20T16:02:00+00:00","breadcrumb":{"@id":"https:\/\/www.saesgetters.com\/it\/accessibilita\/#breadcrumb"},"inLanguage":"it-IT","potentialAction":[{"@type":"ReadAction","target":["https:\/\/www.saesgetters.com\/it\/accessibilita\/"]}]},{"@type":"BreadcrumbList","@id":"https:\/\/www.saesgetters.com\/it\/accessibilita\/#breadcrumb","itemListElement":[{"@type":"ListItem","position":1,"name":"Home","item":"https:\/\/www.saesgetters.com\/it\/"},{"@type":"ListItem","position":2,"name":"Accessibilit\u00e0"}]},{"@type":"WebSite","@id":"https:\/\/www.saesgetters.com\/it\/#website","url":"https:\/\/www.saesgetters.com\/it\/","name":"SAES Getters","description":"Research &amp; Innovation","publisher":{"@id":"https:\/\/www.saesgetters.com\/it\/#organization"},"potentialAction":[{"@type":"SearchAction","target":{"@type":"EntryPoint","urlTemplate":"https:\/\/www.saesgetters.com\/it\/?s={search_term_string}"},"query-input":"required name=search_term_string"}],"inLanguage":"it-IT"},{"@type":"Organization","@id":"https:\/\/www.saesgetters.com\/it\/#organization","name":"SAES Getters S.p.A.","alternateName":"SAES Getters","url":"https:\/\/www.saesgetters.com\/it\/","logo":{"@type":"ImageObject","inLanguage":"it-IT","@id":"https:\/\/www.saesgetters.com\/it\/#\/schema\/logo\/image\/","url":"https:\/\/www.saesgetters.com\/wp-content\/uploads\/2023\/07\/saes-getters-logo.svg","contentUrl":"https:\/\/www.saesgetters.com\/wp-content\/uploads\/2023\/07\/saes-getters-logo.svg","width":"1024","height":"1024","caption":"SAES Getters S.p.A."},"image":{"@id":"https:\/\/www.saesgetters.com\/it\/#\/schema\/logo\/image\/"},"sameAs":["https:\/\/www.linkedin.com\/company\/saes-getters\/"]}]}},"_links":{"self":[{"href":"https:\/\/www.saesgetters.com\/it\/wp-json\/wp\/v2\/pages\/13627"}],"collection":[{"href":"https:\/\/www.saesgetters.com\/it\/wp-json\/wp\/v2\/pages"}],"about":[{"href":"https:\/\/www.saesgetters.com\/it\/wp-json\/wp\/v2\/types\/page"}],"author":[{"embeddable":true,"href":"https:\/\/www.saesgetters.com\/it\/wp-json\/wp\/v2\/users\/2"}],"replies":[{"embeddable":true,"href":"https:\/\/www.saesgetters.com\/it\/wp-json\/wp\/v2\/comments?post=13627"}],"version-history":[{"count":0,"href":"https:\/\/www.saesgetters.com\/it\/wp-json\/wp\/v2\/pages\/13627\/revisions"}],"wp:attachment":[{"href":"https:\/\/www.saesgetters.com\/it\/wp-json\/wp\/v2\/media?parent=13627"}],"curies":[{"name":"wp","href":"https:\/\/api.w.org\/{rel}","templated":true}]}}