{"id":14300,"date":"2026-05-06T12:55:17","date_gmt":"2026-05-06T10:55:17","guid":{"rendered":"https:\/\/www.saesgetters.com\/privacy-marketing\/"},"modified":"2026-05-06T13:00:51","modified_gmt":"2026-05-06T11:00:51","slug":"privacy-marketing","status":"publish","type":"page","link":"https:\/\/www.saesgetters.com\/it\/privacy-marketing\/","title":{"rendered":"Privacy Marketing"},"content":{"rendered":"<div class=\"space space-xl\">\n<\/div>\n<div class=\"headline container\">\n    <div class=\"col-12\">\n    <h1 class=\"h1 title\">Privacy Marketing<\/h1><div class=\"breadcrumbs d-block\">INFORMATIVA SUL TRATTAMENTO DEI DATI PERSONALI<\/div>  <\/div>\n<\/div>\n<div class=\"container\">\n      <div class=\"col-6\">\n      <div>\n              <\/div>\n    <\/div>\n        <div class=\"col-6\">\n      <div>\n        <p><strong>SAES Getters S.p.A.<\/strong>, con sede legale in Lainate (MI), Viale Italia 77, c.f. e p. iva 00774910152 (<em><strong>SAES Getters<\/strong><\/em>), in qualit\u00e0 di titolare del trattamento, tratter\u00e0 i Vostri dati personali, compresi i dati personali dei Vostri dipendenti, collaboratori e soggetti comunque da Voi coinvolti, raccolti per creare un contatto e darVi l\u2019opportunit\u00e0 di valutare se concludere un contratto di compravendita, (<em><strong>Dati<\/strong><\/em>), nel rispetto della normativa in materia di protezione dei dati personali applicabile e degli obblighi di riservatezza cui \u00e8 ispirata l\u2019attivit\u00e0 della nostra societ\u00e0.<\/p>\n<p><strong><u>Vi invitiamo a leggere attentamente la presente informativa sul trattamento dei dati personali.<\/u><\/strong><\/p>\n<p>In caso di dubbi sulle caratteristiche del trattamento dei Dati, \u00e8 possibile contattarci all\u2019indirizzo <a href=\"mailto:privacy@saes-group.com\">privacy@saes-group.com<\/a> o rivolgersi all\u2019Ufficio Legal &amp; Compliance presso SAES Getters scrivendo all\u2019indirizzo di Viale Italia 77, Lainate (MI).<\/p>\n      <\/div>\n    <\/div>\n    <\/div>\n  <div class=\"container\">\n    <div class=\"col-12\">\n      <hr class=\"light-separator\">\n    <\/div>\n  <\/div>\n  <div class=\"container\">\n      <div class=\"col-6\">\n      <div>\n        <h2 class=\"h3 title\">Titolare del trattamento <\/h2>      <\/div>\n    <\/div>\n        <div class=\"col-6\">\n      <div>\n        <p>Il titolare del trattamento dei Dati \u00e8 SAES Getters S.p.A., con sede legale in 20045 &#8211; Lainate (MI), Viale Italia 77, c.f. e p. iva 00774910152.<\/p>\n      <\/div>\n    <\/div>\n    <\/div>\n  <div class=\"container\">\n    <div class=\"col-12\">\n      <hr class=\"light-separator\">\n    <\/div>\n  <\/div>\n  <div class=\"container\">\n      <div class=\"col-6\">\n      <div>\n        <h2 class=\"h3 title\">Responsabile della protezione dei dati<\/h2>      <\/div>\n    <\/div>\n        <div class=\"col-6\">\n      <div>\n        <p>SAES Getters ha nominato un proprio responsabile della protezione dei dati, contattabile al seguente recapito per informazioni sul trattamento dei dati e sui diritti riconosciuti agli interessati: Avv. Sergio Amato (e-mail: <a href=\"mailto:dpo@saes-group.com\">dpo@saes-group.com<\/a>).<\/p>\n      <\/div>\n    <\/div>\n    <\/div>\n  <div class=\"container\">\n    <div class=\"col-12\">\n      <hr class=\"light-separator\">\n    <\/div>\n  <\/div>\n  <div class=\"container\">\n      <div class=\"col-6\">\n      <div>\n        <h2 class=\"h3 title\">Dati raccolti e trattati<\/h2>      <\/div>\n    <\/div>\n        <div class=\"col-6\">\n      <div>\n        <p>SAES Getters raccoglie e tratta solo dati pertinenti e non eccedenti le finalit\u00e0 del trattamento raccolti direttamente presso l&#8217;interessato in occasione di fiere di settore, eventi tecnici, incontri commerciali e attivit\u00e0 di networking, ovvero tramite moduli di contatto, form digitali o QR code messi a disposizione dalla Societ\u00e0 in tali contesti; in particolare, si tratta di: dati anagrafici e di contatto (a titolo esemplificativo e non esaustivo: nome, cognome, qualifica professionale, indirizzo, numero di telefono e\/o indirizzo e-mail). SAES Getters raccoglie pertanto solo i dati necessari a creare un contatto e valutare l\u2019opportunit\u00e0 di sviluppare relazioni commerciali e di business: Vi invitiamo a non comunicare dati non necessari, che saranno comunque immediatamente cancellati.<\/p>\n<p>Vi invitiamo, altres\u00ec, a non comunicare a SAES Getters dati personali di terzi, a meno che sia strettamente necessario per il raggiungimento delle finalit\u00e0 del trattamento: in questo caso, Vi ricordiamo di assolvere gli adempimenti di legge in materia di tutela dei dati personali e, in particolare, informare i terzi della comunicazione dei loro dati e raccoglierne, del caso, il consenso.<\/p>\n<p>Con riferimento ai dati personali dei Vostri dipendenti, collaboratori e soggetti comunque da Voi coinvolti nella relazione con la nostra societ\u00e0, Vi ricordiamo di fornire agli interessati copia della presente informativa al pi\u00f9 tardi al momento della comunicazione a SAES Getters dei dati in questione.<\/p>\n      <\/div>\n    <\/div>\n    <\/div>\n  <div class=\"container\">\n    <div class=\"col-12\">\n      <hr class=\"light-separator\">\n    <\/div>\n  <\/div>\n  <div class=\"container\">\n      <div class=\"col-6\">\n      <div>\n        <h2 class=\"h3 title\">Finalit\u00e0 del trattamento e base giuridica<\/h2>      <\/div>\n    <\/div>\n        <div class=\"col-6\">\n      <div>\n        <p><em><u>Negoziazione di contratti di compravendita<\/u><\/em><\/p>\n<p>I Dati saranno trattati per creare un contatto e darVi la possibilit\u00e0 di valutare l\u2019opportunit\u00e0 di concludere un contratto di compravendita, compresi l\u2019invio di comunicazioni informative e di servizio, l\u2019esecuzione di attivit\u00e0 pre-contrattuali (es: amministrativo-contabili) e la gestione dell\u2019eventuale contenzioso.<\/p>\n<p>Per la medesima finalit\u00e0, i Dati potranno essere comunicati ad autorit\u00e0 pubbliche e a terzi fornitori di servizi accessori e necessari all\u2019instaurazione di un eventuale rapporto contrattuale (e.g. spedizionieri e vettori per la gestione di spedizioni e consegne; banche e istituti di credito per la gestione dei pagamenti; consulenti e liberi professionisti incaricati di curare adempimenti amministrativo-contabili). Tali soggetti tratteranno i Dati, a seconda dei casi, in qualit\u00e0 di titolari autonomi, o di responsabili del trattamento in forza di specifico incarico scritto loro conferito da SAES Getters.<\/p>\n<p>I Dati potranno altres\u00ec essere diffusi in esecuzione di obblighi di legge.<\/p>\n<p>Tale trattamento trova la sua base giuridica nell\u2019esigenza di rispondere a richieste e adottare misure precedenti e propedeutiche all\u2019esecuzione di<\/p>\n<p>un eventuale contratto, e di adempiere ai connessi obblighi di legge.<\/p>\n<p>Il trattamento dei Dati cos\u00ec descritto \u00e8 necessario in quanto connesso e strumentale alla negoziazione e all\u2019instaurazione di un eventuale rapporto contrattuale: pertanto, l\u2019eventuale rifiuto a fornire i Dati pu\u00f2 comportare l\u2019impossibilit\u00e0 di stabilire contatti commerciali e di negoziare un contratto.<\/p>\n<p><em><u>Invio gadget, comunicazioni commerciali, inviti a eventi, sondaggi e ricerche di mercato<\/u><\/em><\/p>\n<p>I Dati saranno trattati, previo consenso dell\u2019interessato, per sviluppare le relazioni commerciali nell\u2019ottica di offrire servizi e\/o prodotti simili e\/o migliorativi rispetto a quelli che si potrebbero acquistare.<\/p>\n<p>Nell\u2019ambito di questo trattamento, \u00e8 previsto, a titolo esemplificativo:<\/p>\n<ul>\n<li>l\u2019invio, via posta ordinaria, di gadget (e.g. biro e agende brandizzate);<\/li>\n<li>l\u2019invio, via e-mail, di comunicazioni informative con contenuto commerciale e promozionale relative all\u2019attivit\u00e0 di SAES Getters e delle altre societ\u00e0 del Gruppo SAES;<\/li>\n<li>l\u2019invio, via e-mail, di inviti a eventi organizzati da SAES Getters e dalle altre societ\u00e0 del Gruppo SAES;<\/li>\n<li>l\u2019invio, via e-mail, di inviti a partecipare a sondaggi e ricerche di mercato, i cui esiti saranno gestiti in forma anonima e aggregata al solo scopo di migliorare l\u2019attivit\u00e0 di SAES Getters e del Gruppo SAES, e i prodotti e i servizi offerti.<\/li>\n<\/ul>\n<p>Per le finalit\u00e0 di marketing di cui alla presente sezione, SAES Getters S.p.A. e le altre societ\u00e0 del Gruppo SAES espressamente identificate nella presente informativa agiscono in qualit\u00e0 di <strong>contitolari del trattamento<\/strong> ai sensi dell\u2019art. 26 del Regolamento (UE) 2016\/679 (<strong><em>GDPR<\/em><\/strong>), avendo determinato congiuntamente le finalit\u00e0 e i mezzi di tali trattamenti. Le Parti hanno formalizzato un accordo di contitolarit\u00e0 che disciplina le rispettive responsabilit\u00e0 in relazione agli adempimenti previsti dal GDPR. Il contenuto essenziale di tale accordo \u00e8 il seguente:<\/p>\n<p><strong>Contitolari: <\/strong>SAES Getters S.p.A. (capogruppo), SAES Chemicals S.r.l., e le altre societ\u00e0 del Gruppo SAES di volta in volta coinvolte nelle attivit\u00e0 di<\/p>\n<p>marketing (l\u2019elenco aggiornato \u00e8 disponibile su richiesta scrivendo a privacy@saes-group.com).<\/p>\n<p><strong>Punto di contatto unico per gli interessati: <\/strong>SAES Getters S.p.A., Viale Italia 77, 20020 Lainate (MI) \u2013 privacy@saes-group.com. Gli interessati possono esercitare i propri diritti (accesso, rettifica, cancellazione, limitazione, portabilit\u00e0, opposizione, revoca del consenso) nei confronti di qualsiasi contitolare, ma viene designata SAES Getters S.p.A. quale punto di contatto unico per la gestione delle relative richieste.<\/p>\n<p><strong>Ripartizione delle responsabilit\u00e0: <\/strong>SAES Getters S.p.A. \u00e8 responsabile della gestione della Piattaforma di <em>marketing automation<\/em> (HubSpot), integrata con il sistema Salesforce, che costituisce il sistema unico di gestione delle lead e delle comunicazioni commerciali del Gruppo SAES, della predisposizione e dell\u2019aggiornamento della presente informativa, della raccolta e gestione del consenso marketing, della gestione delle richieste degli interessati e, in caso di violazione dei dati, della notifica all\u2019Autorit\u00e0 Garante entro 72 ore. Ciascun contitolare \u00e8 responsabile delle attivit\u00e0 di raccolta delle lead nei touchpoint di propria competenza.<\/p>\n<p>Il testo integrale dell\u2019accordo di contitolarit\u00e0 \u00e8 disponibile su richiesta scrivendo a privacy@saes-group.com.<\/p>\n<p>&nbsp;<\/p>\n<p>Per le medesime finalit\u00e0, i Dati potranno essere comunicati a terzi fornitori di servizi accessori (e.g. agenzie di comunicazione per la predisposizione e l\u2019invio delle comunicazioni commerciali e promozionali; agenzie di comunicazione e agenzie viaggi incaricate dell\u2019organizzazione degli eventi e delle eventuali trasferte; societ\u00e0 di analisi statistica per la somministrazione di sondaggi e ricerche di mercato). Tali soggetti tratteranno i Dati, a seconda dei casi, in qualit\u00e0 di titolari autonomi, o di responsabili del trattamento in forza di specifico incarico scritto loro conferito da SAES Getters. L\u2019elenco di tali responsabili \u00e8 disponibile facendone semplice richiesta a SAES Getters.<\/p>\n<p>Il trattamento dei Dati cos\u00ec descritto non \u00e8 necessario per l\u2019instaurazione di un contatto commerciale e per la negoziazione di un eventuale contratto con SAES Getters, e un\u2019eventuale opposizione alla ricezione di tali comunicazioni non pregiudicher\u00e0 in alcun modo il rapporto con la nostra societ\u00e0.<\/p>\n      <\/div>\n    <\/div>\n    <\/div>\n  <div class=\"container\">\n    <div class=\"col-12\">\n      <hr class=\"light-separator\">\n    <\/div>\n  <\/div>\n  <div class=\"container\">\n      <div class=\"col-6\">\n      <div>\n        <h2 class=\"h3 title\">Comunicazione e trasferimento all\u2019estero dei Dati<\/h2>      <\/div>\n    <\/div>\n        <div class=\"col-6\">\n      <div>\n        <p>I Dati saranno comunicati anche a societ\u00e0 controllate e collegate del Gruppo SAES che, con riferimento alle attivit\u00e0 di marketing, agiscono in qualit\u00e0 di contitolari del trattamento ai sensi dell&#8217;art. 26 GDPR secondo quanto indicato nella presente informativa, e, per le restanti finalit\u00e0, quali titolari autonomi del trattamento, se necessario all&#8217;esecuzione di misure precontrattuali da adottare su Vostra richiesta, per adempiere ad obblighi di legge e per finalit\u00e0 amministrativo-contabili (in forza del legittimo interesse di SAES Getters).<br \/>\nIn caso di consenso alle attivit\u00e0 di marketing, i Dati saranno altres\u00ec trasferiti verso HubSpot Inc. (25 First Street, Cambridge, MA 02141, USA) e Salesforce, Inc. (415 Mission Street, San Francisco, CA 94105, USA), responsabili del trattamento ai sensi dell&#8217;art. 28 GDPR, in qualit\u00e0 di fornitori della piattaforma utilizzata dai Contitolari per la gestione delle lead e delle comunicazioni commerciali.<br \/>\nI trasferimenti verso Paesi terzi al di fuori dello Spazio Economico Europeo avvengono sulla base delle decisioni di adeguatezza attualmente in vigore, delle Clausole Contrattuali Standard adottate dalla Commissione Europea ai sensi dell&#8217;art. 46 GDPR o di altro meccanismo di trasferimento conforme alla normativa applicabile.<\/p>\n      <\/div>\n    <\/div>\n    <\/div>\n  <div class=\"container\">\n    <div class=\"col-12\">\n      <hr class=\"light-separator\">\n    <\/div>\n  <\/div>\n  <div class=\"container\">\n      <div class=\"col-6\">\n      <div>\n        <h2 class=\"h3 title\">Modalit\u00e0 di trattamento<\/h2>      <\/div>\n    <\/div>\n        <div class=\"col-6\">\n      <div>\n        <p>In relazione alle indicate finalit\u00e0, i Dati verranno trattati mediante strumenti, manuali ed automatizzati, che assicurano la protezione dei Dati fin dalla progettazione e per impostazione predefinita, adeguati a garantirne la sicurezza e la riservatezza, e con logiche strettamente correlate alle finalit\u00e0 stesse, da personale al quale SAES Getters ha impartito adeguate istruzioni operative con particolare riferimento alle finalit\u00e0 e alle modalit\u00e0 del trattamento, nonch\u00e9 alle misure di sicurezza adottate.<\/p>\n      <\/div>\n    <\/div>\n    <\/div>\n  <div class=\"container\">\n    <div class=\"col-12\">\n      <hr class=\"light-separator\">\n    <\/div>\n  <\/div>\n  <div class=\"container\">\n      <div class=\"col-6\">\n      <div>\n        <h2 class=\"h3 title\">Tempi di conservazione dei Dati<\/h2>      <\/div>\n    <\/div>\n        <div class=\"col-6\">\n      <div>\n        <p>I Dati saranno conservati in una forma che consente la Vostra identificazione per un periodo di tempo non superiore a quanto necessario per il raggiungimento degli scopi del trattamento e, in particolare:<\/p>\n<ul>\n<li>per i Dati raccolti in occasione di fiere, eventi o altri <em>touchpoint <\/em>commerciali che non evolvano in una fase di negoziazione o in un rapporto contrattuale con il Titolare, entro 6 mesi dalla raccolta saranno cancellati da tutti i sistemi della Societ\u00e0 decorso tale termine;<\/li>\n<li>in caso di consenso, con riferimento ai dati trattati per finalit\u00e0 di marketing dai Contitolari, fino a 24 mesi dal consenso prestato, prorogabili di successivi periodi di 24 mesi laddove l\u2019interessato, a seguito dei contatti intercorsi e del perdurante interesse mostrato verso i prodotti e i servizi dei Contitolari, desunto ad esempio dal grado di interazione con le comunicazioni ricevute (a titolo esemplificativo: apertura di e-mail, click su link, download di materiali, partecipazione a eventi o webinar, richiesta di informazioni) non revochi il consenso, con le modalit\u00e0 indicate nella presente informativa o in calce a ciascuna comunicazione inviata.<\/li>\n<\/ul>\n<p>I Dati potranno essere conservati per un periodo maggiore, laddove si crei un rapporto contrattuale con la vostra societ\u00e0: in questo caso, i Dati saranno trattati secondo quanto descritto nell\u2019informativa che Vi verr\u00e0 fornita al momento dell\u2019instaurazione del rapporto contrattuale.<\/p>\n      <\/div>\n    <\/div>\n    <\/div>\n  <div class=\"container\">\n    <div class=\"col-12\">\n      <hr class=\"light-separator\">\n    <\/div>\n  <\/div>\n  <div class=\"container\">\n      <div class=\"col-6\">\n      <div>\n        <h2 class=\"h3 title\">I Vostri diritti<\/h2>      <\/div>\n    <\/div>\n        <div class=\"col-6\">\n      <div>\n        <p>In qualsiasi momento, Voi potrete esercitare gli altri diritti riconosciuti ai sensi della normativa in materia di tutela dei dati personali vigente e, in particolare, il diritto di chiedere al titolare del trattamento, nei casi previsti: conferma che sia in corso un trattamento di dati che\u00a0 riguardano l\u2019interessato, l\u2019accesso ai Dati e la rettifica o la cancellazione degli stessi o la limitazione del trattamento dei Dati; il diritto di opporsi al trattamento; il diritto di revocare il consenso, laddove prestato, senza pregiudicare la liceit\u00e0 del trattamento basato sul consenso prima della revoca; il diritto alla portabilit\u00e0 dei Dati; il diritto di proporre ricorso all\u2019Autorit\u00e0 Giudiziaria, o reclamo all\u2019Autorit\u00e0 Garante per la protezione dei dati personali competente.<\/p>\n<p>Tali diritti potranno essere esercitati scrivendo all\u2019indirizzo <a href=\"mailto:privacy@saes-group.com\">privacy@saes-group.com<\/a> o rivolgendosi all\u2019Ufficio Legal &amp; Compliance presso SAES Getters scrivendo all\u2019indirizzo di Viale Italia 77, Lainate (MI). \u00a0In qualsiasi momento potrete anche richiedere l\u2019elenco completo dei destinatari dei Dati.<\/p>\n<p>Per informazioni o chiarimenti sui Vostri diritti, \u00e8 possibile contattarci ai medesimi recapiti.<\/p>\n      <\/div>\n    <\/div>\n    <\/div>\n  <div class=\"container\">\n    <div class=\"col-12\">\n      <hr class=\"light-separator\">\n    <\/div>\n  <\/div>\n  <div class=\"container\">\n      <div class=\"col-6\">\n      <div>\n        <h2 class=\"h3 title\">Integrazioni<\/h2>      <\/div>\n    <\/div>\n        <div class=\"col-6\">\n      <div>\n        <p>Nel caso di modifiche sostanziali alla presente informativa, SAES Getters Vi invier\u00e0 una notifica via e-mail per segnalare le variazioni e raccogliere una eventuale richiesta di esercizio dei diritti sopra descritti.<\/p>\n      <\/div>\n    <\/div>\n    <\/div>\n<div class=\"space space-xl\">\n<\/div>\n","protected":false},"excerpt":{"rendered":"","protected":false},"author":2644,"featured_media":0,"parent":0,"menu_order":0,"comment_status":"closed","ping_status":"closed","template":"","meta":{"inline_featured_image":false},"acf":[],"yoast_head":"<!-- This site is optimized with the Yoast SEO plugin v21.7 - https:\/\/yoast.com\/wordpress\/plugins\/seo\/ -->\n<title>Privacy Marketing | SAES Getters<\/title>\n<meta name=\"description\" content=\"SAES Getters S.p.A., con sede legale in Lainate (MI), Viale Italia 77, c.f. e p. iva 00774910152 (SAES Getters), in qualit\u00e0 di titolare del trattamento, tra...\" \/>\n<meta name=\"robots\" content=\"index, follow, max-snippet:-1, max-image-preview:large, max-video-preview:-1\" \/>\n<link rel=\"canonical\" href=\"https:\/\/www.saesgetters.com\/it\/privacy-marketing\/\" \/>\n<meta property=\"og:locale\" content=\"it_IT\" \/>\n<meta property=\"og:type\" content=\"article\" \/>\n<meta property=\"og:title\" content=\"Privacy Marketing | SAES Getters\" \/>\n<meta property=\"og:url\" content=\"https:\/\/www.saesgetters.com\/it\/privacy-marketing\/\" \/>\n<meta property=\"og:site_name\" content=\"SAES Getters\" \/>\n<meta property=\"article:modified_time\" content=\"2026-05-06T11:00:51+00:00\" \/>\n<meta property=\"og:image\" content=\"https:\/\/www.saesgetters.com\/wp-content\/uploads\/2023\/12\/saes-getters-og-image.jpg\" \/>\n\t<meta property=\"og:image:width\" content=\"1200\" \/>\n\t<meta property=\"og:image:height\" content=\"675\" \/>\n\t<meta property=\"og:image:type\" content=\"image\/jpeg\" \/>\n<meta name=\"twitter:card\" content=\"summary_large_image\" \/>\n<script type=\"application\/ld+json\" class=\"yoast-schema-graph\">{\"@context\":\"https:\/\/schema.org\",\"@graph\":[{\"@type\":\"WebPage\",\"@id\":\"https:\/\/www.saesgetters.com\/it\/privacy-marketing\/\",\"url\":\"https:\/\/www.saesgetters.com\/it\/privacy-marketing\/\",\"name\":\"Privacy Marketing | SAES Getters\",\"isPartOf\":{\"@id\":\"https:\/\/www.saesgetters.com\/it\/#website\"},\"datePublished\":\"2026-05-06T10:55:17+00:00\",\"dateModified\":\"2026-05-06T11:00:51+00:00\",\"breadcrumb\":{\"@id\":\"https:\/\/www.saesgetters.com\/it\/privacy-marketing\/#breadcrumb\"},\"inLanguage\":\"it-IT\",\"potentialAction\":[{\"@type\":\"ReadAction\",\"target\":[\"https:\/\/www.saesgetters.com\/it\/privacy-marketing\/\"]}]},{\"@type\":\"BreadcrumbList\",\"@id\":\"https:\/\/www.saesgetters.com\/it\/privacy-marketing\/#breadcrumb\",\"itemListElement\":[{\"@type\":\"ListItem\",\"position\":1,\"name\":\"Home\",\"item\":\"https:\/\/www.saesgetters.com\/it\/\"},{\"@type\":\"ListItem\",\"position\":2,\"name\":\"Privacy Marketing\"}]},{\"@type\":\"WebSite\",\"@id\":\"https:\/\/www.saesgetters.com\/it\/#website\",\"url\":\"https:\/\/www.saesgetters.com\/it\/\",\"name\":\"SAES Getters\",\"description\":\"Research &amp; Innovation\",\"publisher\":{\"@id\":\"https:\/\/www.saesgetters.com\/it\/#organization\"},\"potentialAction\":[{\"@type\":\"SearchAction\",\"target\":{\"@type\":\"EntryPoint\",\"urlTemplate\":\"https:\/\/www.saesgetters.com\/it\/?s={search_term_string}\"},\"query-input\":\"required name=search_term_string\"}],\"inLanguage\":\"it-IT\"},{\"@type\":\"Organization\",\"@id\":\"https:\/\/www.saesgetters.com\/it\/#organization\",\"name\":\"SAES Getters S.p.A.\",\"alternateName\":\"SAES Getters\",\"url\":\"https:\/\/www.saesgetters.com\/it\/\",\"logo\":{\"@type\":\"ImageObject\",\"inLanguage\":\"it-IT\",\"@id\":\"https:\/\/www.saesgetters.com\/it\/#\/schema\/logo\/image\/\",\"url\":\"https:\/\/www.saesgetters.com\/wp-content\/uploads\/2023\/07\/saes-getters-logo.svg\",\"contentUrl\":\"https:\/\/www.saesgetters.com\/wp-content\/uploads\/2023\/07\/saes-getters-logo.svg\",\"width\":\"1024\",\"height\":\"1024\",\"caption\":\"SAES Getters S.p.A.\"},\"image\":{\"@id\":\"https:\/\/www.saesgetters.com\/it\/#\/schema\/logo\/image\/\"},\"sameAs\":[\"https:\/\/www.linkedin.com\/company\/saes-getters\/\"]}]}<\/script>\n<!-- \/ Yoast SEO plugin. -->","yoast_head_json":{"title":"Privacy Marketing | SAES Getters","description":"SAES Getters S.p.A., con sede legale in Lainate (MI), Viale Italia 77, c.f. e p. iva 00774910152 (SAES Getters), in qualit\u00e0 di titolare del trattamento, tra...","robots":{"index":"index","follow":"follow","max-snippet":"max-snippet:-1","max-image-preview":"max-image-preview:large","max-video-preview":"max-video-preview:-1"},"canonical":"https:\/\/www.saesgetters.com\/it\/privacy-marketing\/","og_locale":"it_IT","og_type":"article","og_title":"Privacy Marketing | SAES Getters","og_url":"https:\/\/www.saesgetters.com\/it\/privacy-marketing\/","og_site_name":"SAES Getters","article_modified_time":"2026-05-06T11:00:51+00:00","og_image":[{"width":1200,"height":675,"url":"https:\/\/www.saesgetters.com\/wp-content\/uploads\/2023\/12\/saes-getters-og-image.jpg","type":"image\/jpeg"}],"twitter_card":"summary_large_image","schema":{"@context":"https:\/\/schema.org","@graph":[{"@type":"WebPage","@id":"https:\/\/www.saesgetters.com\/it\/privacy-marketing\/","url":"https:\/\/www.saesgetters.com\/it\/privacy-marketing\/","name":"Privacy Marketing | SAES Getters","isPartOf":{"@id":"https:\/\/www.saesgetters.com\/it\/#website"},"datePublished":"2026-05-06T10:55:17+00:00","dateModified":"2026-05-06T11:00:51+00:00","breadcrumb":{"@id":"https:\/\/www.saesgetters.com\/it\/privacy-marketing\/#breadcrumb"},"inLanguage":"it-IT","potentialAction":[{"@type":"ReadAction","target":["https:\/\/www.saesgetters.com\/it\/privacy-marketing\/"]}]},{"@type":"BreadcrumbList","@id":"https:\/\/www.saesgetters.com\/it\/privacy-marketing\/#breadcrumb","itemListElement":[{"@type":"ListItem","position":1,"name":"Home","item":"https:\/\/www.saesgetters.com\/it\/"},{"@type":"ListItem","position":2,"name":"Privacy Marketing"}]},{"@type":"WebSite","@id":"https:\/\/www.saesgetters.com\/it\/#website","url":"https:\/\/www.saesgetters.com\/it\/","name":"SAES Getters","description":"Research &amp; Innovation","publisher":{"@id":"https:\/\/www.saesgetters.com\/it\/#organization"},"potentialAction":[{"@type":"SearchAction","target":{"@type":"EntryPoint","urlTemplate":"https:\/\/www.saesgetters.com\/it\/?s={search_term_string}"},"query-input":"required name=search_term_string"}],"inLanguage":"it-IT"},{"@type":"Organization","@id":"https:\/\/www.saesgetters.com\/it\/#organization","name":"SAES Getters S.p.A.","alternateName":"SAES Getters","url":"https:\/\/www.saesgetters.com\/it\/","logo":{"@type":"ImageObject","inLanguage":"it-IT","@id":"https:\/\/www.saesgetters.com\/it\/#\/schema\/logo\/image\/","url":"https:\/\/www.saesgetters.com\/wp-content\/uploads\/2023\/07\/saes-getters-logo.svg","contentUrl":"https:\/\/www.saesgetters.com\/wp-content\/uploads\/2023\/07\/saes-getters-logo.svg","width":"1024","height":"1024","caption":"SAES Getters S.p.A."},"image":{"@id":"https:\/\/www.saesgetters.com\/it\/#\/schema\/logo\/image\/"},"sameAs":["https:\/\/www.linkedin.com\/company\/saes-getters\/"]}]}},"_links":{"self":[{"href":"https:\/\/www.saesgetters.com\/it\/wp-json\/wp\/v2\/pages\/14300"}],"collection":[{"href":"https:\/\/www.saesgetters.com\/it\/wp-json\/wp\/v2\/pages"}],"about":[{"href":"https:\/\/www.saesgetters.com\/it\/wp-json\/wp\/v2\/types\/page"}],"author":[{"embeddable":true,"href":"https:\/\/www.saesgetters.com\/it\/wp-json\/wp\/v2\/users\/2644"}],"replies":[{"embeddable":true,"href":"https:\/\/www.saesgetters.com\/it\/wp-json\/wp\/v2\/comments?post=14300"}],"version-history":[{"count":2,"href":"https:\/\/www.saesgetters.com\/it\/wp-json\/wp\/v2\/pages\/14300\/revisions"}],"predecessor-version":[{"id":14310,"href":"https:\/\/www.saesgetters.com\/it\/wp-json\/wp\/v2\/pages\/14300\/revisions\/14310"}],"wp:attachment":[{"href":"https:\/\/www.saesgetters.com\/it\/wp-json\/wp\/v2\/media?parent=14300"}],"curies":[{"name":"wp","href":"https:\/\/api.w.org\/{rel}","templated":true}]}}