{"id":7096,"date":"2024-01-30T09:49:59","date_gmt":"2024-01-30T08:49:59","guid":{"rendered":"https:\/\/www.saesgetters.com\/opa-2023\/"},"modified":"2025-01-24T14:58:34","modified_gmt":"2025-01-24T13:58:34","slug":"opa-2023","status":"publish","type":"page","link":"https:\/\/www.saesgetters.com\/it\/informazioni-societarie\/archivi-informazioni-regolamentate\/operazioni-straordinarie\/opa-2023\/","title":{"rendered":"OPA &#8211; 2023"},"content":{"rendered":"<div class=\"space space-xl\">\n<\/div>\n\n\n<div class=\"headline container\">\n    <div class=\"col-12\">\n    <h1 class=\"h1 title\">OPA &#8211; 2023<\/h1>\n\t\t<div class=\"breadcrumbs\">\n\t\t<\/div>  <\/div>\n<\/div>\n\n\n<div class=\"space space-l\">\n<\/div>\n\n\n<!-- Space -->\n<div class=\"space space-solution-m greyed-solution\">\n<\/div>\n  <div class=\"container title-hr greyed-solution\">\n    <div class=\"col-12\">\n      <h3 class=\"h3 title\">Offerta Pubblica di Acquisto Volontaria Parziale (la &#8220;Offerta Pubblica&#8221;) di SAES Getters S.p.A. su Azioni Proprie (le &#8220;Azioni Risparmio&#8221;)<\/h3>\n      <hr>\n    <\/div>\n  <\/div>\n  <!-- Space -->\n<div class=\"space space-solution-l greyed-solution\">\n<\/div>\n\n\n<div class=\"container\">\n      <div class=\"col-6\">\n      <div>\n        <p>L&#8217;Offerta Pubblica di Acquisto, il cui periodo di accettazione inizia solo dopo la pubblicazione del relativo documento offerta, \u00e8 promossa esclusivamente in Italia, poich\u00e9 le Azioni Risparmio sono quotate solo sul segmento EXM \u2013 Euronext STAR, ed \u00e8 rivolta, in condizioni di parit\u00e0, a tutti gli azionisti che detengono Azioni Risparmio.<\/p>\n<p>L&#8217;Offerta Pubblica di Acquisto non \u00e8 stata e non sar\u00e0 promossa o diffusa, direttamente o indirettamente, negli Stati Uniti d&#8217;America, Canada, Giappone e Australia, cos\u00ec come in qualsiasi altro Stato in cui l&#8217;Offerta Pubblica non \u00e8 consentita in assenza di autorizzazione da parte delle autorit\u00e0 competenti o di altre obbligazioni da parte dell&#8217;Offerente o in violazione delle norme o regolamenti locali (gli \u201c<strong>Altri Paesi<\/strong>\u201d), o utilizzando mezzi di comunicazione o commercio internazionale (ad esempio, la rete postale, <em>fax<\/em>,\u00a0<em>telex<\/em>, e-mail, telefono e <em>internet<\/em>) degli Stati Uniti d&#8217;America, Canada, Giappone, Australia o degli Altri Paesi, o attraverso qualsiasi struttura di intermediari finanziari degli Stati Uniti d&#8217;America, Canada, Giappone, Australia o degli Altri Paesi, o in qualsiasi altro modo. Una copia del documento offerta, o parte di esso, cos\u00ec come una copia di qualsiasi documento relativo all&#8217;Offerta Pubblica, non \u00e8 e non deve essere inviata, n\u00e9 in alcun modo trasmessa, o in ogni caso distribuita, direttamente o indirettamente, negli Stati Uniti d&#8217;America, Canada, Giappone, Australia o altri paesi. Chiunque riceva i documenti sopra menzionati non deve distribuirli o inviarli (sia per posta o mediante qualsiasi altro mezzo o strumento di comunicazione o commercio internazionale) negli Stati Uniti d&#8217;America, Canada, Giappone, Australia o altri paesi.<\/p>\n<p>Qualsiasi accettazione dell&#8217;Offerta Pubblica di Acquisto risultante da attivit\u00e0 di sollecitazione effettuata in violazione delle suddette limitazioni non sar\u00e0 accettata.<\/p>\n      <\/div>\n    <\/div>\n        <div class=\"col-6\">\n      <div>\n        <p>Il documento offerta, cos\u00ec come qualsiasi altro documento relativo all&#8217;Offerta Pubblica, non costituisce e non pu\u00f2 essere interpretato come un&#8217;offerta di strumenti finanziari rivolta a soggetti domiciliati e\/o residenti negli Stati Uniti d&#8217;America, Canada, Giappone, Australia o altri paesi. Nessuno strumento pu\u00f2 essere offerto o venduto negli Stati Uniti d&#8217;America, Canada, Giappone, Australia o negli Altri Paesi senza specifica autorizzazione in conformit\u00e0 alle disposizioni applicabili della legge locale di quegli Stati o degli Altri Paesi o in deroga alle stesse disposizioni.<\/p>\n<p>La partecipazione all&#8217;Offerta Pubblica di Acquisto da parte di soggetti residenti in paesi diversi dall&#8217;Italia pu\u00f2 essere soggetta a obblighi o restrizioni specifici previsti dalle disposizioni legali o regolamentari. \u00c8 responsabilit\u00e0 esclusiva dei destinatari dell&#8217;Offerta Pubblica di Acquisto conformarsi a queste regole e, pertanto, prima di aderire all&#8217;Offerta Pubblica di Acquisto, verificare la loro esistenza e applicabilit\u00e0, contattando i loro consulenti.<\/p>\n<p>Qualsiasi accettazione dell&#8217;Offerta Pubblica di Acquisto effettuata in violazione delle suddette limitazioni non sar\u00e0 accettata. Chiunque desideri esaminare il documento offerta e ulteriori documenti relativi all&#8217;Offerta Pubblica deve leggere attentamente quanto precede e dichiarare e garantire di (i) aver letto, compreso appieno e accettato di conformarsi a tutte le suddette limitazioni, e (ii) non trovarsi e non essere residente e\/o domiciliato negli Stati Uniti d&#8217;America, Canada, Giappone, Australia o negli Altri Paesi.<\/p>\n              <a class=\"btn\" href=\"https:\/\/www.saesgetters.com\/it\/informazioni-societarie\/archivi-informazioni-regolamentate\/operazioni-straordinarie\/documenti-opa-2023\/\">\n                <span class='the-arrow -left'>\n                  <span class='shaft'><\/span>\n                <\/span>\n                <span class=\"main\">\n                  <span class=\"text\">Accetto<\/span>\n                  <span class='the-arrow -right'>\n                    <span class='shaft'><\/span>\n                  <\/span>\n                <\/span>\n                <span class=\"circle-effect\"><\/span>\n              <\/a>\n                            <a class=\"btn\" href=\"https:\/\/www.saesgetters.com\/it\/informazioni-societarie\/archivi-informazioni-regolamentate\/operazioni-straordinarie\/\">\n                <span class='the-arrow -left'>\n                  <span class='shaft'><\/span>\n                <\/span>\n                <span class=\"main\">\n                  <span class=\"text\">Non accetto<\/span>\n                  <span class='the-arrow -right'>\n                    <span class='shaft'><\/span>\n                  <\/span>\n                <\/span>\n                <span class=\"circle-effect\"><\/span>\n              <\/a>\n                    <\/div>\n    <\/div>\n    <\/div>\n\n\n<div class=\"space space-l\">\n<\/div>\n","protected":false},"excerpt":{"rendered":"","protected":false},"author":5,"featured_media":0,"parent":12520,"menu_order":1,"comment_status":"closed","ping_status":"closed","template":"","meta":{"inline_featured_image":false},"acf":[],"yoast_head":"<!-- This site is optimized with the Yoast SEO plugin v21.7 - https:\/\/yoast.com\/wordpress\/plugins\/seo\/ -->\n<title>OPA - 2023 | SAES Getters<\/title>\n<meta name=\"robots\" content=\"index, follow, max-snippet:-1, max-image-preview:large, max-video-preview:-1\" \/>\n<link rel=\"canonical\" href=\"https:\/\/www.saesgetters.com\/it\/informazioni-societarie\/archivi-informazioni-regolamentate\/operazioni-straordinarie\/opa-2023\/\" \/>\n<meta property=\"og:locale\" content=\"it_IT\" \/>\n<meta property=\"og:type\" content=\"article\" \/>\n<meta property=\"og:title\" content=\"OPA - 2023 | SAES Getters\" \/>\n<meta property=\"og:url\" content=\"https:\/\/www.saesgetters.com\/it\/informazioni-societarie\/archivi-informazioni-regolamentate\/operazioni-straordinarie\/opa-2023\/\" \/>\n<meta property=\"og:site_name\" content=\"SAES Getters\" \/>\n<meta property=\"article:modified_time\" content=\"2025-01-24T13:58:34+00:00\" \/>\n<meta property=\"og:image\" content=\"https:\/\/www.saesgetters.com\/wp-content\/uploads\/2023\/12\/saes-getters-og-image.jpg\" \/>\n\t<meta property=\"og:image:width\" content=\"1200\" \/>\n\t<meta property=\"og:image:height\" content=\"675\" \/>\n\t<meta property=\"og:image:type\" content=\"image\/jpeg\" \/>\n<meta name=\"twitter:card\" content=\"summary_large_image\" \/>\n<script type=\"application\/ld+json\" class=\"yoast-schema-graph\">{\"@context\":\"https:\/\/schema.org\",\"@graph\":[{\"@type\":\"WebPage\",\"@id\":\"https:\/\/www.saesgetters.com\/it\/informazioni-societarie\/archivi-informazioni-regolamentate\/operazioni-straordinarie\/opa-2023\/\",\"url\":\"https:\/\/www.saesgetters.com\/it\/informazioni-societarie\/archivi-informazioni-regolamentate\/operazioni-straordinarie\/opa-2023\/\",\"name\":\"OPA - 2023 | SAES Getters\",\"isPartOf\":{\"@id\":\"https:\/\/www.saesgetters.com\/it\/#website\"},\"datePublished\":\"2024-01-30T08:49:59+00:00\",\"dateModified\":\"2025-01-24T13:58:34+00:00\",\"breadcrumb\":{\"@id\":\"https:\/\/www.saesgetters.com\/it\/informazioni-societarie\/archivi-informazioni-regolamentate\/operazioni-straordinarie\/opa-2023\/#breadcrumb\"},\"inLanguage\":\"it-IT\",\"potentialAction\":[{\"@type\":\"ReadAction\",\"target\":[\"https:\/\/www.saesgetters.com\/it\/informazioni-societarie\/archivi-informazioni-regolamentate\/operazioni-straordinarie\/opa-2023\/\"]}]},{\"@type\":\"BreadcrumbList\",\"@id\":\"https:\/\/www.saesgetters.com\/it\/informazioni-societarie\/archivi-informazioni-regolamentate\/operazioni-straordinarie\/opa-2023\/#breadcrumb\",\"itemListElement\":[{\"@type\":\"ListItem\",\"position\":1,\"name\":\"Home\",\"item\":\"https:\/\/www.saesgetters.com\/it\/\"},{\"@type\":\"ListItem\",\"position\":2,\"name\":\"Informazioni Societarie\",\"item\":\"https:\/\/www.saesgetters.com\/it\/informazioni-societarie\/\"},{\"@type\":\"ListItem\",\"position\":3,\"name\":\"Archivi Informazioni Regolamentate\",\"item\":\"https:\/\/www.saesgetters.com\/it\/informazioni-societarie\/archivi-informazioni-regolamentate\/\"},{\"@type\":\"ListItem\",\"position\":4,\"name\":\"Operazioni Straordinarie\",\"item\":\"https:\/\/www.saesgetters.com\/it\/informazioni-societarie\/archivi-informazioni-regolamentate\/operazioni-straordinarie\/\"},{\"@type\":\"ListItem\",\"position\":5,\"name\":\"OPA &#8211; 2023\"}]},{\"@type\":\"WebSite\",\"@id\":\"https:\/\/www.saesgetters.com\/it\/#website\",\"url\":\"https:\/\/www.saesgetters.com\/it\/\",\"name\":\"SAES Getters\",\"description\":\"Research &amp; Innovation\",\"publisher\":{\"@id\":\"https:\/\/www.saesgetters.com\/it\/#organization\"},\"potentialAction\":[{\"@type\":\"SearchAction\",\"target\":{\"@type\":\"EntryPoint\",\"urlTemplate\":\"https:\/\/www.saesgetters.com\/it\/?s={search_term_string}\"},\"query-input\":\"required name=search_term_string\"}],\"inLanguage\":\"it-IT\"},{\"@type\":\"Organization\",\"@id\":\"https:\/\/www.saesgetters.com\/it\/#organization\",\"name\":\"SAES Getters S.p.A.\",\"alternateName\":\"SAES Getters\",\"url\":\"https:\/\/www.saesgetters.com\/it\/\",\"logo\":{\"@type\":\"ImageObject\",\"inLanguage\":\"it-IT\",\"@id\":\"https:\/\/www.saesgetters.com\/it\/#\/schema\/logo\/image\/\",\"url\":\"https:\/\/www.saesgetters.com\/wp-content\/uploads\/2023\/07\/saes-getters-logo.svg\",\"contentUrl\":\"https:\/\/www.saesgetters.com\/wp-content\/uploads\/2023\/07\/saes-getters-logo.svg\",\"width\":\"1024\",\"height\":\"1024\",\"caption\":\"SAES Getters S.p.A.\"},\"image\":{\"@id\":\"https:\/\/www.saesgetters.com\/it\/#\/schema\/logo\/image\/\"},\"sameAs\":[\"https:\/\/www.linkedin.com\/company\/saes-getters\/\"]}]}<\/script>\n<!-- \/ Yoast SEO plugin. -->","yoast_head_json":{"title":"OPA - 2023 | SAES Getters","robots":{"index":"index","follow":"follow","max-snippet":"max-snippet:-1","max-image-preview":"max-image-preview:large","max-video-preview":"max-video-preview:-1"},"canonical":"https:\/\/www.saesgetters.com\/it\/informazioni-societarie\/archivi-informazioni-regolamentate\/operazioni-straordinarie\/opa-2023\/","og_locale":"it_IT","og_type":"article","og_title":"OPA - 2023 | SAES Getters","og_url":"https:\/\/www.saesgetters.com\/it\/informazioni-societarie\/archivi-informazioni-regolamentate\/operazioni-straordinarie\/opa-2023\/","og_site_name":"SAES Getters","article_modified_time":"2025-01-24T13:58:34+00:00","og_image":[{"width":1200,"height":675,"url":"https:\/\/www.saesgetters.com\/wp-content\/uploads\/2023\/12\/saes-getters-og-image.jpg","type":"image\/jpeg"}],"twitter_card":"summary_large_image","schema":{"@context":"https:\/\/schema.org","@graph":[{"@type":"WebPage","@id":"https:\/\/www.saesgetters.com\/it\/informazioni-societarie\/archivi-informazioni-regolamentate\/operazioni-straordinarie\/opa-2023\/","url":"https:\/\/www.saesgetters.com\/it\/informazioni-societarie\/archivi-informazioni-regolamentate\/operazioni-straordinarie\/opa-2023\/","name":"OPA - 2023 | SAES Getters","isPartOf":{"@id":"https:\/\/www.saesgetters.com\/it\/#website"},"datePublished":"2024-01-30T08:49:59+00:00","dateModified":"2025-01-24T13:58:34+00:00","breadcrumb":{"@id":"https:\/\/www.saesgetters.com\/it\/informazioni-societarie\/archivi-informazioni-regolamentate\/operazioni-straordinarie\/opa-2023\/#breadcrumb"},"inLanguage":"it-IT","potentialAction":[{"@type":"ReadAction","target":["https:\/\/www.saesgetters.com\/it\/informazioni-societarie\/archivi-informazioni-regolamentate\/operazioni-straordinarie\/opa-2023\/"]}]},{"@type":"BreadcrumbList","@id":"https:\/\/www.saesgetters.com\/it\/informazioni-societarie\/archivi-informazioni-regolamentate\/operazioni-straordinarie\/opa-2023\/#breadcrumb","itemListElement":[{"@type":"ListItem","position":1,"name":"Home","item":"https:\/\/www.saesgetters.com\/it\/"},{"@type":"ListItem","position":2,"name":"Informazioni Societarie","item":"https:\/\/www.saesgetters.com\/it\/informazioni-societarie\/"},{"@type":"ListItem","position":3,"name":"Archivi Informazioni Regolamentate","item":"https:\/\/www.saesgetters.com\/it\/informazioni-societarie\/archivi-informazioni-regolamentate\/"},{"@type":"ListItem","position":4,"name":"Operazioni Straordinarie","item":"https:\/\/www.saesgetters.com\/it\/informazioni-societarie\/archivi-informazioni-regolamentate\/operazioni-straordinarie\/"},{"@type":"ListItem","position":5,"name":"OPA &#8211; 2023"}]},{"@type":"WebSite","@id":"https:\/\/www.saesgetters.com\/it\/#website","url":"https:\/\/www.saesgetters.com\/it\/","name":"SAES Getters","description":"Research &amp; Innovation","publisher":{"@id":"https:\/\/www.saesgetters.com\/it\/#organization"},"potentialAction":[{"@type":"SearchAction","target":{"@type":"EntryPoint","urlTemplate":"https:\/\/www.saesgetters.com\/it\/?s={search_term_string}"},"query-input":"required name=search_term_string"}],"inLanguage":"it-IT"},{"@type":"Organization","@id":"https:\/\/www.saesgetters.com\/it\/#organization","name":"SAES Getters S.p.A.","alternateName":"SAES Getters","url":"https:\/\/www.saesgetters.com\/it\/","logo":{"@type":"ImageObject","inLanguage":"it-IT","@id":"https:\/\/www.saesgetters.com\/it\/#\/schema\/logo\/image\/","url":"https:\/\/www.saesgetters.com\/wp-content\/uploads\/2023\/07\/saes-getters-logo.svg","contentUrl":"https:\/\/www.saesgetters.com\/wp-content\/uploads\/2023\/07\/saes-getters-logo.svg","width":"1024","height":"1024","caption":"SAES Getters S.p.A."},"image":{"@id":"https:\/\/www.saesgetters.com\/it\/#\/schema\/logo\/image\/"},"sameAs":["https:\/\/www.linkedin.com\/company\/saes-getters\/"]}]}},"_links":{"self":[{"href":"https:\/\/www.saesgetters.com\/it\/wp-json\/wp\/v2\/pages\/7096"}],"collection":[{"href":"https:\/\/www.saesgetters.com\/it\/wp-json\/wp\/v2\/pages"}],"about":[{"href":"https:\/\/www.saesgetters.com\/it\/wp-json\/wp\/v2\/types\/page"}],"author":[{"embeddable":true,"href":"https:\/\/www.saesgetters.com\/it\/wp-json\/wp\/v2\/users\/5"}],"replies":[{"embeddable":true,"href":"https:\/\/www.saesgetters.com\/it\/wp-json\/wp\/v2\/comments?post=7096"}],"version-history":[{"count":0,"href":"https:\/\/www.saesgetters.com\/it\/wp-json\/wp\/v2\/pages\/7096\/revisions"}],"up":[{"embeddable":true,"href":"https:\/\/www.saesgetters.com\/it\/wp-json\/wp\/v2\/pages\/12520"}],"wp:attachment":[{"href":"https:\/\/www.saesgetters.com\/it\/wp-json\/wp\/v2\/media?parent=7096"}],"curies":[{"name":"wp","href":"https:\/\/api.w.org\/{rel}","templated":true}]}}