{"id":7315,"date":"2024-01-15T11:09:24","date_gmt":"2024-01-15T10:09:24","guid":{"rendered":"https:\/\/www.saesgetters.com\/whistleblowing\/"},"modified":"2024-03-12T14:30:56","modified_gmt":"2024-03-12T13:30:56","slug":"whistleblowing","status":"publish","type":"page","link":"https:\/\/www.saesgetters.com\/it\/whistleblowing\/","title":{"rendered":"Whistleblowing"},"content":{"rendered":"<div class=\"space space-xl\">\n<\/div>\n\n\n<div class=\"headline container\">\n    <div class=\"col-12\">\n    <h1 class=\"h1 title\">Whistleblowing<\/h1>  <\/div>\n<\/div>\n\n\n<div class=\"container\">\n      <div class=\"col-6\">\n      <div>\n        <h2 class=\"h3 title\">Cos&#8217;\u00e8 whistleblowing?<\/h2>      <\/div>\n    <\/div>\n        <div class=\"col-6\">\n      <div>\n        <p><iframe loading=\"lazy\" title=\"Trasparency Saes Group\" width=\"1440\" height=\"810\" src=\"https:\/\/www.youtube.com\/embed\/wnBLX0OVT-c?feature=oembed\" frameborder=\"0\" allow=\"accelerometer; autoplay; clipboard-write; encrypted-media; gyroscope; picture-in-picture; web-share\" allowfullscreen><\/iframe><\/p>\n      <\/div>\n    <\/div>\n    <\/div>\n\n\n  <div class=\"container\">\n    <div class=\"col-12\">\n      <hr class=\"light-separator\">\n    <\/div>\n  <\/div>\n  \n\n<div class=\"container\">\n      <div class=\"col-6\">\n      <div>\n        <h2 class=\"h3 title\">Come segnalare<\/h2>      <\/div>\n    <\/div>\n        <div class=\"col-6\">\n      <div>\n        <p><span class=\"TextRun SCXW213135106 BCX9\" lang=\"IT-IT\" xml:lang=\"IT-IT\" data-contrast=\"none\"><span class=\"NormalTextRun SCXW213135106 BCX9\" data-ccp-parastyle=\"Normal (Web)\">Le segnalazioni possono essere effettuate:<\/span><\/span><span class=\"LineBreakBlob BlobObject DragDrop SCXW213135106 BCX9\"><span class=\"SCXW213135106 BCX9\">\u00a0<\/span><br class=\"SCXW213135106 BCX9\" \/><\/span><span class=\"TextRun SCXW213135106 BCX9\" lang=\"IT-IT\" xml:lang=\"IT-IT\" data-contrast=\"none\"><span class=\"NormalTextRun SCXW213135106 BCX9\" data-ccp-parastyle=\"Normal (Web)\">\u2022 tramite il portale <\/span><span class=\"NormalTextRun SCXW213135106 BCX9\" data-ccp-parastyle=\"Normal (Web)\">whistleblowing<\/span><span class=\"NormalTextRun SCXW213135106 BCX9\" data-ccp-parastyle=\"Normal (Web)\"> (il portale \u00e8 disponibile al Links <a href=\"https:\/\/segnalazioni.saesgetters.com\/#\/\">Whistleblowing Platform<\/a>)<\/span><\/span><span class=\"LineBreakBlob BlobObject DragDrop SCXW213135106 BCX9\"><span class=\"SCXW213135106 BCX9\">\u00a0<\/span><\/span><\/p>\n<p><span class=\"LineBreakBlob BlobObject DragDrop SCXW213135106 BCX9\"><br class=\"SCXW213135106 BCX9\" \/><\/span><span class=\"TextRun SCXW213135106 BCX9\" lang=\"IT-IT\" xml:lang=\"IT-IT\" data-contrast=\"none\"><span class=\"NormalTextRun SCXW213135106 BCX9\" data-ccp-parastyle=\"Normal (Web)\">\u2022 scrivendo all\u2019indirizzo di posta elettronica <a href=\"mailto:segnalazioni@saes-group.com\">segnalazioni@saes-group.com<\/a><\/span><\/span><\/p>\n<p>&nbsp;<\/p>\n      <\/div>\n    <\/div>\n    <\/div>\n\n\n  <div class=\"container\">\n    <div class=\"col-12\">\n      <hr class=\"light-separator\">\n    <\/div>\n  <\/div>\n  \n\n<div class=\"container\">\n      <div class=\"col-6\">\n      <div>\n        <h2 class=\"h3 title\">Cosa segnalare<\/h2>      <\/div>\n    <\/div>\n        <div class=\"col-6\">\n      <div>\n        <p><span class=\"NormalTextRun SCXW261981633 BCX9\" data-ccp-parastyle=\"Normal (Web)\">\u00c8 possibile segnalare diverse tipologie di condotte, di violazioni e di illeciti (es. illeciti amministrativi, contabili, civili o penali, violazioni del Modello di Organizzazione e Controllo ex. D. <\/span><span class=\"NormalTextRun SCXW261981633 BCX9\" data-ccp-parastyle=\"Normal (Web)\">lgs<\/span><span class=\"NormalTextRun SCXW261981633 BCX9\" data-ccp-parastyle=\"Normal (Web)\">. 231\/2001 \u2013 qualora implementato -, violazione di norme comunitarie).<\/span><span class=\"NormalTextRun SCXW261981633 BCX9\" data-ccp-parastyle=\"Normal (Web)\">\u00a0<\/span><\/p>\n<p><span class=\"TextRun SCXW214104900 BCX9\" lang=\"IT-IT\" xml:lang=\"IT-IT\" data-contrast=\"none\"><span class=\"NormalTextRun SCXW214104900 BCX9\" data-ccp-parastyle=\"Normal (Web)\">Per maggiori dettagli, si rinvia alla Procedura Whistleblowing.<\/span><\/span><\/p>\n      <\/div>\n    <\/div>\n    <\/div>\n\n\n  <div class=\"container\">\n    <div class=\"col-12\">\n      <hr class=\"light-separator\">\n    <\/div>\n  <\/div>\n  \n\n<div class=\"container\">\n      <div class=\"col-6\">\n      <div>\n        <h2 class=\"h3 title\">Contenuto delle segnalazioni<\/h2>      <\/div>\n    <\/div>\n        <div class=\"col-6\">\n      <div>\n        <p><span class=\"TextRun SCXW97110752 BCX9\" lang=\"IT-IT\" xml:lang=\"IT-IT\" data-contrast=\"none\"><span class=\"NormalTextRun SCXW97110752 BCX9\" data-ccp-parastyle=\"Normal (Web)\">Le segnalazioni devono essere effettuate in buona fede e devono essere circostanziate con informazioni precise (es. luogo, tempo, soggetti coinvolti, descrizione dei fatti, etc.).<\/span><\/span><span class=\"LineBreakBlob BlobObject DragDrop SCXW97110752 BCX9\"><span class=\"SCXW97110752 BCX9\">\u00a0<\/span><br class=\"SCXW97110752 BCX9\" \/><\/span><span class=\"TextRun SCXW97110752 BCX9\" lang=\"IT-IT\" xml:lang=\"IT-IT\" data-contrast=\"none\"><span class=\"NormalTextRun SCXW97110752 BCX9\" data-ccp-parastyle=\"Normal (Web)\">Non \u00e8 necessario fornire le generalit\u00e0 del segnalante: la segnalazione pu\u00f2 anche essere effettuata in forma totalmente anonima.<\/span><\/span><\/p>\n      <\/div>\n    <\/div>\n    <\/div>\n\n\n  <div class=\"container\">\n    <div class=\"col-12\">\n      <hr class=\"light-separator\">\n    <\/div>\n  <\/div>\n  \n\n<div class=\"container\">\n      <div class=\"col-6\">\n      <div>\n        <h2 class=\"h3 title\">Chi riceve le segnalazioni<\/h2>      <\/div>\n    <\/div>\n        <div class=\"col-6\">\n      <div>\n        <p><span class=\"NormalTextRun SCXW150058063 BCX9\" data-ccp-parastyle=\"Normal (Web)\">Le segnalazioni sono ricevute <\/span><span class=\"NormalTextRun SCXW150058063 BCX9\" data-ccp-parastyle=\"Normal (Web)\">solo da soggetti espressamente autorizzati<\/span><span class=\"NormalTextRun SCXW150058063 BCX9\" data-ccp-parastyle=\"Normal (Web)\"> a tal fine<\/span><span class=\"NormalTextRun SCXW150058063 BCX9\" data-ccp-parastyle=\"Normal (Web)\">, autonomi, formati e dedicati alla ricezione e gestione delle segnalazioni <\/span><span class=\"NormalTextRun SCXW150058063 BCX9\" data-ccp-parastyle=\"Normal (Web)\">(tra cui il<\/span><span class=\"NormalTextRun SCXW150058063 BCX9\" data-ccp-parastyle=\"Normal (Web)\"> Legal &amp; Compliance <\/span><span class=\"NormalTextRun SCXW150058063 BCX9\" data-ccp-parastyle=\"Normal (Web)\">Director<\/span><span class=\"NormalTextRun SCXW150058063 BCX9\" data-ccp-parastyle=\"Normal (Web)\"> d<\/span><span class=\"NormalTextRun SCXW150058063 BCX9\" data-ccp-parastyle=\"Normal (Web)\">i SAES <\/span><span class=\"NormalTextRun SCXW150058063 BCX9\" data-ccp-parastyle=\"Normal (Web)\">Getters<\/span><span class=\"NormalTextRun SCXW150058063 BCX9\" data-ccp-parastyle=\"Normal (Web)\"> S.p.A.<\/span><span class=\"NormalTextRun SCXW150058063 BCX9\" data-ccp-parastyle=\"Normal (Web)\">)<\/span> <span class=\"NormalTextRun SCXW150058063 BCX9\" data-ccp-parastyle=\"Normal (Web)\">che ha<\/span><span class=\"NormalTextRun SCXW150058063 BCX9\" data-ccp-parastyle=\"Normal (Web)\">nno<\/span><span class=\"NormalTextRun SCXW150058063 BCX9\" data-ccp-parastyle=\"Normal (Web)\"> facolt\u00e0, a seconda delle esigenze, di coinvolgere altre funzioni aziendali competenti.\u202f Nel caso di risvolti ex D. Lgs.231\/01, <\/span><span class=\"NormalTextRun SCXW150058063 BCX9\" data-ccp-parastyle=\"Normal (Web)\">sar\u00e0<\/span> <span class=\"NormalTextRun SCXW150058063 BCX9\" data-ccp-parastyle=\"Normal (Web)\">informa<\/span><span class=\"NormalTextRun SCXW150058063 BCX9\" data-ccp-parastyle=\"Normal (Web)\">to<\/span><span class=\"NormalTextRun SCXW150058063 BCX9\" data-ccp-parastyle=\"Normal (Web)\"> anche l\u2019Organismo di Vigilanza della societ\u00e0 a cui fa riferimento la segnalazione (oppure, qualora la societ\u00e0 non fosse dotata di un proprio Organismo di Vigilanza, sar\u00e0 informato <\/span><span class=\"NormalTextRun SCXW150058063 BCX9\" data-ccp-parastyle=\"Normal (Web)\">l\u2019Organismo della c<\/span><span class=\"NormalTextRun SCXW150058063 BCX9\" data-ccp-parastyle=\"Normal (Web)\">apogruppo).<\/span><\/p>\n      <\/div>\n    <\/div>\n    <\/div>\n\n\n  <div class=\"container\">\n    <div class=\"col-12\">\n      <hr class=\"light-separator\">\n    <\/div>\n  <\/div>\n  \n\n<div class=\"container\">\n      <div class=\"col-6\">\n      <div>\n        <h2 class=\"h3 title\">Diritti della persona segnalata<\/h2>      <\/div>\n    <\/div>\n        <div class=\"col-6\">\n      <div>\n        <p><span data-contrast=\"none\">Durante l\u2019attivit\u00e0 di verifica e di accertamento, le persone segnalate potrebbero essere sentite; in nessun caso, verr\u00e0 avviato un procedimento nei loro riguardi unicamente a motivo della segnalazione, in assenza di concreti riscontri riguardo al contenuto di essa.<\/span><span data-ccp-props=\"{&quot;134233117&quot;:false,&quot;134233118&quot;:false,&quot;201341983&quot;:0,&quot;335551550&quot;:6,&quot;335551620&quot;:6,&quot;335557856&quot;:16777215,&quot;335559738&quot;:0,&quot;335559739&quot;:150,&quot;335559740&quot;:240}\">\u00a0<\/span><\/p>\n<p><span data-contrast=\"none\">Inoltre, fino alla conclusione del procedimento, sono estese nei confronti delle persone segnalate e delle persone coinvolte o menzionate nelle segnalazioni le medesime garanzie di riservatezza riconosciute alla persona segnalante.<\/span><span data-ccp-props=\"{&quot;134233117&quot;:false,&quot;134233118&quot;:false,&quot;201341983&quot;:0,&quot;335551550&quot;:6,&quot;335551620&quot;:6,&quot;335557856&quot;:16777215,&quot;335559738&quot;:0,&quot;335559739&quot;:150,&quot;335559740&quot;:240}\">\u00a0<\/span><\/p>\n      <\/div>\n    <\/div>\n    <\/div>\n\n\n  <div class=\"container\">\n    <div class=\"col-12\">\n      <hr class=\"light-separator\">\n    <\/div>\n  <\/div>\n  \n\n<div class=\"container\">\n      <div class=\"col-6\">\n      <div>\n        <h2 class=\"h3 title\">Protezione del segnalante e degli altri soggetti meritevoli di protezione (es. facilitatori) \r\n<\/h2>      <\/div>\n    <\/div>\n        <div class=\"col-6\">\n      <div>\n        <p><span data-contrast=\"none\">SAES vieta atti di ritorsione o discriminatori, di qualsivoglia genere, diretti o indiretti, nei confronti del segnalante, garantisce la riservatezza in merito al contenuto della segnalazione e all\u2019identit\u00e0 del segnalante e, qualora richiesto, ne garantisce anche l\u2019anonimato.<\/span><br \/>\n<span data-contrast=\"none\">SAES valuter\u00e0 l\u2019adozione di adeguate misure e delle opportune azioni contro chiunque ponga in essere o minacci di porre in essere atti di ritorsione contro coloro che hanno presentato segnalazioni nell\u2019ambito della policy di Whistleblowing o nei confronti di chi, con dolo o colpa grave, abbia effettuato segnalazioni che si siano rivelate infondate.<\/span><span data-ccp-props=\"{&quot;134233117&quot;:false,&quot;134233118&quot;:false,&quot;201341983&quot;:0,&quot;335551550&quot;:6,&quot;335551620&quot;:6,&quot;335557856&quot;:16777215,&quot;335559738&quot;:0,&quot;335559739&quot;:150,&quot;335559740&quot;:240}\">\u00a0<\/span><\/p>\n<p><span data-contrast=\"none\">Le medesime misure di tutela sono previste anche nei confronti degli altri soggetti meritevoli di protezione, cos\u00ec come individuati dalla normativa.<\/span><span data-ccp-props=\"{&quot;134233117&quot;:false,&quot;134233118&quot;:false,&quot;201341983&quot;:0,&quot;335551550&quot;:6,&quot;335551620&quot;:6,&quot;335557856&quot;:16777215,&quot;335559738&quot;:0,&quot;335559739&quot;:150,&quot;335559740&quot;:240}\">\u00a0<\/span><\/p>\n      <\/div>\n    <\/div>\n    <\/div>\n\n\n  <div class=\"container\">\n    <div class=\"col-12\">\n      <hr class=\"light-separator\">\n    <\/div>\n  <\/div>\n  \n\n<div class=\"container\">\n      <div class=\"col-6\">\n      <div>\n        <h2 class=\"h3 title\">Tecnologia utilizzata (segnalazione piattaforma Whistleblowing)<\/h2>      <\/div>\n    <\/div>\n        <div class=\"col-6\">\n      <div>\n        <p><span class=\"TextRun SCXW55134779 BCX9\" lang=\"IT-IT\" xml:lang=\"IT-IT\" data-contrast=\"none\"><span class=\"NormalTextRun SCXW55134779 BCX9\" data-ccp-parastyle=\"Normal (Web)\">L\u2019accesso alla piattaforma di Whistleblowing (esterna al sito e alla rete SAES) \u00e8 possibile tramite il sito internet aziendale ed \u00e8 soggetta alla politica \u201cno-log\u201d (non viene tracciato in alcun modo l\u2019accesso anche se effettuato all\u2019interno della rete aziendale).<\/span><\/span><span class=\"LineBreakBlob BlobObject DragDrop SCXW55134779 BCX9\"><span class=\"SCXW55134779 BCX9\">\u00a0<\/span><br class=\"SCXW55134779 BCX9\" \/><\/span><span class=\"TextRun SCXW55134779 BCX9\" lang=\"IT-IT\" xml:lang=\"IT-IT\" data-contrast=\"none\"><span class=\"NormalTextRun SCXW55134779 BCX9\" data-ccp-parastyle=\"Normal (Web)\">Globaleaks<\/span><span class=\"NormalTextRun SCXW55134779 BCX9\" data-ccp-parastyle=\"Normal (Web)\">, software open-source e gratuito, \u00e8 infatti creato per permettere l&#8217;avvio di iniziative di <\/span><span class=\"NormalTextRun SCXW55134779 BCX9\" data-ccp-parastyle=\"Normal (Web)\">whistleblowing<\/span><span class=\"NormalTextRun SCXW55134779 BCX9\" data-ccp-parastyle=\"Normal (Web)\"> sicure ed anonime. Il software \u00e8 sviluppato dal Centro Hermes per la Trasparenza ed i Diritti Umani Digitali.<\/span><\/span><span class=\"EOP SCXW55134779 BCX9\" data-ccp-props=\"{&quot;134233117&quot;:false,&quot;134233118&quot;:false,&quot;201341983&quot;:0,&quot;335551550&quot;:6,&quot;335551620&quot;:6,&quot;335557856&quot;:16777215,&quot;335559738&quot;:0,&quot;335559739&quot;:150,&quot;335559740&quot;:240}\">\u00a0<\/span><\/p>\n      <\/div>\n    <\/div>\n    <\/div>\n\n\n  <div class=\"container\">\n    <div class=\"col-12\">\n      <hr class=\"light-separator\">\n    <\/div>\n  <\/div>\n  \n\n<div class=\"container bordered\">\n      <div class=\"col-6\">\n      <div>\n        <h2 class=\"h3 title\">Policy Whistleblowing <\/h2>      <\/div>\n    <\/div>\n        <div class=\"col-6\">\n      <div>\n        <p>Facendo clic su &#8220;<a href=\"https:\/\/segnalazioni.saesgetters.com\/#\/\">Invia la tua segnalazione<\/a>&#8220;, in segnalante verr\u00e0 reindirizzato a un sito esterno e dichiara di aver letto e accettato i contenuti della &#8220;<a href=\"http:\/\/chrome-extension:\/\/efaidnbmnnnibpcajpcglclefindmkaj\/https:\/\/www.saesgetters.com\/wp-content\/uploads\/2024\/01\/ProceduraWhistleblowing_ENG_clean13.09.23.pdf\">Procedura per le segnalazioni Whistleblowing<\/a>&#8220;, inclusa l&#8217;Informativa <span class=\"TextRun SCXW144956342 BCX9\" lang=\"IT-IT\" xml:lang=\"IT-IT\" data-contrast=\"none\"><span class=\"NormalTextRun SCXW144956342 BCX9\" data-ccp-parastyle=\"Normal (Web)\">trattamento dei dati personali.<\/span><\/span><span class=\"LineBreakBlob BlobObject DragDrop SCXW144956342 BCX9\"><span class=\"SCXW144956342 BCX9\">\u00a0<\/span><br class=\"SCXW144956342 BCX9\" \/><\/span><\/p>\n<p><span data-contrast=\"none\">La \u201cProcedura per le segnalazioni whistleblowing\u201d \u00e8 disponibile a lato nella sezione Links; si raccomanda di leggere attentamente la suddetta procedura per maggiori dettagli e, in ogni caso, prima di procedere alla formulazione e all\u2019invio della segnalazione.<\/span><span data-contrast=\"none\">\u202f<\/span><span data-ccp-props=\"{&quot;134233117&quot;:false,&quot;134233118&quot;:false,&quot;201341983&quot;:0,&quot;335551550&quot;:6,&quot;335551620&quot;:6,&quot;335557856&quot;:16777215,&quot;335559738&quot;:0,&quot;335559739&quot;:150,&quot;335559740&quot;:240}\">\u00a0<\/span><\/p>\n<p><span data-contrast=\"none\">Sono incoraggiate segnalazioni effettuate tramite la piattaforma on-line che facilita e consente un maggiore dettaglio nell\u2019esposizione dei fatti attraverso la compilazione di un questionario preimpostato. La piattaforma ha inoltre il vantaggio di instaurare un \u201cdialogo\u201d tra soggetto segnalante e soggetto ricevente nell\u2019ambito della gestione della segnalazione, in tutta confidenzialit\u00e0.<\/span><span data-ccp-props=\"{&quot;134233117&quot;:false,&quot;134233118&quot;:false,&quot;201341983&quot;:0,&quot;335551550&quot;:6,&quot;335551620&quot;:6,&quot;335557856&quot;:16777215,&quot;335559738&quot;:0,&quot;335559739&quot;:150,&quot;335559740&quot;:240}\">\u00a0<\/span><\/p>\n<p>Il sistema \u00e8 accessibile anche tramite Tor all&#8217;indirizzo: <a href=\"http:\/\/d55gjl4mnvx4amcinc2wr4mkhi2yvyn3xypkjskyezbkpkufaalqiuqd.onion\">http:\/\/d55gjl4mnvx4amcinc2wr4mkhi2yvyn3xypkjskyezbkpkufaalqiuqd.onion<\/a><\/p>\n<p>Il browser Tor non pu\u00f2 essere scaricato su PC SAES.<\/p>\n<p>Per accedere tramite Tor \u00e8 quindi necessario scaricare un browser specifico sul proprio PC di casa (a titolo di esempio) disponibile al seguente link: <a href=\"https:\/\/www.torproject.org\/download\/\">https:\/\/www.torproject.org\/download\/<\/a><\/p>\n      <\/div>\n    <\/div>\n    <\/div>\n\n\n<div class=\"space space-xl\">\n<\/div>\n","protected":false},"excerpt":{"rendered":"","protected":false},"author":6,"featured_media":0,"parent":0,"menu_order":0,"comment_status":"closed","ping_status":"closed","template":"","meta":{"inline_featured_image":false},"acf":[],"yoast_head":"<!-- This site is optimized with the Yoast SEO plugin v21.7 - https:\/\/yoast.com\/wordpress\/plugins\/seo\/ -->\n<title>Whistleblowing | SAES Getters<\/title>\n<meta name=\"robots\" content=\"index, follow, max-snippet:-1, max-image-preview:large, max-video-preview:-1\" \/>\n<link rel=\"canonical\" href=\"https:\/\/www.saesgetters.com\/it\/whistleblowing\/\" \/>\n<meta property=\"og:locale\" content=\"it_IT\" \/>\n<meta property=\"og:type\" content=\"article\" \/>\n<meta property=\"og:title\" content=\"Whistleblowing | SAES Getters\" \/>\n<meta property=\"og:url\" content=\"https:\/\/www.saesgetters.com\/it\/whistleblowing\/\" \/>\n<meta property=\"og:site_name\" content=\"SAES Getters\" \/>\n<meta property=\"article:modified_time\" content=\"2024-03-12T13:30:56+00:00\" \/>\n<meta property=\"og:image\" content=\"https:\/\/www.saesgetters.com\/wp-content\/uploads\/2023\/12\/saes-getters-og-image.jpg\" \/>\n\t<meta property=\"og:image:width\" content=\"1200\" \/>\n\t<meta property=\"og:image:height\" content=\"675\" \/>\n\t<meta property=\"og:image:type\" content=\"image\/jpeg\" \/>\n<meta name=\"twitter:card\" content=\"summary_large_image\" \/>\n<script type=\"application\/ld+json\" class=\"yoast-schema-graph\">{\"@context\":\"https:\/\/schema.org\",\"@graph\":[{\"@type\":\"WebPage\",\"@id\":\"https:\/\/www.saesgetters.com\/it\/whistleblowing\/\",\"url\":\"https:\/\/www.saesgetters.com\/it\/whistleblowing\/\",\"name\":\"Whistleblowing | SAES Getters\",\"isPartOf\":{\"@id\":\"https:\/\/www.saesgetters.com\/it\/#website\"},\"datePublished\":\"2024-01-15T10:09:24+00:00\",\"dateModified\":\"2024-03-12T13:30:56+00:00\",\"breadcrumb\":{\"@id\":\"https:\/\/www.saesgetters.com\/it\/whistleblowing\/#breadcrumb\"},\"inLanguage\":\"it-IT\",\"potentialAction\":[{\"@type\":\"ReadAction\",\"target\":[\"https:\/\/www.saesgetters.com\/it\/whistleblowing\/\"]}]},{\"@type\":\"BreadcrumbList\",\"@id\":\"https:\/\/www.saesgetters.com\/it\/whistleblowing\/#breadcrumb\",\"itemListElement\":[{\"@type\":\"ListItem\",\"position\":1,\"name\":\"Home\",\"item\":\"https:\/\/www.saesgetters.com\/it\/\"},{\"@type\":\"ListItem\",\"position\":2,\"name\":\"Whistleblowing\"}]},{\"@type\":\"WebSite\",\"@id\":\"https:\/\/www.saesgetters.com\/it\/#website\",\"url\":\"https:\/\/www.saesgetters.com\/it\/\",\"name\":\"SAES Getters\",\"description\":\"Research &amp; Innovation\",\"publisher\":{\"@id\":\"https:\/\/www.saesgetters.com\/it\/#organization\"},\"potentialAction\":[{\"@type\":\"SearchAction\",\"target\":{\"@type\":\"EntryPoint\",\"urlTemplate\":\"https:\/\/www.saesgetters.com\/it\/?s={search_term_string}\"},\"query-input\":\"required name=search_term_string\"}],\"inLanguage\":\"it-IT\"},{\"@type\":\"Organization\",\"@id\":\"https:\/\/www.saesgetters.com\/it\/#organization\",\"name\":\"SAES Getters S.p.A.\",\"alternateName\":\"SAES Getters\",\"url\":\"https:\/\/www.saesgetters.com\/it\/\",\"logo\":{\"@type\":\"ImageObject\",\"inLanguage\":\"it-IT\",\"@id\":\"https:\/\/www.saesgetters.com\/it\/#\/schema\/logo\/image\/\",\"url\":\"https:\/\/www.saesgetters.com\/wp-content\/uploads\/2023\/07\/saes-getters-logo.svg\",\"contentUrl\":\"https:\/\/www.saesgetters.com\/wp-content\/uploads\/2023\/07\/saes-getters-logo.svg\",\"width\":\"1024\",\"height\":\"1024\",\"caption\":\"SAES Getters S.p.A.\"},\"image\":{\"@id\":\"https:\/\/www.saesgetters.com\/it\/#\/schema\/logo\/image\/\"},\"sameAs\":[\"https:\/\/www.linkedin.com\/company\/saes-getters\/\"]}]}<\/script>\n<!-- \/ Yoast SEO plugin. -->","yoast_head_json":{"title":"Whistleblowing | SAES Getters","robots":{"index":"index","follow":"follow","max-snippet":"max-snippet:-1","max-image-preview":"max-image-preview:large","max-video-preview":"max-video-preview:-1"},"canonical":"https:\/\/www.saesgetters.com\/it\/whistleblowing\/","og_locale":"it_IT","og_type":"article","og_title":"Whistleblowing | SAES Getters","og_url":"https:\/\/www.saesgetters.com\/it\/whistleblowing\/","og_site_name":"SAES Getters","article_modified_time":"2024-03-12T13:30:56+00:00","og_image":[{"width":1200,"height":675,"url":"https:\/\/www.saesgetters.com\/wp-content\/uploads\/2023\/12\/saes-getters-og-image.jpg","type":"image\/jpeg"}],"twitter_card":"summary_large_image","schema":{"@context":"https:\/\/schema.org","@graph":[{"@type":"WebPage","@id":"https:\/\/www.saesgetters.com\/it\/whistleblowing\/","url":"https:\/\/www.saesgetters.com\/it\/whistleblowing\/","name":"Whistleblowing | SAES Getters","isPartOf":{"@id":"https:\/\/www.saesgetters.com\/it\/#website"},"datePublished":"2024-01-15T10:09:24+00:00","dateModified":"2024-03-12T13:30:56+00:00","breadcrumb":{"@id":"https:\/\/www.saesgetters.com\/it\/whistleblowing\/#breadcrumb"},"inLanguage":"it-IT","potentialAction":[{"@type":"ReadAction","target":["https:\/\/www.saesgetters.com\/it\/whistleblowing\/"]}]},{"@type":"BreadcrumbList","@id":"https:\/\/www.saesgetters.com\/it\/whistleblowing\/#breadcrumb","itemListElement":[{"@type":"ListItem","position":1,"name":"Home","item":"https:\/\/www.saesgetters.com\/it\/"},{"@type":"ListItem","position":2,"name":"Whistleblowing"}]},{"@type":"WebSite","@id":"https:\/\/www.saesgetters.com\/it\/#website","url":"https:\/\/www.saesgetters.com\/it\/","name":"SAES Getters","description":"Research &amp; Innovation","publisher":{"@id":"https:\/\/www.saesgetters.com\/it\/#organization"},"potentialAction":[{"@type":"SearchAction","target":{"@type":"EntryPoint","urlTemplate":"https:\/\/www.saesgetters.com\/it\/?s={search_term_string}"},"query-input":"required name=search_term_string"}],"inLanguage":"it-IT"},{"@type":"Organization","@id":"https:\/\/www.saesgetters.com\/it\/#organization","name":"SAES Getters S.p.A.","alternateName":"SAES Getters","url":"https:\/\/www.saesgetters.com\/it\/","logo":{"@type":"ImageObject","inLanguage":"it-IT","@id":"https:\/\/www.saesgetters.com\/it\/#\/schema\/logo\/image\/","url":"https:\/\/www.saesgetters.com\/wp-content\/uploads\/2023\/07\/saes-getters-logo.svg","contentUrl":"https:\/\/www.saesgetters.com\/wp-content\/uploads\/2023\/07\/saes-getters-logo.svg","width":"1024","height":"1024","caption":"SAES Getters S.p.A."},"image":{"@id":"https:\/\/www.saesgetters.com\/it\/#\/schema\/logo\/image\/"},"sameAs":["https:\/\/www.linkedin.com\/company\/saes-getters\/"]}]}},"_links":{"self":[{"href":"https:\/\/www.saesgetters.com\/it\/wp-json\/wp\/v2\/pages\/7315"}],"collection":[{"href":"https:\/\/www.saesgetters.com\/it\/wp-json\/wp\/v2\/pages"}],"about":[{"href":"https:\/\/www.saesgetters.com\/it\/wp-json\/wp\/v2\/types\/page"}],"author":[{"embeddable":true,"href":"https:\/\/www.saesgetters.com\/it\/wp-json\/wp\/v2\/users\/6"}],"replies":[{"embeddable":true,"href":"https:\/\/www.saesgetters.com\/it\/wp-json\/wp\/v2\/comments?post=7315"}],"version-history":[{"count":0,"href":"https:\/\/www.saesgetters.com\/it\/wp-json\/wp\/v2\/pages\/7315\/revisions"}],"wp:attachment":[{"href":"https:\/\/www.saesgetters.com\/it\/wp-json\/wp\/v2\/media?parent=7315"}],"curies":[{"name":"wp","href":"https:\/\/api.w.org\/{rel}","templated":true}]}}