{"id":9032,"date":"2024-03-26T16:17:48","date_gmt":"2024-03-26T15:17:48","guid":{"rendered":"https:\/\/www.saesgetters.com\/careers-privacy-policy\/"},"modified":"2026-02-02T14:47:52","modified_gmt":"2026-02-02T13:47:52","slug":"careers-privacy-policy","status":"publish","type":"page","link":"https:\/\/www.saesgetters.com\/it\/careers-privacy-policy\/","title":{"rendered":"Privacy Policy &#8211; Careers"},"content":{"rendered":"<div class=\"container\">\n    <div class=\"col-12 text-center\">\n      <\/div>\n<\/div>\n\n\n<div class=\"space space-xl\">\n<\/div>\n\n\n<div class=\"headline container\">\n    <div class=\"col-12\">\n    <h2 class=\"h1 title\">Informativa sul trattamento dei dati personali<\/h2>  <\/div>\n<\/div>\n\n\n<div class=\"container\">\n      <div class=\"col-6\">\n      <div>\n              <\/div>\n    <\/div>\n        <div class=\"col-6\">\n      <div>\n        <p><strong>SAES Getters S.p.A.<\/strong>, con sede legale in Lainate (MI), Viale Italia 77, c. f. e p. iva 00774910152 (<strong><em>SAES <\/em><\/strong>o la<strong><em> Societ\u00e0<\/em><\/strong>), in qualit\u00e0 di titolare del trattamento, tratter\u00e0 i Suoi dati personali comunicati per la valutazione della Sua figura professionale e di un\u2019eventuale assunzione (<strong><em>Dati<\/em><\/strong>) nel rispetto della normativa in materia di protezione dei dati personali applicabile e degli obblighi di riservatezza cui \u00e8 ispirata l\u2019attivit\u00e0 della nostra Societ\u00e0, nonch\u00e9 in stretta osservanza della normativa giuslavoristica (con particolare riferimento alla L. 300\/1970) e dei contratti collettivi rilevanti.<\/p>\n<p><strong><u>La invitiamo a leggere attentamente la presente informativa sul trattamento dei dati personali<\/u><\/strong>.<\/p>\n<p>In caso di dubbi sulle caratteristiche del trattamento dei Dati, \u00e8 possibile rivolgersi all\u2019Ufficio HR o all\u2019Ufficio Legal &amp; Compliance, oltrech\u00e9 ai soggetti e ai recapiti indicati in calce alla presente informativa.<\/p>\n      <\/div>\n    <\/div>\n    <\/div>\n\n\n  <div class=\"container\">\n    <div class=\"col-12\">\n      <hr class=\"light-separator\">\n    <\/div>\n  <\/div>\n  \n\n<div class=\"container\">\n      <div class=\"col-6\">\n      <div>\n        <h2 class=\"h3 title\">1.\tTitolare del trattamento<\/h2>      <\/div>\n    <\/div>\n        <div class=\"col-6\">\n      <div>\n        <p>Il titolare del trattamento dei Dati \u00e8 SAES Getters S.p.A., con sede legale in Lainate (MI), Viale Italia 77, c.f. e p. iva 00774910152.<\/p>\n      <\/div>\n    <\/div>\n    <\/div>\n\n\n  <div class=\"container\">\n    <div class=\"col-12\">\n      <hr class=\"light-separator\">\n    <\/div>\n  <\/div>\n  \n\n<div class=\"container\">\n      <div class=\"col-6\">\n      <div>\n        <h2 class=\"h3 title\">2.\tFonte dei Dati<\/h2>      <\/div>\n    <\/div>\n        <div class=\"col-6\">\n      <div>\n        <p>I Dati ci sono stati comunicati direttamente da Lei nel momento in cui ha deciso di inviarci il Suo <em>curricula<\/em> attraverso i canali messi a disposizione dalla Societ\u00e0, tra cui, ad esempio, la sezione \u201c<em>Careers<\/em>\u201d del sito web <a href=\"www.saesgetters.com\">www.saesgetters.com<\/a>.<\/p>\n<p>Potremo raccogliere altri Suoi Dati nel corso degli eventuali colloqui di selezione.<\/p>\n      <\/div>\n    <\/div>\n    <\/div>\n\n\n  <div class=\"container\">\n    <div class=\"col-12\">\n      <hr class=\"light-separator\">\n    <\/div>\n  <\/div>\n  \n\n<div class=\"container\">\n      <div class=\"col-6\">\n      <div>\n        <h2 class=\"h3 title\">3.\tDati raccolti e trattati<\/h2>      <\/div>\n    <\/div>\n        <div class=\"col-6\">\n      <div>\n        <p>SAES raccoglie e tratta solo dati pertinenti e non eccedenti le finalit\u00e0 del trattamento e, quindi, solo i dati necessari a valutare il Suo profilo e l\u2019opportunit\u00e0 dell\u2019instaurazione di un rapporto di lavoro con la nostra Societ\u00e0: La invitiamo a non comunicare dati non necessari, che saranno comunque immediatamente cancellati.<\/p>\n<p>La invitiamo altres\u00ec a non comunicare a SAES dati personali di terzi, a meno che sia strettamente necessario per il raggiungimento delle finalit\u00e0 del trattamento: in questo caso, Le ricordiamo di assolvere gli adempimenti di legge in materia di tutela dei dati personali e, in particolare, informare i terzi della comunicazione dei loro dati e raccoglierne, del caso, il consenso.<\/p>\n<p>I Dati comprendo dati personali c.d. comuni e dati c.d. sensibili.<\/p>\n<p><em><u>Dati personali comuni<\/u><\/em><\/p>\n<p>I dati personali comuni comprendono i Suoi dati anagrafici e di contatto, i dati relativi alla Sua istruzione e alla Sua carriera lavorativa, nonch\u00e9 alle mansioni ricoperte.<\/p>\n<p><em><u>Dati sensibili<\/u><\/em><\/p>\n<p>Definiamo \u201csensibili\u201d i dati che rivelino l&#8217;origine razziale o etnica, le opinioni politiche, le convinzioni religiose o filosofiche, o l&#8217;appartenenza sindacale, nonch\u00e9 i dati genetici, i dati biometrici intesi a identificare in modo univoco una persona fisica, i dati relativi alla salute o alla vita sessuale o all&#8217;orientamento sessuale della persona. I dati sensibili corrispondono ai dati appartenenti alle \u201ccategorie particolari\u201d di cui all\u2019art. 9 del Reg. (UE) 679\/2016 (c.d. <strong><em>GDPR<\/em><\/strong>).<\/p>\n<p>SAES tratta dati sensibili quali, ad esempio: quelli relativi all\u2019iscrizione a sindacati ai fini dell\u2019effettuazione delle trattenute e del versamento del contributo al sindacato indicato; i dati relativi allo stato di salute (certificati relativi alle assenze per malattia, maternit\u00e0, infortunio, dati relativi all\u2019idoneit\u00e0 a determinati lavori e avviamenti obbligatori) ai fini della verifica dell\u2019attitudine a determinati lavori, della giustificazione delle assenze, dei trattamenti assicurativi e previdenziali obbligatori o contrattuali, degli infortuni sul lavoro; i dati relativi all\u2019appartenenza ad organizzazioni religiose ai fini dei permessi per festivit\u00e0 religiose.<\/p>\n<p>Potremo raccogliere dati c.d. sensibili solo nella misura in cui \u00e8 necessario per assolvere gli obblighi ed esercitare i diritti specifici Suoi e di SAES in materia di diritto del lavoro e della sicurezza sociale e protezione sociale, oltrech\u00e9 per finalit\u00e0 di medicina del lavoro e valutazione della Sua capacit\u00e0 lavorativa e, in quest\u2019ultimo caso, sotto la responsabilit\u00e0 di un professionista soggetto al segreto professionale (i.e. il medico del lavoro competente nominato <em>ex<\/em> D. Lgs. 81\/2008, nonch\u00e9 dall\u2019infermiera presso l\u2019infermeria della Societ\u00e0, che agiscono quali responsabili del trattamento su incarico scritto ricevuto da SAES). Il trattamento avverr\u00e0 in stretta aderenza all\u2019autorizzazione generale n\u00b01\/2016 del Garante Privacy, come successivamente prorogata, rinnovata e\/o modificata, nonch\u00e9 alle ulteriori regole deontologiche e misure di garanzia adottate dal Garante Privacy ai sensi degli artt. 2-<em>quater<\/em> e 2-<em>septies <\/em>del D. Lgs. 196\/2003 e ss.mm.ii.<\/p>\n      <\/div>\n    <\/div>\n    <\/div>\n\n\n  <div class=\"container\">\n    <div class=\"col-12\">\n      <hr class=\"light-separator\">\n    <\/div>\n  <\/div>\n  \n\n<div class=\"container\">\n      <div class=\"col-6\">\n      <div>\n        <h2 class=\"h3 title\">4.\tFinalit\u00e0 del trattamento e relativa base giuridica<\/h2>      <\/div>\n    <\/div>\n        <div class=\"col-6\">\n      <div>\n        <p><em><u>Valutazione del Suo profilo professionale ai fini dell\u2019eventuale assunzione da parte di SAES <\/u><\/em><\/p>\n<p>I Dati saranno trattati per valutare il Suo profilo professionale ai fini di un eventuale collaborazione e\/o assunzione da parte della nostra Societ\u00e0.<\/p>\n<p>Tale trattamento trova la sua base giuridica nell\u2019esigenza di eseguire misure precontrattuali adottate su Sua richiesta.<\/p>\n<p>In relazione a tali finalit\u00e0, la comunicazione dei Suoi Dati, seppur facoltativa, \u00e8 necessaria: l\u2019eventuale mancato conferimento non ci consentir\u00e0 di valutare il Suo profilo e neppure di ricontattarLa per la fissazione di un eventuale colloquio conoscitivo.<\/p>\n      <\/div>\n    <\/div>\n    <\/div>\n\n\n  <div class=\"container\">\n    <div class=\"col-12\">\n      <hr class=\"light-separator\">\n    <\/div>\n  <\/div>\n  \n\n<div class=\"container\">\n      <div class=\"col-6\">\n      <div>\n        <h2 class=\"h3 title\">5.\tComunicazione e trasferimento all\u2019estero dei Dati<\/h2>      <\/div>\n    <\/div>\n        <div class=\"col-6\">\n      <div>\n        <p>Previo Suo consenso, i Dati saranno comunicati anche a societ\u00e0 controllate e collegate del Gruppo SAES per le medesime finalit\u00e0, ossia allo scopo di valutare se il Suo profilo pu\u00f2 essere di interesse per una nostra consociata. Le societ\u00e0 destinatarie agiranno quali titolari autonomi del trattamento.<\/p>\n<p>Tale trattamento trova la propria base giuridica nel Suo consenso espresso: in mancanza del Suo consenso, non potremo trasmettere i Suoi Dati alle altre societ\u00e0 del Gruppo SAES e, di conseguenza, Lei potr\u00e0 partecipare a eventuali processi di selezione avviati da consociate soltanto trasmettendo direttamente i Suoi Dati alla societ\u00e0 di Suo interesse. L\u2019eventuale mancato consenso \u00e8 facoltativo e non avr\u00e0 alcuna conseguenza sul Suo rapporto con SAES. Il consenso, laddove prestato, potr\u00e0 essere revocato in qualsiasi momento senza pregiudicare la liceit\u00e0 del trattamento basata sul consenso prestato prima della revoca.<\/p>\n<p>Le ricordiamo che alcune societ\u00e0 del Gruppo SAES hanno sede anche in Stati al di fuori dell\u2019Unione Europea (es. USA), che non beneficiano di una decisione di adeguatezza della Commissione Europea. Perch\u00e9 possiamo trasferire i Suoi Dati alle nostre consociate con sede in uno Stato terzo, Le chiediamo di esprimere uno specifico consenso: in mancanza del Suo consenso, non potremo trasmettere i Suoi Dati alle societ\u00e0 del Gruppo SAES costituite al di fuori dell\u2019Unione Europea e, di conseguenza, Lei potr\u00e0 partecipare ad eventuali processi di selezione avviati da tali societ\u00e0 soltanto inoltrando delle <em>application<\/em> ad hoc e trasmettendo separatamente i Suoi Dati. L\u2019eventuale mancato consenso non avr\u00e0 alcuna conseguenza sul Suo rapporto con SAES. Le consigliamo di prestare il consenso soltanto laddove sia interessato a un\u2019opportunit\u00e0 di lavoro all\u2019estero.<\/p>\n      <\/div>\n    <\/div>\n    <\/div>\n\n\n  <div class=\"container\">\n    <div class=\"col-12\">\n      <hr class=\"light-separator\">\n    <\/div>\n  <\/div>\n  \n\n<div class=\"container\">\n      <div class=\"col-6\">\n      <div>\n        <h2 class=\"h3 title\">6.\tModalit\u00e0 di trattamento<\/h2>      <\/div>\n    <\/div>\n        <div class=\"col-6\">\n      <div>\n        <p>In relazione alle indicate finalit\u00e0, i Dati verranno trattati mediante strumenti, manuali ed automatizzati, che assicurano la protezione dei Dati fin dalla progettazione e per impostazione predefinita, adeguati a garantirne la sicurezza e la riservatezza, e con logiche strettamente correlate alle finalit\u00e0 stesse, da personale al quale SAES ha impartito adeguate istruzioni operative con particolare riferimento alle finalit\u00e0 e alle modalit\u00e0 del trattamento, nonch\u00e9 alle misure di sicurezza adottate.<\/p>\n      <\/div>\n    <\/div>\n    <\/div>\n\n\n  <div class=\"container\">\n    <div class=\"col-12\">\n      <hr class=\"light-separator\">\n    <\/div>\n  <\/div>\n  \n\n<div class=\"container\">\n      <div class=\"col-6\">\n      <div>\n        <h2 class=\"h3 title\">7.\tTempi di conservazione dei Dati<\/h2>      <\/div>\n    <\/div>\n        <div class=\"col-6\">\n      <div>\n        <p>I Dati saranno conservati per 12 mesi dalla data di ricezione, sulla base del legittimo interesse del Titolare per la conservazione dei curricula dei candidati al fine di un\u2019eventuale ricontatto nell\u2019arco temporale dell\u2019anno successivo dal conferimento dello stesso: tale interesse \u00e8 stata valutato come prevalente rispetto agli interessi del singolo soggetto interessato a veder cancellato il proprio curriculum vitae immediatamente dopo il termine dell\u2019iter di selezione, in quanto \u00e8 ragionevole ritenere che il singolo soggetto interessato abbia interesse ad essere ricontattato per ulteriori opportunit\u00e0 professionali.<\/p>\n<p>I dati potranno essere conservati per ulteriori periodi di 12 mesi previa espressa conferma da parte Sua, acquisita per iscritto (anche via e-mail) prima della scadenza del termine di conservazione sopra indicato.<\/p>\n<p>Qualora il Suo profilo non sia in linea con le nostre esigenze, i Suoi dati verranno cancellati immediatamente.<\/p>\n<p>Potremo conservare i Suoi Dati per periodi di tempo maggiori nel caso dell\u2019instaurazione di un rapporto contrattuale con SAES: in questo caso, i Dati saranno trattati secondo quanto descritto nell\u2019informativa che Le verr\u00e0 fornita al momento dell\u2019instaurazione stessa del rapporto.<\/p>\n      <\/div>\n    <\/div>\n    <\/div>\n\n\n  <div class=\"container\">\n    <div class=\"col-12\">\n      <hr class=\"light-separator\">\n    <\/div>\n  <\/div>\n  \n\n<div class=\"container\">\n      <div class=\"col-6\">\n      <div>\n        <h2 class=\"h3 title\">8.\tI Suoi diritti<\/h2>      <\/div>\n    <\/div>\n        <div class=\"col-6\">\n      <div>\n        <p>In qualsiasi momento, Lei potr\u00e0 esercitare i diritti riconosciuti ai sensi della normativa in materia di tutela dei dati personali vigente e, in particolare, il diritto di chiedere al titolare del trattamento, nei casi previsti: conferma che sia in corso un trattamento di dati che La riguardano, l\u2019accesso ai dati e la rettifica o la cancellazione degli stessi o la limitazione del trattamento dei Dati; il diritto di opporsi al trattamento; il diritto di revocare il consenso, laddove prestato, senza pregiudicare la liceit\u00e0 del trattamento basato sul consenso prima della revoca; il diritto alla portabilit\u00e0 dei Dati; il diritto di proporre ricorso all\u2019Autorit\u00e0 Giudiziaria, o reclamo all\u2019Autorit\u00e0 Garante per la protezione dei dati personali competente.<\/p>\n<p>In qualsiasi momento potr\u00e0 anche richiedere l\u2019elenco completo dei destinatari dei Dati.<\/p>\n<p>Tali diritti potranno essere esercitati scrivendo all\u2019indirizzo <a href=\"mailto:privacy@saes-group.com\">privacy@saes-group.com<\/a> o rivolgendosi all\u2019Ufficio Legal &amp; Compliance di SAES scrivendo all\u2019indirizzo di Viale Italia 77, Lainate (MI).<\/p>\n<p>Per informazioni o chiarimenti sui Suoi diritti, pu\u00f2 contattarci ai medesimi recapiti.<\/p>\n      <\/div>\n    <\/div>\n    <\/div>\n\n\n  <div class=\"container\">\n    <div class=\"col-12\">\n      <hr class=\"light-separator\">\n    <\/div>\n  <\/div>\n  \n\n<div class=\"container\">\n      <div class=\"col-6\">\n      <div>\n        <h2 class=\"h3 title\">9.\tResponsabile della protezione dei dati<\/h2>      <\/div>\n    <\/div>\n        <div class=\"col-6\">\n      <div>\n        <p>SAES ha nominato un proprio responsabile della protezione dei dati, contattabile al seguente recapito per informazioni sul trattamento dei dati e sui diritti riconosciuti agli interessati: Avv. Sergio Amato (e-mail: <a href=\"mailto:dpo@saes-group.com\">dpo@saes-group.com<\/a>).<\/p>\n      <\/div>\n    <\/div>\n    <\/div>\n\n\n  <div class=\"container\">\n    <div class=\"col-12\">\n      <hr class=\"light-separator\">\n    <\/div>\n  <\/div>\n  \n\n<div class=\"container\">\n      <div class=\"col-6\">\n      <div>\n        <h2 class=\"h3 title\">10.\tIntegrazioni<\/h2>      <\/div>\n    <\/div>\n        <div class=\"col-6\">\n      <div>\n        <p>Nel caso di modifiche sostanziali alla presente informativa, SAES Le invier\u00e0 una notifica via e-mail per segnalare le variazioni e raccogliere una eventuale richiesta di esercizio dei diritti sopra descritti.<\/p>\n      <\/div>\n    <\/div>\n    <\/div>\n\n\n<div class=\"space space-xl\">\n<\/div>\n","protected":false},"excerpt":{"rendered":"","protected":false},"author":2,"featured_media":0,"parent":0,"menu_order":0,"comment_status":"closed","ping_status":"closed","template":"","meta":{"inline_featured_image":false},"acf":[],"yoast_head":"<!-- This site is optimized with the Yoast SEO plugin v21.7 - https:\/\/yoast.com\/wordpress\/plugins\/seo\/ -->\n<title>Privacy Policy - Careers | SAES Getters<\/title>\n<meta name=\"robots\" content=\"index, follow, max-snippet:-1, max-image-preview:large, max-video-preview:-1\" \/>\n<link rel=\"canonical\" href=\"https:\/\/www.saesgetters.com\/it\/careers-privacy-policy\/\" \/>\n<meta property=\"og:locale\" content=\"it_IT\" \/>\n<meta property=\"og:type\" content=\"article\" \/>\n<meta property=\"og:title\" content=\"Privacy Policy - Careers | SAES Getters\" \/>\n<meta property=\"og:url\" content=\"https:\/\/www.saesgetters.com\/it\/careers-privacy-policy\/\" \/>\n<meta property=\"og:site_name\" content=\"SAES Getters\" \/>\n<meta property=\"article:modified_time\" content=\"2026-02-02T13:47:52+00:00\" \/>\n<meta property=\"og:image\" content=\"https:\/\/www.saesgetters.com\/wp-content\/uploads\/2023\/12\/saes-getters-og-image.jpg\" \/>\n\t<meta property=\"og:image:width\" content=\"1200\" \/>\n\t<meta property=\"og:image:height\" content=\"675\" \/>\n\t<meta property=\"og:image:type\" content=\"image\/jpeg\" \/>\n<meta name=\"twitter:card\" content=\"summary_large_image\" \/>\n<script type=\"application\/ld+json\" class=\"yoast-schema-graph\">{\"@context\":\"https:\/\/schema.org\",\"@graph\":[{\"@type\":\"WebPage\",\"@id\":\"https:\/\/www.saesgetters.com\/it\/careers-privacy-policy\/\",\"url\":\"https:\/\/www.saesgetters.com\/it\/careers-privacy-policy\/\",\"name\":\"Privacy Policy - Careers | SAES Getters\",\"isPartOf\":{\"@id\":\"https:\/\/www.saesgetters.com\/it\/#website\"},\"datePublished\":\"2024-03-26T15:17:48+00:00\",\"dateModified\":\"2026-02-02T13:47:52+00:00\",\"breadcrumb\":{\"@id\":\"https:\/\/www.saesgetters.com\/it\/careers-privacy-policy\/#breadcrumb\"},\"inLanguage\":\"it-IT\",\"potentialAction\":[{\"@type\":\"ReadAction\",\"target\":[\"https:\/\/www.saesgetters.com\/it\/careers-privacy-policy\/\"]}]},{\"@type\":\"BreadcrumbList\",\"@id\":\"https:\/\/www.saesgetters.com\/it\/careers-privacy-policy\/#breadcrumb\",\"itemListElement\":[{\"@type\":\"ListItem\",\"position\":1,\"name\":\"Home\",\"item\":\"https:\/\/www.saesgetters.com\/it\/\"},{\"@type\":\"ListItem\",\"position\":2,\"name\":\"Privacy Policy &#8211; Careers\"}]},{\"@type\":\"WebSite\",\"@id\":\"https:\/\/www.saesgetters.com\/it\/#website\",\"url\":\"https:\/\/www.saesgetters.com\/it\/\",\"name\":\"SAES Getters\",\"description\":\"Research &amp; Innovation\",\"publisher\":{\"@id\":\"https:\/\/www.saesgetters.com\/it\/#organization\"},\"potentialAction\":[{\"@type\":\"SearchAction\",\"target\":{\"@type\":\"EntryPoint\",\"urlTemplate\":\"https:\/\/www.saesgetters.com\/it\/?s={search_term_string}\"},\"query-input\":\"required name=search_term_string\"}],\"inLanguage\":\"it-IT\"},{\"@type\":\"Organization\",\"@id\":\"https:\/\/www.saesgetters.com\/it\/#organization\",\"name\":\"SAES Getters S.p.A.\",\"alternateName\":\"SAES Getters\",\"url\":\"https:\/\/www.saesgetters.com\/it\/\",\"logo\":{\"@type\":\"ImageObject\",\"inLanguage\":\"it-IT\",\"@id\":\"https:\/\/www.saesgetters.com\/it\/#\/schema\/logo\/image\/\",\"url\":\"https:\/\/www.saesgetters.com\/wp-content\/uploads\/2023\/07\/saes-getters-logo.svg\",\"contentUrl\":\"https:\/\/www.saesgetters.com\/wp-content\/uploads\/2023\/07\/saes-getters-logo.svg\",\"width\":\"1024\",\"height\":\"1024\",\"caption\":\"SAES Getters S.p.A.\"},\"image\":{\"@id\":\"https:\/\/www.saesgetters.com\/it\/#\/schema\/logo\/image\/\"},\"sameAs\":[\"https:\/\/www.linkedin.com\/company\/saes-getters\/\"]}]}<\/script>\n<!-- \/ Yoast SEO plugin. -->","yoast_head_json":{"title":"Privacy Policy - Careers | SAES Getters","robots":{"index":"index","follow":"follow","max-snippet":"max-snippet:-1","max-image-preview":"max-image-preview:large","max-video-preview":"max-video-preview:-1"},"canonical":"https:\/\/www.saesgetters.com\/it\/careers-privacy-policy\/","og_locale":"it_IT","og_type":"article","og_title":"Privacy Policy - Careers | SAES Getters","og_url":"https:\/\/www.saesgetters.com\/it\/careers-privacy-policy\/","og_site_name":"SAES Getters","article_modified_time":"2026-02-02T13:47:52+00:00","og_image":[{"width":1200,"height":675,"url":"https:\/\/www.saesgetters.com\/wp-content\/uploads\/2023\/12\/saes-getters-og-image.jpg","type":"image\/jpeg"}],"twitter_card":"summary_large_image","schema":{"@context":"https:\/\/schema.org","@graph":[{"@type":"WebPage","@id":"https:\/\/www.saesgetters.com\/it\/careers-privacy-policy\/","url":"https:\/\/www.saesgetters.com\/it\/careers-privacy-policy\/","name":"Privacy Policy - Careers | SAES Getters","isPartOf":{"@id":"https:\/\/www.saesgetters.com\/it\/#website"},"datePublished":"2024-03-26T15:17:48+00:00","dateModified":"2026-02-02T13:47:52+00:00","breadcrumb":{"@id":"https:\/\/www.saesgetters.com\/it\/careers-privacy-policy\/#breadcrumb"},"inLanguage":"it-IT","potentialAction":[{"@type":"ReadAction","target":["https:\/\/www.saesgetters.com\/it\/careers-privacy-policy\/"]}]},{"@type":"BreadcrumbList","@id":"https:\/\/www.saesgetters.com\/it\/careers-privacy-policy\/#breadcrumb","itemListElement":[{"@type":"ListItem","position":1,"name":"Home","item":"https:\/\/www.saesgetters.com\/it\/"},{"@type":"ListItem","position":2,"name":"Privacy Policy &#8211; Careers"}]},{"@type":"WebSite","@id":"https:\/\/www.saesgetters.com\/it\/#website","url":"https:\/\/www.saesgetters.com\/it\/","name":"SAES Getters","description":"Research &amp; Innovation","publisher":{"@id":"https:\/\/www.saesgetters.com\/it\/#organization"},"potentialAction":[{"@type":"SearchAction","target":{"@type":"EntryPoint","urlTemplate":"https:\/\/www.saesgetters.com\/it\/?s={search_term_string}"},"query-input":"required name=search_term_string"}],"inLanguage":"it-IT"},{"@type":"Organization","@id":"https:\/\/www.saesgetters.com\/it\/#organization","name":"SAES Getters S.p.A.","alternateName":"SAES Getters","url":"https:\/\/www.saesgetters.com\/it\/","logo":{"@type":"ImageObject","inLanguage":"it-IT","@id":"https:\/\/www.saesgetters.com\/it\/#\/schema\/logo\/image\/","url":"https:\/\/www.saesgetters.com\/wp-content\/uploads\/2023\/07\/saes-getters-logo.svg","contentUrl":"https:\/\/www.saesgetters.com\/wp-content\/uploads\/2023\/07\/saes-getters-logo.svg","width":"1024","height":"1024","caption":"SAES Getters S.p.A."},"image":{"@id":"https:\/\/www.saesgetters.com\/it\/#\/schema\/logo\/image\/"},"sameAs":["https:\/\/www.linkedin.com\/company\/saes-getters\/"]}]}},"_links":{"self":[{"href":"https:\/\/www.saesgetters.com\/it\/wp-json\/wp\/v2\/pages\/9032"}],"collection":[{"href":"https:\/\/www.saesgetters.com\/it\/wp-json\/wp\/v2\/pages"}],"about":[{"href":"https:\/\/www.saesgetters.com\/it\/wp-json\/wp\/v2\/types\/page"}],"author":[{"embeddable":true,"href":"https:\/\/www.saesgetters.com\/it\/wp-json\/wp\/v2\/users\/2"}],"replies":[{"embeddable":true,"href":"https:\/\/www.saesgetters.com\/it\/wp-json\/wp\/v2\/comments?post=9032"}],"version-history":[{"count":0,"href":"https:\/\/www.saesgetters.com\/it\/wp-json\/wp\/v2\/pages\/9032\/revisions"}],"wp:attachment":[{"href":"https:\/\/www.saesgetters.com\/it\/wp-json\/wp\/v2\/media?parent=9032"}],"curies":[{"name":"wp","href":"https:\/\/api.w.org\/{rel}","templated":true}]}}