{"id":9339,"date":"2024-05-23T22:30:21","date_gmt":"2024-05-23T20:30:21","guid":{"rendered":"https:\/\/www.saesgetters.com\/?page_id=9339"},"modified":"2025-01-24T14:54:13","modified_gmt":"2025-01-24T13:54:13","slug":"opa-2024","status":"publish","type":"page","link":"https:\/\/www.saesgetters.com\/it\/informazioni-societarie\/archivi-informazioni-regolamentate\/operazioni-straordinarie\/opa-2024\/","title":{"rendered":"OPA &#8211; 2024"},"content":{"rendered":"<div class=\"space space-xl\">\n<\/div>\n\n\n<div class=\"headline container\">\n    <div class=\"col-12\">\n    <h1 class=\"h1 title\">Offerta Pubblica di Acquisto Volontaria Totalitaria (L\u2019\u201cOPA\u201d) di S.G.G. Holding S.p.A. (L\u2019\u201cOFFERENTE\u201d) su Azioni si SAES Getters S.p.A. (LE \u201cAZIONI\u201d)<\/h1>\n\t\t<div class=\"breadcrumbs\">\n\t\t<\/div>  <\/div>\n<\/div>\n\n\n<div class=\"space space-l\">\n<\/div>\n\n\n<!-- Space -->\n<div class=\"space space-solution-m greyed-solution\">\n<\/div>\n<!-- Space -->\n<div class=\"space space-solution-l greyed-solution\">\n<\/div>\n\n\n<div class=\"container\">\n      <div class=\"col-6\">\n      <div>\n        <p>L\u2019Opa, il cui periodo di accettazione inizia solo dopo la pubblicazione del relativo documento di offerta, \u00e8 promossa esclusivamente in Italia in quanto le Azioni sono quotate esclusivamente su Euronext Milan (\u201c<strong>EXM<\/strong>\u201d), segmento Euronext STAR Milan, ed \u00e8 rivolta, a parit\u00e0 di condizioni, a tutti gli azionisti titolari di Azioni.<\/p>\n<p>L\u2019Opa non \u00e8 stata e non sar\u00e0 promossa, n\u00e9 diffusa, direttamente o indirettamente, negli Stati Uniti d\u2019America, Canada, Giappone e Australia, n\u00e9 in ogni altro Stato in cui tale Opa non sia consentita in assenza di autorizzazione da parte delle competenti autorit\u00e0 o altri adempimenti da parte dell\u2019Offerente, o sia in violazione di norme o regolamenti locali (gli \u201c<strong>Altri Paesi<\/strong>\u201d), n\u00e9 utilizzando strumenti di comunicazione o commercio internazionale (ivi inclusi, a titolo esemplificativo, la rete postale, il <em>fax<\/em>, il <em>telex<\/em>, la posta elettronica, il telefono ed <em>internet<\/em>) degli Stati Uniti d\u2019America, Canada, Giappone, Australia o degli Altri Paesi, n\u00e9 attraverso qualsivoglia struttura di alcuno degli intermediari finanziari degli Stati Uniti d\u2019America, Canada, Giappone, Australia o degli Altri Paesi, n\u00e9 in alcun altro modo. Copia del documento di offerta e parte di esso, cos\u00ec come copia di qualsiasi documento relativo all\u2019Opa, non sono e non dovranno essere inviati, n\u00e9 in qualsiasi modo trasmessi, o comunque distribuiti, direttamente o indirettamente, negli Stati Uniti d\u2019America, Canada, Giappone, Australia o negli Altri Paesi. Chiunque riceva i suddetti documenti, non deve e non dovr\u00e0 distribuirli, inviarli o spedirli (n\u00e9 a mezzo di posta, n\u00e9 attraverso alcun altro mezzo o strumento di comunicazione o commercio internazionale) negli Stati Uniti d\u2019America, Canada, Giappone, Australia o negli Altri Paesi.<\/p>\n      <\/div>\n    <\/div>\n        <div class=\"col-6\">\n      <div>\n        <p>Non saranno accettate eventuali adesioni all\u2019Opa conseguenti ad attivit\u00e0 di sollecitazione poste in essere in violazione delle limitazioni di cui sopra.<\/p>\n<p>Il documento di offerta, cos\u00ec come ogni altro documento relativo all\u2019Opa, non costituiscono e non potranno pertanto essere interpretati quali offerta di strumenti finanziari rivolta a soggetti domiciliati e\/o residenti negli Stati Uniti d\u2019America, Canada, Giappone, Australia o negli Altri Paesi. Nessuno strumento pu\u00f2 essere offerto o compravenduto negli Stati Uniti d\u2019America, Canada, Giappone, Australia o negli Altri Paesi in assenza di specifica autorizzazione in conformit\u00e0 alle applicabili disposizioni della legge locale di detti stati o degli Altri Paesi, ovvero in deroga alle medesime disposizioni.<\/p>\n<p>L\u2019adesione all\u2019Opa da parte di soggetti residenti in paesi diversi dall\u2019Italia pu\u00f2 essere soggetta a specifici obblighi o restrizioni previsti dalla normativa applicabile. E\u2019 esclusiva responsabilit\u00e0 dei destinatari dell\u2019Opa conformarsi a tali norme e, pertanto, prima di aderire all\u2019Opa, verificarne l\u2019esistenza e l\u2019applicabilit\u00e0 rivolgendosi ai propri consulenti.<\/p>\n<p>Qualsiasi accettazione dell\u2019Opa effettuata in violazione delle suddette limitazioni non sar\u00e0 accettata. Chiunque desideri esaminare il documento di offerta e ulteriori documenti relativi all\u2019Opa deve leggere attentamente quanto precede e dichiarare e garantire di (i) aver letto, compreso appieno e accettato di conformarsi a tutte le suddette limitazioni, e (ii) non trovarsi e non essere residente e\/o domiciliato negli Stati Uniti d\u2019America, Canada, Giappone, Australia o negli Altri Paesi<\/p>\n              <a class=\"btn\" href=\"https:\/\/www.saesgetters.com\/it\/informazioni-societarie\/archivi-informazioni-regolamentate\/operazioni-straordinarie\/documenti-opa-2024\/\">\n                <span class='the-arrow -left'>\n                  <span class='shaft'><\/span>\n                <\/span>\n                <span class=\"main\">\n                  <span class=\"text\">Accetto<\/span>\n                  <span class='the-arrow -right'>\n                    <span class='shaft'><\/span>\n                  <\/span>\n                <\/span>\n                <span class=\"circle-effect\"><\/span>\n              <\/a>\n                            <a class=\"btn\" href=\"https:\/\/www.saesgetters.com\/it\/informazioni-societarie\/archivi-informazioni-regolamentate\/operazioni-straordinarie\/\">\n                <span class='the-arrow -left'>\n                  <span class='shaft'><\/span>\n                <\/span>\n                <span class=\"main\">\n                  <span class=\"text\">Non accetto<\/span>\n                  <span class='the-arrow -right'>\n                    <span class='shaft'><\/span>\n                  <\/span>\n                <\/span>\n                <span class=\"circle-effect\"><\/span>\n              <\/a>\n                    <\/div>\n    <\/div>\n    <\/div>\n\n\n<div class=\"space space-l\">\n<\/div>\n","protected":false},"excerpt":{"rendered":"","protected":false},"author":7,"featured_media":0,"parent":12520,"menu_order":1,"comment_status":"closed","ping_status":"closed","template":"","meta":{"inline_featured_image":false},"acf":[],"yoast_head":"<!-- This site is optimized with the Yoast SEO plugin v21.7 - https:\/\/yoast.com\/wordpress\/plugins\/seo\/ -->\n<title>OPA - 2024 | SAES Getters<\/title>\n<meta name=\"description\" content=\"Offerta Pubblica di Acquisto Volontaria Totalitaria (L\u2019\u201cOPA\u201d) di S.G.G. Holding S.p.A. (L\u2019\u201cOFFERENTE\u201d) su Azioni si SAES Getters S.p.A. (LE \u201cAZ...\" \/>\n<meta name=\"robots\" content=\"index, follow, max-snippet:-1, max-image-preview:large, max-video-preview:-1\" \/>\n<link rel=\"canonical\" href=\"https:\/\/www.saesgetters.com\/it\/informazioni-societarie\/archivi-informazioni-regolamentate\/operazioni-straordinarie\/opa-2024\/\" \/>\n<meta property=\"og:locale\" content=\"it_IT\" \/>\n<meta property=\"og:type\" content=\"article\" \/>\n<meta property=\"og:title\" content=\"OPA - 2024 | SAES Getters\" \/>\n<meta property=\"og:url\" content=\"https:\/\/www.saesgetters.com\/it\/informazioni-societarie\/archivi-informazioni-regolamentate\/operazioni-straordinarie\/opa-2024\/\" \/>\n<meta property=\"og:site_name\" content=\"SAES Getters\" \/>\n<meta property=\"article:modified_time\" content=\"2025-01-24T13:54:13+00:00\" \/>\n<meta property=\"og:image\" content=\"https:\/\/www.saesgetters.com\/wp-content\/uploads\/2023\/12\/saes-getters-og-image.jpg\" \/>\n\t<meta property=\"og:image:width\" content=\"1200\" \/>\n\t<meta property=\"og:image:height\" content=\"675\" \/>\n\t<meta property=\"og:image:type\" content=\"image\/jpeg\" \/>\n<meta name=\"twitter:card\" content=\"summary_large_image\" \/>\n<script type=\"application\/ld+json\" class=\"yoast-schema-graph\">{\"@context\":\"https:\/\/schema.org\",\"@graph\":[{\"@type\":\"WebPage\",\"@id\":\"https:\/\/www.saesgetters.com\/it\/informazioni-societarie\/archivi-informazioni-regolamentate\/operazioni-straordinarie\/opa-2024\/\",\"url\":\"https:\/\/www.saesgetters.com\/it\/informazioni-societarie\/archivi-informazioni-regolamentate\/operazioni-straordinarie\/opa-2024\/\",\"name\":\"OPA - 2024 | SAES Getters\",\"isPartOf\":{\"@id\":\"https:\/\/www.saesgetters.com\/it\/#website\"},\"datePublished\":\"2024-05-23T20:30:21+00:00\",\"dateModified\":\"2025-01-24T13:54:13+00:00\",\"breadcrumb\":{\"@id\":\"https:\/\/www.saesgetters.com\/it\/informazioni-societarie\/archivi-informazioni-regolamentate\/operazioni-straordinarie\/opa-2024\/#breadcrumb\"},\"inLanguage\":\"it-IT\",\"potentialAction\":[{\"@type\":\"ReadAction\",\"target\":[\"https:\/\/www.saesgetters.com\/it\/informazioni-societarie\/archivi-informazioni-regolamentate\/operazioni-straordinarie\/opa-2024\/\"]}]},{\"@type\":\"BreadcrumbList\",\"@id\":\"https:\/\/www.saesgetters.com\/it\/informazioni-societarie\/archivi-informazioni-regolamentate\/operazioni-straordinarie\/opa-2024\/#breadcrumb\",\"itemListElement\":[{\"@type\":\"ListItem\",\"position\":1,\"name\":\"Home\",\"item\":\"https:\/\/www.saesgetters.com\/it\/\"},{\"@type\":\"ListItem\",\"position\":2,\"name\":\"Informazioni Societarie\",\"item\":\"https:\/\/www.saesgetters.com\/it\/informazioni-societarie\/\"},{\"@type\":\"ListItem\",\"position\":3,\"name\":\"Archivi Informazioni Regolamentate\",\"item\":\"https:\/\/www.saesgetters.com\/it\/informazioni-societarie\/archivi-informazioni-regolamentate\/\"},{\"@type\":\"ListItem\",\"position\":4,\"name\":\"Operazioni Straordinarie\",\"item\":\"https:\/\/www.saesgetters.com\/it\/informazioni-societarie\/archivi-informazioni-regolamentate\/operazioni-straordinarie\/\"},{\"@type\":\"ListItem\",\"position\":5,\"name\":\"OPA &#8211; 2024\"}]},{\"@type\":\"WebSite\",\"@id\":\"https:\/\/www.saesgetters.com\/it\/#website\",\"url\":\"https:\/\/www.saesgetters.com\/it\/\",\"name\":\"SAES Getters\",\"description\":\"Research &amp; Innovation\",\"publisher\":{\"@id\":\"https:\/\/www.saesgetters.com\/it\/#organization\"},\"potentialAction\":[{\"@type\":\"SearchAction\",\"target\":{\"@type\":\"EntryPoint\",\"urlTemplate\":\"https:\/\/www.saesgetters.com\/it\/?s={search_term_string}\"},\"query-input\":\"required name=search_term_string\"}],\"inLanguage\":\"it-IT\"},{\"@type\":\"Organization\",\"@id\":\"https:\/\/www.saesgetters.com\/it\/#organization\",\"name\":\"SAES Getters S.p.A.\",\"alternateName\":\"SAES Getters\",\"url\":\"https:\/\/www.saesgetters.com\/it\/\",\"logo\":{\"@type\":\"ImageObject\",\"inLanguage\":\"it-IT\",\"@id\":\"https:\/\/www.saesgetters.com\/it\/#\/schema\/logo\/image\/\",\"url\":\"https:\/\/www.saesgetters.com\/wp-content\/uploads\/2023\/07\/saes-getters-logo.svg\",\"contentUrl\":\"https:\/\/www.saesgetters.com\/wp-content\/uploads\/2023\/07\/saes-getters-logo.svg\",\"width\":\"1024\",\"height\":\"1024\",\"caption\":\"SAES Getters S.p.A.\"},\"image\":{\"@id\":\"https:\/\/www.saesgetters.com\/it\/#\/schema\/logo\/image\/\"},\"sameAs\":[\"https:\/\/www.linkedin.com\/company\/saes-getters\/\"]}]}<\/script>\n<!-- \/ Yoast SEO plugin. -->","yoast_head_json":{"title":"OPA - 2024 | SAES Getters","description":"Offerta Pubblica di Acquisto Volontaria Totalitaria (L\u2019\u201cOPA\u201d) di S.G.G. Holding S.p.A. (L\u2019\u201cOFFERENTE\u201d) su Azioni si SAES Getters S.p.A. (LE \u201cAZ...","robots":{"index":"index","follow":"follow","max-snippet":"max-snippet:-1","max-image-preview":"max-image-preview:large","max-video-preview":"max-video-preview:-1"},"canonical":"https:\/\/www.saesgetters.com\/it\/informazioni-societarie\/archivi-informazioni-regolamentate\/operazioni-straordinarie\/opa-2024\/","og_locale":"it_IT","og_type":"article","og_title":"OPA - 2024 | SAES Getters","og_url":"https:\/\/www.saesgetters.com\/it\/informazioni-societarie\/archivi-informazioni-regolamentate\/operazioni-straordinarie\/opa-2024\/","og_site_name":"SAES Getters","article_modified_time":"2025-01-24T13:54:13+00:00","og_image":[{"width":1200,"height":675,"url":"https:\/\/www.saesgetters.com\/wp-content\/uploads\/2023\/12\/saes-getters-og-image.jpg","type":"image\/jpeg"}],"twitter_card":"summary_large_image","schema":{"@context":"https:\/\/schema.org","@graph":[{"@type":"WebPage","@id":"https:\/\/www.saesgetters.com\/it\/informazioni-societarie\/archivi-informazioni-regolamentate\/operazioni-straordinarie\/opa-2024\/","url":"https:\/\/www.saesgetters.com\/it\/informazioni-societarie\/archivi-informazioni-regolamentate\/operazioni-straordinarie\/opa-2024\/","name":"OPA - 2024 | SAES Getters","isPartOf":{"@id":"https:\/\/www.saesgetters.com\/it\/#website"},"datePublished":"2024-05-23T20:30:21+00:00","dateModified":"2025-01-24T13:54:13+00:00","breadcrumb":{"@id":"https:\/\/www.saesgetters.com\/it\/informazioni-societarie\/archivi-informazioni-regolamentate\/operazioni-straordinarie\/opa-2024\/#breadcrumb"},"inLanguage":"it-IT","potentialAction":[{"@type":"ReadAction","target":["https:\/\/www.saesgetters.com\/it\/informazioni-societarie\/archivi-informazioni-regolamentate\/operazioni-straordinarie\/opa-2024\/"]}]},{"@type":"BreadcrumbList","@id":"https:\/\/www.saesgetters.com\/it\/informazioni-societarie\/archivi-informazioni-regolamentate\/operazioni-straordinarie\/opa-2024\/#breadcrumb","itemListElement":[{"@type":"ListItem","position":1,"name":"Home","item":"https:\/\/www.saesgetters.com\/it\/"},{"@type":"ListItem","position":2,"name":"Informazioni Societarie","item":"https:\/\/www.saesgetters.com\/it\/informazioni-societarie\/"},{"@type":"ListItem","position":3,"name":"Archivi Informazioni Regolamentate","item":"https:\/\/www.saesgetters.com\/it\/informazioni-societarie\/archivi-informazioni-regolamentate\/"},{"@type":"ListItem","position":4,"name":"Operazioni Straordinarie","item":"https:\/\/www.saesgetters.com\/it\/informazioni-societarie\/archivi-informazioni-regolamentate\/operazioni-straordinarie\/"},{"@type":"ListItem","position":5,"name":"OPA &#8211; 2024"}]},{"@type":"WebSite","@id":"https:\/\/www.saesgetters.com\/it\/#website","url":"https:\/\/www.saesgetters.com\/it\/","name":"SAES Getters","description":"Research &amp; Innovation","publisher":{"@id":"https:\/\/www.saesgetters.com\/it\/#organization"},"potentialAction":[{"@type":"SearchAction","target":{"@type":"EntryPoint","urlTemplate":"https:\/\/www.saesgetters.com\/it\/?s={search_term_string}"},"query-input":"required name=search_term_string"}],"inLanguage":"it-IT"},{"@type":"Organization","@id":"https:\/\/www.saesgetters.com\/it\/#organization","name":"SAES Getters S.p.A.","alternateName":"SAES Getters","url":"https:\/\/www.saesgetters.com\/it\/","logo":{"@type":"ImageObject","inLanguage":"it-IT","@id":"https:\/\/www.saesgetters.com\/it\/#\/schema\/logo\/image\/","url":"https:\/\/www.saesgetters.com\/wp-content\/uploads\/2023\/07\/saes-getters-logo.svg","contentUrl":"https:\/\/www.saesgetters.com\/wp-content\/uploads\/2023\/07\/saes-getters-logo.svg","width":"1024","height":"1024","caption":"SAES Getters S.p.A."},"image":{"@id":"https:\/\/www.saesgetters.com\/it\/#\/schema\/logo\/image\/"},"sameAs":["https:\/\/www.linkedin.com\/company\/saes-getters\/"]}]}},"_links":{"self":[{"href":"https:\/\/www.saesgetters.com\/it\/wp-json\/wp\/v2\/pages\/9339"}],"collection":[{"href":"https:\/\/www.saesgetters.com\/it\/wp-json\/wp\/v2\/pages"}],"about":[{"href":"https:\/\/www.saesgetters.com\/it\/wp-json\/wp\/v2\/types\/page"}],"author":[{"embeddable":true,"href":"https:\/\/www.saesgetters.com\/it\/wp-json\/wp\/v2\/users\/7"}],"replies":[{"embeddable":true,"href":"https:\/\/www.saesgetters.com\/it\/wp-json\/wp\/v2\/comments?post=9339"}],"version-history":[{"count":0,"href":"https:\/\/www.saesgetters.com\/it\/wp-json\/wp\/v2\/pages\/9339\/revisions"}],"up":[{"embeddable":true,"href":"https:\/\/www.saesgetters.com\/it\/wp-json\/wp\/v2\/pages\/12520"}],"wp:attachment":[{"href":"https:\/\/www.saesgetters.com\/it\/wp-json\/wp\/v2\/media?parent=9339"}],"curies":[{"name":"wp","href":"https:\/\/api.w.org\/{rel}","templated":true}]}}