{"id":474,"date":"2023-10-11T15:57:45","date_gmt":"2023-10-11T13:57:45","guid":{"rendered":"https:\/\/www.saesgetters.com\/researchlab\/case-studies\/"},"modified":"2024-03-04T16:49:12","modified_gmt":"2024-03-04T15:49:12","slug":"case-studies","status":"publish","type":"page","link":"https:\/\/www.saesgetters.com\/researchlab\/it\/case-studies\/","title":{"rendered":"Case Studies"},"content":{"rendered":"<div class=\"space space-xl\">\n<\/div>\n<div class=\"headline container\">\n    <div class=\"col-12\">\n    <h1 class=\"h1 title\">Siamo pionieri nella ricerca e nello sviluppo di nuovi processi che permettono di rivelare le eccezionali caratteristiche nascoste dei materiali.<\/h1>\n\t\t<div class=\"breadcrumbs innovation-labs\"><a href=\"https:\/\/www.saesgetters.com\/it\/innovation-labs\/\">Innovation Labs<\/a>\n\t\t<\/div>  <\/div>\n<\/div>\n<div class=\"container\">\n      <div class=\"col-6\">\n      <div>\n              <\/div>\n    <\/div>\n        <div class=\"col-6\">\n      <div>\n        <p>Nei nostri laboratori di ricerca abbiamo sviluppato piattaforme avanzate per funzionalizzare la materia a livello micro e nanoscopico. Attraverso studi scientifici accurati, abbiamo spinto i limiti della conoscenza e applicato la nostra vasta esperienza nell&#8217;innovazione per ridefinire gli standard di ci\u00f2 che \u00e8 fattibile. I nostri esempi pratici dimostrano il valore delle nostre ricerche, evidenziando come abbiamo rivoluzionato diverse industrie grazie alle nostre soluzioni innovative.<\/p>\n      <\/div>\n    <\/div>\n    <\/div>\n<div class=\"space space-l\">\n<\/div>\n<div class=\"container align-items-center product\">\n    <div class=\"col-12\">\n    <div class=\"d-flex flex-wrap\">\n      <div class=\"d-flex align-items-center justify-content-center order-md-2\">\n        <div class=\"overlay-container ratio-4-3\">\n          <p class=\"image-label\">active<\/p>\n            <img decoding=\"async\" src=\"https:\/\/www.saesgetters.com\/researchlab\/wp-content\/uploads\/sites\/6\/2023\/10\/EcoeFISHent-880x660.png\" srcset=\"\" alt=\"SAES Getters | EcoeFISHent\">        <\/div>\n      <\/div>\n      <div class=\"d-flex align-items-center order-md-1\">\n        <div>\n          <h3 class=\"h4 title\">EcoeFISHent<\/h3><p>SAES si \u00e8 concentrata principalmente sullo sviluppo e sulla produzione di barriere biofilm per l&#8217;imballaggio alimentare nell&#8217;ambito del Work Package 4 (Sviluppo e implementazione di sistemi circolari di plastica e bioplastiche). SAES ha sviluppato una formulazione adatta basata su materie prime provenienti dagli scarti dell&#8217;industria ittica che agisce come rivestimento attivo barriera per i prodotti di imballaggio. La formulazione acquosa comprende gelatina, plastificanti naturali, reticolanti e agenti dispersanti. Lo sviluppo e i test di nuovi lacche acquose sono condotti in lotti che vanno da 1 kg a 50 kg.<\/p>\n                <a class=\"btn\" href=\"https:\/\/www.saesgetters.com\/researchlab\/it\/case-studies\/ecoefishent\/\">\n                  <span class='the-arrow -left'>\n                    <span class='shaft'><\/span>\n                  <\/span>\n                  <span class=\"main\">\n                    <span class=\"text\">Scopri di pi\u00f9<\/span>\n                    <span class='the-arrow -right'>\n                      <span class='shaft'><\/span>\n                    <\/span>\n                  <\/span>\n                  <span class=\"circle-effect\"><\/span>\n                <\/a>\n                        <\/div>\n      <\/div>\n    <\/div>\n  <\/div>\n<\/div>\n<div class=\"container align-items-center product\">\n    <div class=\"col-12\">\n    <div class=\"d-flex flex-wrap\">\n      <div class=\"d-flex align-items-center justify-content-center order-md-2\">\n        <div class=\"overlay-container ratio-4-3\">\n          <p class=\"image-label\">inactive<\/p>\n            <img decoding=\"async\" src=\"https:\/\/www.saesgetters.com\/researchlab\/wp-content\/uploads\/sites\/6\/2023\/12\/biodegradable-alloys-880x660.jpg\" srcset=\"\" alt=\"SAES Getters | biodegradable-alloys\">        <\/div>\n      <\/div>\n      <div class=\"d-flex align-items-center order-md-1\">\n        <div>\n          <h3 class=\"h4 title\">Biodegradable Alloys<\/h3><p>Abbiamo creato nuove leghe che si degradano lentamente nel corpo, innescando una risposta naturale dall&#8217;organismo grazie ai loro prodotti di corrosione. Una volta completato il processo di guarigione dei tessuti, si sciolgono completamente, senza lasciare residui impiantistici.<\/p>\n        <\/div>\n      <\/div>\n    <\/div>\n  <\/div>\n<\/div>\n<div class=\"container align-items-center product\">\n    <div class=\"col-12\">\n    <div class=\"d-flex flex-wrap\">\n      <div class=\"d-flex align-items-center justify-content-center order-md-2\">\n        <div class=\"overlay-container ratio-4-3\">\n          <p class=\"image-label\">completed<\/p>\n            <img decoding=\"async\" src=\"https:\/\/www.saesgetters.com\/researchlab\/wp-content\/uploads\/sites\/6\/2023\/10\/Water-barrier-systems-for-high-density-cellulose-880x660.png\" srcset=\"\" alt=\"SAES Getters | Water-barrier-systems-for-high-density-cellulose\">        <\/div>\n      <\/div>\n      <div class=\"d-flex align-items-center order-md-1\">\n        <div>\n          <h3 class=\"h4 title\"> Sistemi di barriera all&#8217;acqua per cellulosa ad alta densit\u00e0<\/h3><p> Abbiamo ottimizzato sistemi di barriera all&#8217;acqua per cellulosa ad alta densit\u00e0. Applicando rivestimenti e migliorando le propriet\u00e0 delle fibre di cellulosa, abbiamo reso questi materiali ancora pi\u00f9 adatti per applicazioni ermetiche. Attraverso numerosi test, abbiamo sviluppato soluzioni di barriera all&#8217;acqua altamente efficaci ed efficienti per la cellulosa ad alta densit\u00e0.<\/p>\n        <\/div>\n      <\/div>\n    <\/div>\n  <\/div>\n<\/div>\n<div class=\"container align-items-center product\">\n    <div class=\"col-12\">\n    <div class=\"d-flex flex-wrap\">\n      <div class=\"d-flex align-items-center justify-content-center order-md-2\">\n        <div class=\"overlay-container ratio-4-3\">\n          <p class=\"image-label\">active<\/p>\n            <img decoding=\"async\" src=\"https:\/\/www.saesgetters.com\/researchlab\/wp-content\/uploads\/sites\/6\/2023\/10\/Nanosponges-for-Water-Capture-880x660.png\" srcset=\"\" alt=\"SAES Getters | Nanosponges-for-Water-Capture\">        <\/div>\n      <\/div>\n      <div class=\"d-flex align-items-center order-md-1\">\n        <div>\n          <h3 class=\"h4 title\">Nanosponge per la cattura dell&#8217;acqua<\/h3><p>Abbiamo completato con successo un progetto di dottorato in collaborazione con l&#8217;Universit\u00e0 di Pavia, incentrato sullo sviluppo di &#8220;Nanosponge per la cattura dell&#8217;acqua come rivestimenti innovativi per dispositivi flessibili sostenibili e ecologici&#8221;. Attualmente stiamo esplorando nuovi sistemi adsorbenti che possono essere integrati nei layout di incapsulamento per dispositivi elettronici organici.<\/p>\n        <\/div>\n      <\/div>\n    <\/div>\n  <\/div>\n<\/div>\n<div class=\"container align-items-center product\">\n    <div class=\"col-12\">\n    <div class=\"d-flex flex-wrap\">\n      <div class=\"d-flex align-items-center justify-content-center order-md-2\">\n        <div class=\"overlay-container ratio-4-3\">\n          <p class=\"image-label\">inactive<\/p>\n            <img decoding=\"async\" src=\"https:\/\/www.saesgetters.com\/researchlab\/wp-content\/uploads\/sites\/6\/2023\/11\/High-Temperature-SMA-880x660.jpg\" srcset=\"\" alt=\"SAES Getters | High-Temperature-SMA\">        <\/div>\n      <\/div>\n      <div class=\"d-flex align-items-center order-md-1\">\n        <div>\n          <h3 class=\"h4 title\">HT-SMAs<\/h3><p>Abbiamo creato nuove leghe a memoria di forma ad alta temperatura che hanno aperto nuove prospettive in vari settori, come l&#8217;automotive e l&#8217;aerospaziale.<\/p>\n                <a class=\"btn\" href=\"https:\/\/www.saesgetters.com\/researchlab\/it\/case-studies\/ht-smas\/\">\n                  <span class='the-arrow -left'>\n                    <span class='shaft'><\/span>\n                  <\/span>\n                  <span class=\"main\">\n                    <span class=\"text\">Scopri di pi\u00f9<\/span>\n                    <span class='the-arrow -right'>\n                      <span class='shaft'><\/span>\n                    <\/span>\n                  <\/span>\n                  <span class=\"circle-effect\"><\/span>\n                <\/a>\n                        <\/div>\n      <\/div>\n    <\/div>\n  <\/div>\n<\/div>\n<div class=\"container align-items-center product\">\n    <div class=\"col-12\">\n    <div class=\"d-flex flex-wrap\">\n      <div class=\"d-flex align-items-center justify-content-center order-md-2\">\n        <div class=\"overlay-container ratio-4-3\">\n          <p class=\"image-label\">inactive<\/p>\n            <img decoding=\"async\" src=\"https:\/\/www.saesgetters.com\/researchlab\/wp-content\/uploads\/sites\/6\/2023\/11\/nitinol-additive-manufacturing-880x660.jpg\" srcset=\"\" alt=\"SAES Getters | nitinol-additive-manufacturing\">        <\/div>\n      <\/div>\n      <div class=\"d-flex align-items-center order-md-1\">\n        <div>\n          <h3 class=\"h4 title\">Nitinol Additive Manufacturing<\/h3><p>SAES ha collaborato con il Politecnico di Milano per esplorare l&#8217;utilizzo della Manifattura Additiva (AM) per la fabbricazione del Nitinol. Questo progetto ha coinvolto la sperimentazione delle tecniche di Deposizione Metallica con Laser (LMD) e Deposizione di Filo Metallico con Laser (LMWD) per creare forme complesse, personalizzate e a densit\u00e0 variabile di Nitinol. Attraverso questa collaborazione, abbiamo sbloccato il potenziale della tecnologia AM nel raggiungere geometrie intricate e libert\u00e0 di design per i componenti in Nitinol.<\/p>\n        <\/div>\n      <\/div>\n    <\/div>\n  <\/div>\n<\/div>\n<div class=\"container align-items-center product\">\n    <div class=\"col-12\">\n    <div class=\"d-flex flex-wrap\">\n      <div class=\"d-flex align-items-center justify-content-center order-md-2\">\n        <div class=\"overlay-container ratio-4-3\">\n          <p class=\"image-label\">active<\/p>\n            <img decoding=\"async\" src=\"https:\/\/www.saesgetters.com\/researchlab\/wp-content\/uploads\/sites\/6\/2023\/11\/Advanced-ZAO-alloy-for-Nuclear-Fusion-880x660.jpg\" srcset=\"\" alt=\"SAES Getters | Advanced-ZAO-alloy-for-Nuclear-Fusion\">        <\/div>\n      <\/div>\n      <div class=\"d-flex align-items-center order-md-1\">\n        <div>\n          <h3 class=\"h4 title\">Advanced ZAO alloy for Nuclear Fusion<\/h3><p>SAES ha sviluppato un avanzato materiale getter sinterizzato per le pompe NEG impiegate nella ricerca sulla fusione nucleare. Ottimizzare i tempi di rigenerazione e considerare gli aspetti termici \u00e8 essenziale per rendere praticabile l&#8217;utilizzo del getter in progetti come SPIDER e nelle prossime installazioni su macchine sia nuove (ad esempio, DTT) che esistenti (come MAST, W7-X, ecc.). SAES ha superato tali sfide per potenziare le performance e l&#8217;efficienza del materiale getter nei reattori a fusione.<\/p>\n        <\/div>\n      <\/div>\n    <\/div>\n  <\/div>\n<\/div>\n<div class=\"container align-items-center product\">\n    <div class=\"col-12\">\n    <div class=\"d-flex flex-wrap\">\n      <div class=\"d-flex align-items-center justify-content-center order-md-2\">\n        <div class=\"overlay-container ratio-4-3\">\n          <p class=\"image-label\">completed<\/p>\n            <img decoding=\"async\" src=\"https:\/\/www.saesgetters.com\/researchlab\/wp-content\/uploads\/sites\/6\/2023\/12\/Nanoporous-Crystalline-Polymers-880x660.png\" srcset=\"\" alt=\"SAES Getters | Nanoporous-Crystalline-Polymers\">        <\/div>\n      <\/div>\n      <div class=\"d-flex align-items-center order-md-1\">\n        <div>\n          <h3 class=\"h4 title\">Nanoporous Crystalline Polymers<\/h3><p> SAES ha avviato un progetto collaborativo con l&#8217;Universit\u00e0 di Salerno, guidato dal Professor Guerra, per studiare le caratteristiche e le prestazioni dei polimeri nanoporosi. L&#8217;obiettivo principale era sviluppare pellicole polimeriche in grado di mostrare nanoporosit\u00e0, consentendo un ospitaggio efficiente e il rilascio controllato di molecole attive. Questi nanopori offrono interessanti opportunit\u00e0 per applicazioni avanzate in vari settori, tra cui la distribuzione di farmaci, la catalisi e le tecnologie dei sensori.<\/p>\n        <\/div>\n      <\/div>\n    <\/div>\n  <\/div>\n<\/div>\n<div class=\"container align-items-center product\">\n    <div class=\"col-12\">\n    <div class=\"d-flex flex-wrap\">\n      <div class=\"d-flex align-items-center justify-content-center order-md-2\">\n        <div class=\"overlay-container ratio-4-3\">\n          <p class=\"image-label\">completed<\/p>\n            <img decoding=\"async\" src=\"https:\/\/www.saesgetters.com\/researchlab\/wp-content\/uploads\/sites\/6\/2023\/10\/SUNFLOWER-880x660.png\" srcset=\"\" alt=\"SAES Getters | SUNFLOWER\">        <\/div>\n      <\/div>\n      <div class=\"d-flex align-items-center order-md-1\">\n        <div>\n          <h3 class=\"h4 title\">SUNFLOWER<\/h3><p>Come parte di un progetto europeo, abbiamo contribuito allo sviluppo di moduli fotovoltaici organici flessibili con un ciclo di vita eccezionale di 20 anni. La nostra innovazione si concentra sulla realizzazione di un sistema di incapsulamento ad alta barriera che supera le tecnologie attuali. Grazie al nostro design multistrato avanzato, abbiamo migliorato significativamente la durata e l&#8217;affidabilit\u00e0 di questi moduli solari.a multistrato, abbiamo aumentato con successo la longevit\u00e0 e l&#8217;affidabilit\u00e0 di questi moduli solari.<\/p>\n        <\/div>\n      <\/div>\n    <\/div>\n  <\/div>\n<\/div>\n<div class=\"container align-items-center product\">\n    <div class=\"col-12\">\n    <div class=\"d-flex flex-wrap\">\n      <div class=\"d-flex align-items-center justify-content-center order-md-2\">\n        <div class=\"overlay-container ratio-4-3\">\n          <p class=\"image-label\">completed<\/p>\n            <img decoding=\"async\" src=\"https:\/\/www.saesgetters.com\/researchlab\/wp-content\/uploads\/sites\/6\/2023\/12\/Active-packaging-for-chocolate-880x660.png\" srcset=\"\" alt=\"SAES Getters | Active-packaging-for-chocolate\">        <\/div>\n      <\/div>\n      <div class=\"d-flex align-items-center order-md-1\">\n        <div>\n          <h3 class=\"h4 title\">Active packaging for chocolate<\/h3><p>Il nostro studio ha esaminato i meccanismi di degradazione delle tavolette di cioccolato fondente con pasta di nocciole. Attraverso approfondite analisi di caratterizzazione, abbiamo valutato la porosit\u00e0, i polifenoli, gli acidi grassi, l&#8217;Hesanal, i composti dicarbonilici, il profilo metabolico e il contenuto di umidit\u00e0. Sfruttando questi risultati, abbiamo sviluppato una soluzione antiossidante per modificare la degradazione del cioccolato e preservarne i sapori naturali. Integrando questa soluzione nell&#8217;imballaggio flessibile, miriamo a prolungare la durata di conservazione e migliorare l&#8217;esperienza sensoriale.<\/p>\n        <\/div>\n      <\/div>\n    <\/div>\n  <\/div>\n<\/div>\n<div class=\"space space-xl\">\n<\/div>\n","protected":false},"excerpt":{"rendered":"","protected":false},"author":2,"featured_media":0,"parent":0,"menu_order":0,"comment_status":"closed","ping_status":"closed","template":"","meta":{"inline_featured_image":false},"acf":[],"yoast_head":"<!-- This site is optimized with the Yoast SEO plugin v21.7 - https:\/\/yoast.com\/wordpress\/plugins\/seo\/ -->\n<title>Case Studies | ResearchLab<\/title>\n<meta name=\"description\" content=\"Siamo pionieri nella ricerca e nello sviluppo di nuovi processi che permettono di rivelare le eccezionali caratteristiche nascoste dei materiali.\" \/>\n<meta name=\"robots\" content=\"index, follow, max-snippet:-1, max-image-preview:large, max-video-preview:-1\" \/>\n<link rel=\"canonical\" href=\"https:\/\/www.saesgetters.com\/researchlab\/it\/case-studies\/\" \/>\n<meta property=\"og:locale\" content=\"it_IT\" \/>\n<meta property=\"og:type\" content=\"article\" \/>\n<meta property=\"og:title\" content=\"Case Studies | ResearchLab\" \/>\n<meta property=\"og:url\" content=\"https:\/\/www.saesgetters.com\/researchlab\/it\/case-studies\/\" \/>\n<meta property=\"og:site_name\" content=\"ResearchLab\" \/>\n<meta property=\"article:modified_time\" content=\"2024-03-04T15:49:12+00:00\" \/>\n<meta property=\"og:image\" content=\"https:\/\/www.saesgetters.com\/researchlab\/wp-content\/uploads\/sites\/6\/2023\/12\/ResearchLab-og-image.jpg\" \/>\n\t<meta property=\"og:image:width\" content=\"1200\" \/>\n\t<meta property=\"og:image:height\" content=\"675\" \/>\n\t<meta property=\"og:image:type\" content=\"image\/jpeg\" \/>\n<meta name=\"twitter:card\" content=\"summary_large_image\" \/>\n<script type=\"application\/ld+json\" class=\"yoast-schema-graph\">{\"@context\":\"https:\/\/schema.org\",\"@graph\":[{\"@type\":\"WebPage\",\"@id\":\"https:\/\/www.saesgetters.com\/researchlab\/it\/case-studies\/\",\"url\":\"https:\/\/www.saesgetters.com\/researchlab\/it\/case-studies\/\",\"name\":\"Case Studies | ResearchLab\",\"isPartOf\":{\"@id\":\"https:\/\/www.saesgetters.com\/researchlab\/it\/#website\"},\"datePublished\":\"2023-10-11T13:57:45+00:00\",\"dateModified\":\"2024-03-04T15:49:12+00:00\",\"breadcrumb\":{\"@id\":\"https:\/\/www.saesgetters.com\/researchlab\/it\/case-studies\/#breadcrumb\"},\"inLanguage\":\"it-IT\",\"potentialAction\":[{\"@type\":\"ReadAction\",\"target\":[\"https:\/\/www.saesgetters.com\/researchlab\/it\/case-studies\/\"]}]},{\"@type\":\"BreadcrumbList\",\"@id\":\"https:\/\/www.saesgetters.com\/researchlab\/it\/case-studies\/#breadcrumb\",\"itemListElement\":[{\"@type\":\"ListItem\",\"position\":1,\"name\":\"Home\",\"item\":\"https:\/\/www.saesgetters.com\/researchlab\/it\/\"},{\"@type\":\"ListItem\",\"position\":2,\"name\":\"Case Studies\"}]},{\"@type\":\"WebSite\",\"@id\":\"https:\/\/www.saesgetters.com\/researchlab\/it\/#website\",\"url\":\"https:\/\/www.saesgetters.com\/researchlab\/it\/\",\"name\":\"SAES ResearchLab\",\"description\":\"Innovation Labs\",\"publisher\":{\"@id\":\"https:\/\/www.saesgetters.com\/researchlab\/it\/#organization\"},\"potentialAction\":[{\"@type\":\"SearchAction\",\"target\":{\"@type\":\"EntryPoint\",\"urlTemplate\":\"https:\/\/www.saesgetters.com\/researchlab\/it\/?s={search_term_string}\"},\"query-input\":\"required name=search_term_string\"}],\"inLanguage\":\"it-IT\"},{\"@type\":\"Organization\",\"@id\":\"https:\/\/www.saesgetters.com\/researchlab\/it\/#organization\",\"name\":\"SAES Getters S.p.A.\",\"alternateName\":\"SAES Getters\",\"url\":\"https:\/\/www.saesgetters.com\/researchlab\/it\/\",\"logo\":{\"@type\":\"ImageObject\",\"inLanguage\":\"it-IT\",\"@id\":\"https:\/\/www.saesgetters.com\/researchlab\/it\/#\/schema\/logo\/image\/\",\"url\":\"https:\/\/www.saesgetters.com\/researchlab\/wp-content\/uploads\/sites\/6\/2024\/01\/saes-getters-logo.svg\",\"contentUrl\":\"https:\/\/www.saesgetters.com\/researchlab\/wp-content\/uploads\/sites\/6\/2024\/01\/saes-getters-logo.svg\",\"width\":\"1024\",\"height\":\"1024\",\"caption\":\"SAES Getters S.p.A.\"},\"image\":{\"@id\":\"https:\/\/www.saesgetters.com\/researchlab\/it\/#\/schema\/logo\/image\/\"},\"sameAs\":[\"https:\/\/www.linkedin.com\/company\/saes-getters\/\"]}]}<\/script>\n<!-- \/ Yoast SEO plugin. -->","yoast_head_json":{"title":"Case Studies | ResearchLab","description":"Siamo pionieri nella ricerca e nello sviluppo di nuovi processi che permettono di rivelare le eccezionali caratteristiche nascoste dei materiali.","robots":{"index":"index","follow":"follow","max-snippet":"max-snippet:-1","max-image-preview":"max-image-preview:large","max-video-preview":"max-video-preview:-1"},"canonical":"https:\/\/www.saesgetters.com\/researchlab\/it\/case-studies\/","og_locale":"it_IT","og_type":"article","og_title":"Case Studies | ResearchLab","og_url":"https:\/\/www.saesgetters.com\/researchlab\/it\/case-studies\/","og_site_name":"ResearchLab","article_modified_time":"2024-03-04T15:49:12+00:00","og_image":[{"width":1200,"height":675,"url":"https:\/\/www.saesgetters.com\/researchlab\/wp-content\/uploads\/sites\/6\/2023\/12\/ResearchLab-og-image.jpg","type":"image\/jpeg"}],"twitter_card":"summary_large_image","schema":{"@context":"https:\/\/schema.org","@graph":[{"@type":"WebPage","@id":"https:\/\/www.saesgetters.com\/researchlab\/it\/case-studies\/","url":"https:\/\/www.saesgetters.com\/researchlab\/it\/case-studies\/","name":"Case Studies | ResearchLab","isPartOf":{"@id":"https:\/\/www.saesgetters.com\/researchlab\/it\/#website"},"datePublished":"2023-10-11T13:57:45+00:00","dateModified":"2024-03-04T15:49:12+00:00","breadcrumb":{"@id":"https:\/\/www.saesgetters.com\/researchlab\/it\/case-studies\/#breadcrumb"},"inLanguage":"it-IT","potentialAction":[{"@type":"ReadAction","target":["https:\/\/www.saesgetters.com\/researchlab\/it\/case-studies\/"]}]},{"@type":"BreadcrumbList","@id":"https:\/\/www.saesgetters.com\/researchlab\/it\/case-studies\/#breadcrumb","itemListElement":[{"@type":"ListItem","position":1,"name":"Home","item":"https:\/\/www.saesgetters.com\/researchlab\/it\/"},{"@type":"ListItem","position":2,"name":"Case Studies"}]},{"@type":"WebSite","@id":"https:\/\/www.saesgetters.com\/researchlab\/it\/#website","url":"https:\/\/www.saesgetters.com\/researchlab\/it\/","name":"SAES ResearchLab","description":"Innovation Labs","publisher":{"@id":"https:\/\/www.saesgetters.com\/researchlab\/it\/#organization"},"potentialAction":[{"@type":"SearchAction","target":{"@type":"EntryPoint","urlTemplate":"https:\/\/www.saesgetters.com\/researchlab\/it\/?s={search_term_string}"},"query-input":"required name=search_term_string"}],"inLanguage":"it-IT"},{"@type":"Organization","@id":"https:\/\/www.saesgetters.com\/researchlab\/it\/#organization","name":"SAES Getters S.p.A.","alternateName":"SAES Getters","url":"https:\/\/www.saesgetters.com\/researchlab\/it\/","logo":{"@type":"ImageObject","inLanguage":"it-IT","@id":"https:\/\/www.saesgetters.com\/researchlab\/it\/#\/schema\/logo\/image\/","url":"https:\/\/www.saesgetters.com\/researchlab\/wp-content\/uploads\/sites\/6\/2024\/01\/saes-getters-logo.svg","contentUrl":"https:\/\/www.saesgetters.com\/researchlab\/wp-content\/uploads\/sites\/6\/2024\/01\/saes-getters-logo.svg","width":"1024","height":"1024","caption":"SAES Getters S.p.A."},"image":{"@id":"https:\/\/www.saesgetters.com\/researchlab\/it\/#\/schema\/logo\/image\/"},"sameAs":["https:\/\/www.linkedin.com\/company\/saes-getters\/"]}]}},"_links":{"self":[{"href":"https:\/\/www.saesgetters.com\/researchlab\/it\/wp-json\/wp\/v2\/pages\/474"}],"collection":[{"href":"https:\/\/www.saesgetters.com\/researchlab\/it\/wp-json\/wp\/v2\/pages"}],"about":[{"href":"https:\/\/www.saesgetters.com\/researchlab\/it\/wp-json\/wp\/v2\/types\/page"}],"author":[{"embeddable":true,"href":"https:\/\/www.saesgetters.com\/researchlab\/it\/wp-json\/wp\/v2\/users\/2"}],"replies":[{"embeddable":true,"href":"https:\/\/www.saesgetters.com\/researchlab\/it\/wp-json\/wp\/v2\/comments?post=474"}],"version-history":[{"count":5,"href":"https:\/\/www.saesgetters.com\/researchlab\/it\/wp-json\/wp\/v2\/pages\/474\/revisions"}],"predecessor-version":[{"id":496,"href":"https:\/\/www.saesgetters.com\/researchlab\/it\/wp-json\/wp\/v2\/pages\/474\/revisions\/496"}],"wp:attachment":[{"href":"https:\/\/www.saesgetters.com\/researchlab\/it\/wp-json\/wp\/v2\/media?parent=474"}],"curies":[{"name":"wp","href":"https:\/\/api.w.org\/{rel}","templated":true}]}}